{"id":2278,"date":"2019-07-31T10:55:27","date_gmt":"2019-07-31T08:55:27","guid":{"rendered":"http:\/\/www.runakay-travel.com\/?page_id=2278"},"modified":"2023-02-04T17:07:43","modified_gmt":"2023-02-04T16:07:43","slug":"bolivia","status":"publish","type":"page","link":"http:\/\/www.runakay-travel.com\/de\/bolivia\/","title":{"rendered":"BOLIVIA"},"content":{"rendered":"<div id=\"pl-2278\"  class=\"panel-layout\" ><div id=\"pg-2278-0\"  class=\"panel-grid panel-no-style\" ><div id=\"pgc-2278-0-0\"  class=\"panel-grid-cell\" ><div id=\"panel-2278-0-0-0\" class=\"so-panel widget widget_pw_special_title widget-special-title panel-first-child panel-last-child\" data-index=\"0\" >\t\t\t<h2 class=\"special-title\">\n\t\t\t\tBOLIVIA\t\t\t<\/h2>\n\t\t<\/div><\/div><\/div><div id=\"pg-2278-1\"  class=\"panel-grid panel-no-style\" ><div id=\"pgc-2278-1-0\"  class=\"panel-grid-cell panel-grid-cell-empty\" ><\/div><\/div><div id=\"pg-2278-2\"  class=\"panel-grid panel-no-style\" ><div id=\"pgc-2278-2-0\"  class=\"panel-grid-cell\" ><div id=\"panel-2278-2-0-0\" class=\"so-panel widget widget_pw_image_banner widget-image-banner panel-first-child panel-last-child\" data-index=\"1\" >\t\t\t\t\t\t\t\t\t<a href=\"http:\/\/www.runakay-travel.com\/bolivia\" target=\"_self\" class=\"image-banner\">\n\t\t\t\t\t\t\t\t\t<img class=\"img-fluid  image-banner__image\" src=\"http:\/\/www.runakay-travel.com\/wp-content\/uploads\/2019\/07\/Bolivia1.jpg\" alt=\"ESPA\u00d1OL\">\n\t\t\t\t\t<div class=\"image-banner__content  image-banner__content--normal\">\n\t\t\t\t\t\t<div class=\"h3  image-banner__title\" style=\"color: #ffffff\">\n\t\t\t\t\t\t\tESPA\u00d1OL\t\t\t\t\t\t<\/div>\n\t\t\t\t\t\t\t\t\t\t\t\t\t\t\t\t\t<\/div>\n\t\t\t\t\t\t\t\t\t<\/a>\n\t\t\t\t\t\t\t<\/div><\/div><div id=\"pgc-2278-2-1\"  class=\"panel-grid-cell\" ><div id=\"panel-2278-2-1-0\" class=\"so-panel widget widget_pw_image_banner widget-image-banner panel-first-child panel-last-child\" data-index=\"2\" >\t\t\t\t\t\t\t\t\t<a href=\"http:\/\/www.runakay-travel.com\/bolivia\" target=\"_self\" class=\"image-banner\">\n\t\t\t\t\t\t\t\t\t<img class=\"img-fluid  image-banner__image\" src=\"http:\/\/www.runakay-travel.com\/wp-content\/uploads\/2019\/07\/Bolivia2.jpg\" alt=\"ENGLISH\">\n\t\t\t\t\t<div class=\"image-banner__content  image-banner__content--normal\">\n\t\t\t\t\t\t<div class=\"h3  image-banner__title\" style=\"color: #ffffff\">\n\t\t\t\t\t\t\tENGLISH\t\t\t\t\t\t<\/div>\n\t\t\t\t\t\t\t\t\t\t\t\t\t\t\t\t\t<\/div>\n\t\t\t\t\t\t\t\t\t<\/a>\n\t\t\t\t\t\t\t<\/div><\/div><div id=\"pgc-2278-2-2\"  class=\"panel-grid-cell\" ><div id=\"panel-2278-2-2-0\" class=\"so-panel widget widget_pw_image_banner widget-image-banner panel-first-child panel-last-child\" data-index=\"3\" >\t\t\t\t\t\t\t\t\t<a href=\"http:\/\/www.runakay-travel.com\/bolivia\" target=\"_self\" class=\"image-banner\">\n\t\t\t\t\t\t\t\t\t<img class=\"img-fluid  image-banner__image\" src=\"http:\/\/www.runakay-travel.com\/wp-content\/uploads\/2019\/07\/Bolivia3.jpg\" alt=\"DEUTSCH\">\n\t\t\t\t\t<div class=\"image-banner__content  image-banner__content--normal\">\n\t\t\t\t\t\t<div class=\"h3  image-banner__title\" style=\"color: #ffffff\">\n\t\t\t\t\t\t\tDEUTSCH\t\t\t\t\t\t<\/div>\n\t\t\t\t\t\t\t\t\t\t\t\t\t\t\t\t\t<\/div>\n\t\t\t\t\t\t\t\t\t<\/a>\n\t\t\t\t\t\t\t<\/div><\/div><\/div><div id=\"pg-2278-3\"  class=\"panel-grid panel-no-style\" ><div id=\"pgc-2278-3-0\"  class=\"panel-grid-cell\" ><div id=\"panel-2278-3-0-0\" class=\"so-panel widget widget_sow-editor panel-first-child panel-last-child\" data-index=\"4\" ><div class=\"so-widget-sow-editor so-widget-sow-editor-base\">\n<div class=\"siteorigin-widget-tinymce textwidget\">\n\t<p><span class=\"HwtZe\" lang=\"es\"><span class=\"jCAhz ChMk0b\"><span class=\"ryNqvb\">Las restricciones de viaje causadas por Covid nos han presentado grandes desaf\u00edos.<\/span><\/span> <span class=\"jCAhz ChMk0b\"><span class=\"ryNqvb\">Por esta raz\u00f3n, hemos decidido eliminar temporalmente los viajes hacia y dentro de Bolivia.<\/span><\/span> <span class=\"jCAhz ChMk0b\"><span class=\"ryNqvb\">Est\u00e1 previsto que las excursiones se puedan reservar de nuevo durante el a\u00f1o 2023.<\/span><\/span><\/span><\/p>\n<p><span class=\"HwtZe\" lang=\"en\"><span class=\"jCAhz ChMk0b\"><span class=\"ryNqvb\">The travel restrictions caused by Covid have presented us with major challenges.<\/span><\/span> <span class=\"jCAhz ChMk0b\"><span class=\"ryNqvb\">For this reason, we have decided to temporarily remove trips to and within Bolivia from the program.<\/span><\/span> <span class=\"jCAhz ChMk0b\"><span class=\"ryNqvb\">It is planned that the excursions will be bookable again in the course of 2023.<\/span><\/span><\/span><\/p>\n<p>Die durch Covid bedingten Reisebeschr\u00e4nkungen haben uns vor gro\u00dfe Herausforderungen gestellt. Aus diesem Grund haben wir dazu entschieden, die Reisen nach und innerhalb Boliviens vor\u00fcbergehend aus dem Programm zu nehmen. Es ist geplant, dass die Exkursionen im Laufe des Jahres 2023 wieder buchbar sind.<\/p>\n<\/div>\n<\/div><\/div><\/div><\/div><\/div>","protected":false},"excerpt":{"rendered":"<p>BOLIVIA ESPA\u00d1OL ENGLISH DEUTSCH Las restricciones de viaje causadas por Covid nos han presentado grandes desaf\u00edos. Por esta raz\u00f3n, hemos decidido eliminar temporalmente los viajes hacia y dentro de Bolivia. Est\u00e1 previsto que las excursiones se puedan reservar de nuevo durante el a\u00f1o 2023. The travel restrictions caused by Covid have presented us with major &hellip;<\/p>\n","protected":false},"author":1,"featured_media":0,"parent":0,"menu_order":0,"comment_status":"closed","ping_status":"closed","template":"","meta":[],"_links":{"self":[{"href":"http:\/\/www.runakay-travel.com\/de\/wp-json\/wp\/v2\/pages\/2278"}],"collection":[{"href":"http:\/\/www.runakay-travel.com\/de\/wp-json\/wp\/v2\/pages"}],"about":[{"href":"http:\/\/www.runakay-travel.com\/de\/wp-json\/wp\/v2\/types\/page"}],"author":[{"embeddable":true,"href":"http:\/\/www.runakay-travel.com\/de\/wp-json\/wp\/v2\/users\/1"}],"replies":[{"embeddable":true,"href":"http:\/\/www.runakay-travel.com\/de\/wp-json\/wp\/v2\/comments?post=2278"}],"version-history":[{"count":15,"href":"http:\/\/www.runakay-travel.com\/de\/wp-json\/wp\/v2\/pages\/2278\/revisions"}],"predecessor-version":[{"id":8543,"href":"http:\/\/www.runakay-travel.com\/de\/wp-json\/wp\/v2\/pages\/2278\/revisions\/8543"}],"wp:attachment":[{"href":"http:\/\/www.runakay-travel.com\/de\/wp-json\/wp\/v2\/media?parent=2278"}],"curies":[{"name":"wp","href":"https:\/\/api.w.org\/{rel}","templated":true}]}}