{"id":2513,"date":"2019-08-03T10:16:31","date_gmt":"2019-08-03T08:16:31","guid":{"rendered":"http:\/\/www.runakay-travel.com\/?page_id=2513"},"modified":"2023-06-28T15:21:49","modified_gmt":"2023-06-28T13:21:49","slug":"asiade","status":"publish","type":"page","link":"http:\/\/www.runakay-travel.com\/de\/asia\/asiade\/","title":{"rendered":"ASIEN"},"content":{"rendered":"<div id=\"pl-2513\"  class=\"panel-layout\" ><div id=\"pg-2513-0\"  class=\"panel-grid panel-no-style\" ><div id=\"pgc-2513-0-0\"  class=\"panel-grid-cell\" ><div id=\"panel-2513-0-0-0\" class=\"so-panel widget widget_pw_special_title widget-special-title panel-first-child panel-last-child\" data-index=\"0\" >\t\t\t<h2 class=\"special-title\">\n\t\t\t\tBHUTAN\t\t\t<\/h2>\n\t\t<\/div><\/div><\/div><div id=\"pg-2513-1\"  class=\"panel-grid panel-no-style\" ><div id=\"pgc-2513-1-0\"  class=\"panel-grid-cell panel-grid-cell-empty\" ><\/div><\/div><div id=\"pg-2513-2\"  class=\"panel-grid panel-no-style\" ><div id=\"pgc-2513-2-0\"  class=\"panel-grid-cell\" ><div id=\"panel-2513-2-0-0\" class=\"so-panel widget widget_pw_special_offer widget-special-offer panel-first-child panel-last-child\" data-index=\"1\" >\t\t\t\t<div class=\"special-offer\">\n\t\t\t\t\t<div class=\"special-offer__image\">\n\t\t\t\t\t\t<img class=\"img-fluid\" src=\"http:\/\/www.runakay-travel.com\/wp-content\/uploads\/2019\/08\/Bhutan1_Runakay-Travel-Altitudes-Bolivia-KM-Turismo.jpg\" alt=\"BHUTAN - im Land der gl\u00fccklichen Menschen\">\n\t\t\t\t\t\t<div class=\"special-offer__location\">\n\t\t\t\t\t\t\t<i class=\"fa \" aria-hidden=\"true\"><\/i> \t\t\t\t\t\t<\/div>\n\t\t\t\t\t<\/div>\n\t\t\t\t\t<div class=\"special-offer__content\">\n\t\t\t\t\t\t\t\t\t\t\t\t\t<div class=\"special-offer__price\">\n\t\t\t\t\t\t\t\tab 449,- US$ pro Tag\t\t\t\t\t\t\t<\/div>\n\t\t\t\t\t\t\t\t\t\t\t\t\t\t\t\t\t\t\t<div class=\"special-offer__label\">\n\t\t\t\t\t\t\t\tNatur und Kultur\t\t\t\t\t\t\t<\/div>\n\t\t\t\t\t\t\t\t\t\t\t\t\t\t\t\t\t\t\t<p class=\"h4  special-offer__title\">\n\t\t\t\t\t\t\t\tBHUTAN - im Land der gl\u00fccklichen Menschen\t\t\t\t\t\t\t<\/p>\n\t\t\t\t\t\t\t\t\t\t\t\t\t\t\t\t\t\t\t<p class=\"special-offer__text\">\n\t\t\t\t\t\t\t\tDas einzigartige Erlebnis im Herzen des Himalayas.\t\t\t\t\t\t\t<\/p>\n\t\t\t\t\t\t\t\t\t\t\t\t\t\t\t\t\t\t\t<a href=\"http:\/\/www.runakay-travel.com\/asia\/asiade\/bhutande\" target=\"_self\" class=\"btn  btn-primary  btn-outline-primary  special-offer__cta\">Unsere Reisen nach Bhutan<\/a>\n\t\t\t\t\t\t\t\t\t\t\t<\/div>\n\t\t\t\t<\/div>\n\n\t\t\t<\/div><\/div><div id=\"pgc-2513-2-1\"  class=\"panel-grid-cell\" ><div id=\"panel-2513-2-1-0\" class=\"so-panel widget widget_sow-editor panel-first-child\" data-index=\"2\" ><div class=\"so-widget-sow-editor so-widget-sow-editor-base\">\n<div class=\"siteorigin-widget-tinymce textwidget\">\n\t<p><a href=\"http:\/\/www.runakay-travel.com\/wp-content\/uploads\/2019\/08\/Bhutan3_Runakay-Travel-Altitudes-Bolivia-KM-Turismo.jpg\"><img decoding=\"async\" loading=\"lazy\" class=\"alignnone size-medium wp-image-2308\" src=\"http:\/\/www.runakay-travel.com\/wp-content\/uploads\/2019\/08\/Bhutan3_Runakay-Travel-Altitudes-Bolivia-KM-Turismo-300x200.jpg\" alt=\"\" width=\"300\" height=\"200\" srcset=\"http:\/\/www.runakay-travel.com\/wp-content\/uploads\/2019\/08\/Bhutan3_Runakay-Travel-Altitudes-Bolivia-KM-Turismo-300x200.jpg 300w, http:\/\/www.runakay-travel.com\/wp-content\/uploads\/2019\/08\/Bhutan3_Runakay-Travel-Altitudes-Bolivia-KM-Turismo-768x512.jpg 768w, http:\/\/www.runakay-travel.com\/wp-content\/uploads\/2019\/08\/Bhutan3_Runakay-Travel-Altitudes-Bolivia-KM-Turismo-1024x683.jpg 1024w, http:\/\/www.runakay-travel.com\/wp-content\/uploads\/2019\/08\/Bhutan3_Runakay-Travel-Altitudes-Bolivia-KM-Turismo-600x400.jpg 600w, http:\/\/www.runakay-travel.com\/wp-content\/uploads\/2019\/08\/Bhutan3_Runakay-Travel-Altitudes-Bolivia-KM-Turismo-272x182.jpg 272w, http:\/\/www.runakay-travel.com\/wp-content\/uploads\/2019\/08\/Bhutan3_Runakay-Travel-Altitudes-Bolivia-KM-Turismo.jpg 1027w\" sizes=\"(max-width: 300px) 100vw, 300px\" \/><\/a><\/p>\n<\/div>\n<\/div><\/div><div id=\"panel-2513-2-1-1\" class=\"so-panel widget widget_sow-editor\" data-index=\"3\" ><div class=\"so-widget-sow-editor so-widget-sow-editor-base\">\n<div class=\"siteorigin-widget-tinymce textwidget\">\n\t<div id=\"panel-6225-1-1-1\" class=\"so-panel widget widget_sow-editor\" data-index=\"3\">\n<div class=\"so-widget-sow-editor so-widget-sow-editor-base\">\n<div class=\"siteorigin-widget-tinymce textwidget\">\n<p>Individuelle Reisen f\u00fcr Einzelreisende oder Kleingruppen ab 2 Personen<\/p>\n<p>Start der Tour ist t\u00e4glich m\u00f6glich<\/p>\n<\/div>\n<\/div>\n<\/div>\n<\/div>\n<\/div><\/div><div id=\"panel-2513-2-1-2\" class=\"so-panel widget widget_sow-editor panel-last-child\" data-index=\"4\" ><div class=\"so-widget-sow-editor so-widget-sow-editor-base\">\n<div class=\"siteorigin-widget-tinymce textwidget\">\n\t<p><a href=\"http:\/\/www.runakay-travel.com\/wp-content\/uploads\/2019\/08\/Bhutan2_Runakay-Travel-Altitudes-Bolivia-KM-Turismo.jpg\"><img decoding=\"async\" loading=\"lazy\" class=\"alignnone size-medium wp-image-2306\" src=\"http:\/\/www.runakay-travel.com\/wp-content\/uploads\/2019\/08\/Bhutan2_Runakay-Travel-Altitudes-Bolivia-KM-Turismo-300x200.jpg\" alt=\"\" width=\"300\" height=\"200\" srcset=\"http:\/\/www.runakay-travel.com\/wp-content\/uploads\/2019\/08\/Bhutan2_Runakay-Travel-Altitudes-Bolivia-KM-Turismo-300x200.jpg 300w, http:\/\/www.runakay-travel.com\/wp-content\/uploads\/2019\/08\/Bhutan2_Runakay-Travel-Altitudes-Bolivia-KM-Turismo-768x512.jpg 768w, http:\/\/www.runakay-travel.com\/wp-content\/uploads\/2019\/08\/Bhutan2_Runakay-Travel-Altitudes-Bolivia-KM-Turismo-1024x682.jpg 1024w, http:\/\/www.runakay-travel.com\/wp-content\/uploads\/2019\/08\/Bhutan2_Runakay-Travel-Altitudes-Bolivia-KM-Turismo-600x400.jpg 600w, http:\/\/www.runakay-travel.com\/wp-content\/uploads\/2019\/08\/Bhutan2_Runakay-Travel-Altitudes-Bolivia-KM-Turismo-272x182.jpg 272w, http:\/\/www.runakay-travel.com\/wp-content\/uploads\/2019\/08\/Bhutan2_Runakay-Travel-Altitudes-Bolivia-KM-Turismo.jpg 1028w\" sizes=\"(max-width: 300px) 100vw, 300px\" \/><\/a><\/p>\n<\/div>\n<\/div><\/div><\/div><\/div><div id=\"pg-2513-3\"  class=\"panel-grid panel-no-style\" ><div id=\"pgc-2513-3-0\"  class=\"panel-grid-cell\" ><div id=\"panel-2513-3-0-0\" class=\"so-panel widget widget_sow-editor panel-first-child panel-last-child\" data-index=\"5\" ><div class=\"so-widget-sow-editor so-widget-sow-editor-base\">\n<div class=\"siteorigin-widget-tinymce textwidget\">\n\t<p>\u00a9 alle Fotos von Bhutan: Bhutan Travel Coordinator (www.bhutantravelcoordinator.com)<\/p>\n<\/div>\n<\/div><\/div><\/div><\/div><div id=\"pg-2513-4\"  class=\"panel-grid panel-no-style\" ><div id=\"pgc-2513-4-0\"  class=\"panel-grid-cell\" ><div id=\"panel-2513-4-0-0\" class=\"so-panel widget widget_pw_special_title widget-special-title panel-first-child panel-last-child\" data-index=\"6\" >\t\t\t<h2 class=\"special-title\">\n\t\t\t\tKIRGISTAN\t\t\t<\/h2>\n\t\t<\/div><\/div><\/div><div id=\"pg-2513-5\"  class=\"panel-grid panel-no-style\" ><div id=\"pgc-2513-5-0\"  class=\"panel-grid-cell panel-grid-cell-empty\" ><\/div><\/div><div id=\"pg-2513-6\"  class=\"panel-grid panel-no-style\" ><div id=\"pgc-2513-6-0\"  class=\"panel-grid-cell\" ><div id=\"panel-2513-6-0-0\" class=\"so-panel widget widget_pw_special_offer widget-special-offer panel-first-child\" data-index=\"7\" >\t\t\t\t<div class=\"special-offer\">\n\t\t\t\t\t<div class=\"special-offer__image\">\n\t\t\t\t\t\t<img class=\"img-fluid\" src=\"http:\/\/www.runakay-travel.com\/wp-content\/uploads\/2023\/06\/Flagge.jpg\" alt=\"KIRGISTAN - im Land der Jurten\">\n\t\t\t\t\t\t<div class=\"special-offer__location\">\n\t\t\t\t\t\t\t<i class=\"fa \" aria-hidden=\"true\"><\/i> \t\t\t\t\t\t<\/div>\n\t\t\t\t\t<\/div>\n\t\t\t\t\t<div class=\"special-offer__content\">\n\t\t\t\t\t\t\t\t\t\t\t\t\t<div class=\"special-offer__price\">\n\t\t\t\t\t\t\t\tab 1.599,- US$\t\t\t\t\t\t\t<\/div>\n\t\t\t\t\t\t\t\t\t\t\t\t\t\t\t\t\t\t\t<div class=\"special-offer__label\">\n\t\t\t\t\t\t\t\tNatur und Kultur\t\t\t\t\t\t\t<\/div>\n\t\t\t\t\t\t\t\t\t\t\t\t\t\t\t\t\t\t\t<p class=\"h4  special-offer__title\">\n\t\t\t\t\t\t\t\tKIRGISTAN - im Land der Jurten\t\t\t\t\t\t\t<\/p>\n\t\t\t\t\t\t\t\t\t\t\t\t\t\t\t\t\t\t\t<p class=\"special-offer__text\">\n\t\t\t\t\t\t\t\tTraumhafte Landschaften und Kontakt mit Einheimischen\t\t\t\t\t\t\t<\/p>\n\t\t\t\t\t\t\t\t\t\t\t\t\t\t\t\t\t\t\t<a href=\"http:\/\/www.runakay-travel.com\/asia\/asiade\/kirguide\" target=\"_self\" class=\"btn  btn-primary  btn-outline-primary  special-offer__cta\">Unsere Reise nach Kirgistan<\/a>\n\t\t\t\t\t\t\t\t\t\t\t<\/div>\n\t\t\t\t<\/div>\n\n\t\t\t<\/div><div id=\"panel-2513-6-0-1\" class=\"so-panel widget widget_pw_timetable widget-timetable panel-last-child\" data-index=\"8\" >\t\t\t<div class=\"timetable\">\n\t\t\t\t\t\t\t\t\t\t\t\t<div class=\"timetable__item\">\n\t\t\t\t\t\t\t\t\t<div class=\"timetable__date\">\n\t\t\t\t\t\t<span class=\"timetable__month\">30. Juni<\/span>\n\t\t\t\t\t\t<span class=\"timetable__day\">2024<\/span>\n\t\t\t\t\t<\/div>\n\t\t\t\t\t<div class=\"timetable__content\">\n\t\t\t\t\t\t<div class=\"h6  timetable__title\">\n\t\t\t\t\t\t\tRundreise Kirgistan ab 6 Personen\t\t\t\t\t\t<\/div>\n\t\t\t\t\t\t<div class=\"timetable__description\">\n\t\t\t\t\t\t\tGruppenreise in Spanisch\t\t\t\t\t\t<\/div>\n\t\t\t\t\t\t<div class=\"timetable__price\">\n\t\t\t\t\t\t\tab 1.599,- US$\t\t\t\t\t\t<\/div>\n\t\t\t\t\t<\/div>\n\t\t\t\t\t\t\t\t\t<\/div>\n\t\t\t\t\t\t\t\t\t\t\t\t\t\t\t\t<div class=\"timetable__item\">\n\t\t\t\t\t\t\t\t\t<div class=\"timetable__date\">\n\t\t\t\t\t\t<span class=\"timetable__month\">14. Juli<\/span>\n\t\t\t\t\t\t<span class=\"timetable__day\">2024<\/span>\n\t\t\t\t\t<\/div>\n\t\t\t\t\t<div class=\"timetable__content\">\n\t\t\t\t\t\t<div class=\"h6  timetable__title\">\n\t\t\t\t\t\t\tRundreise Kirgistan ab 6 Personen\t\t\t\t\t\t<\/div>\n\t\t\t\t\t\t<div class=\"timetable__description\">\n\t\t\t\t\t\t\tGruppenreise auf Deutsch\t\t\t\t\t\t<\/div>\n\t\t\t\t\t\t<div class=\"timetable__price\">\n\t\t\t\t\t\t\tab 1.599,- US$\t\t\t\t\t\t<\/div>\n\t\t\t\t\t<\/div>\n\t\t\t\t\t\t\t\t\t<\/div>\n\t\t\t\t\t\t\t\t\t\t<\/div>\n\t\t<\/div><\/div><div id=\"pgc-2513-6-1\"  class=\"panel-grid-cell\" ><div id=\"panel-2513-6-1-0\" class=\"so-panel widget widget_sow-editor panel-first-child\" data-index=\"9\" ><div class=\"so-widget-sow-editor so-widget-sow-editor-base\">\n<div class=\"siteorigin-widget-tinymce textwidget\">\n\t<p><a href=\"http:\/\/www.runakay-travel.com\/wp-content\/uploads\/2023\/06\/KG27.jpg\"><img decoding=\"async\" loading=\"lazy\" class=\"alignnone size-medium wp-image-5462\" src=\"http:\/\/www.runakay-travel.com\/wp-content\/uploads\/2023\/06\/KG27-300x200.jpg\" alt=\"\" width=\"300\" height=\"200\" \/><\/a><\/p>\n<\/div>\n<\/div><\/div><div id=\"panel-2513-6-1-1\" class=\"so-panel widget widget_sow-editor\" data-index=\"10\" ><div class=\"so-widget-sow-editor so-widget-sow-editor-base\">\n<div class=\"siteorigin-widget-tinymce textwidget\">\n\t<div id=\"panel-6225-1-1-1\" class=\"so-panel widget widget_sow-editor\" data-index=\"3\">\n<div class=\"so-widget-sow-editor so-widget-sow-editor-base\">\n<div class=\"siteorigin-widget-tinymce textwidget\">\n<p>Individuelle Reisen f\u00fcr Kleingruppen von 2 bis 10 Personen nach pers\u00f6nlicher Absprache.<\/p>\n<p>\u00dcbernachtung in echten Jurten m\u00f6glich, die in unseren Rundreisen bereits inkludiert sind.<\/p>\n<p>G\u00fcnstige Gruppenreisen ab 6 Personen mit Deutsch, Englisch oder Spanisch sprechendem Reiseleiter.<\/p>\n<\/div>\n<\/div>\n<\/div>\n<\/div>\n<\/div><\/div><div id=\"panel-2513-6-1-2\" class=\"so-panel widget widget_sow-editor panel-last-child\" data-index=\"11\" ><div class=\"so-widget-sow-editor so-widget-sow-editor-base\">\n<div class=\"siteorigin-widget-tinymce textwidget\">\n\t<p><a href=\"http:\/\/www.runakay-travel.com\/wp-content\/uploads\/2019\/09\/Kirgistan03_Altitudes-Bolivia_KM-Turismo_Runakay-Travel.jpg\"><img decoding=\"async\" loading=\"lazy\" class=\"alignnone size-medium wp-image-5463\" src=\"http:\/\/www.runakay-travel.com\/wp-content\/uploads\/2019\/09\/Kirgistan03_Altitudes-Bolivia_KM-Turismo_Runakay-Travel-300x200.jpg\" alt=\"\" width=\"300\" height=\"200\" srcset=\"http:\/\/www.runakay-travel.com\/wp-content\/uploads\/2019\/09\/Kirgistan03_Altitudes-Bolivia_KM-Turismo_Runakay-Travel-300x200.jpg 300w, http:\/\/www.runakay-travel.com\/wp-content\/uploads\/2019\/09\/Kirgistan03_Altitudes-Bolivia_KM-Turismo_Runakay-Travel-768x511.jpg 768w, http:\/\/www.runakay-travel.com\/wp-content\/uploads\/2019\/09\/Kirgistan03_Altitudes-Bolivia_KM-Turismo_Runakay-Travel-600x400.jpg 600w, http:\/\/www.runakay-travel.com\/wp-content\/uploads\/2019\/09\/Kirgistan03_Altitudes-Bolivia_KM-Turismo_Runakay-Travel-272x182.jpg 272w, http:\/\/www.runakay-travel.com\/wp-content\/uploads\/2019\/09\/Kirgistan03_Altitudes-Bolivia_KM-Turismo_Runakay-Travel.jpg 1000w\" sizes=\"(max-width: 300px) 100vw, 300px\" \/><\/a><\/p>\n<\/div>\n<\/div><\/div><\/div><\/div><div id=\"pg-2513-7\"  class=\"panel-grid panel-no-style\" ><div id=\"pgc-2513-7-0\"  class=\"panel-grid-cell\" ><div id=\"panel-2513-7-0-0\" class=\"so-panel widget widget_sow-editor panel-first-child panel-last-child\" data-index=\"12\" ><div class=\"so-widget-sow-editor so-widget-sow-editor-base\">\n<div class=\"siteorigin-widget-tinymce textwidget\">\n\t<p>\u00a9 alle Fotos von Kirgistan: Travel Land Kyrgyzstan, Gorkiy Str. 133, Bishkek, Kirgistan<\/p>\n<\/div>\n<\/div><\/div><\/div><\/div><\/div>","protected":false},"excerpt":{"rendered":"<p>BHUTAN ab 449,- US$ pro Tag Natur und Kultur BHUTAN &#8211; im Land der gl\u00fccklichen Menschen Das einzigartige Erlebnis im Herzen des Himalayas. Unsere Reisen nach Bhutan Individuelle Reisen f\u00fcr Einzelreisende oder Kleingruppen ab 2 Personen Start der Tour ist t\u00e4glich m\u00f6glich \u00a9 alle Fotos von Bhutan: Bhutan Travel Coordinator (www.bhutantravelcoordinator.com) KIRGISTAN ab 1.599,- US$ &hellip;<\/p>\n","protected":false},"author":1,"featured_media":0,"parent":2241,"menu_order":0,"comment_status":"closed","ping_status":"closed","template":"","meta":[],"_links":{"self":[{"href":"http:\/\/www.runakay-travel.com\/de\/wp-json\/wp\/v2\/pages\/2513"}],"collection":[{"href":"http:\/\/www.runakay-travel.com\/de\/wp-json\/wp\/v2\/pages"}],"about":[{"href":"http:\/\/www.runakay-travel.com\/de\/wp-json\/wp\/v2\/types\/page"}],"author":[{"embeddable":true,"href":"http:\/\/www.runakay-travel.com\/de\/wp-json\/wp\/v2\/users\/1"}],"replies":[{"embeddable":true,"href":"http:\/\/www.runakay-travel.com\/de\/wp-json\/wp\/v2\/comments?post=2513"}],"version-history":[{"count":81,"href":"http:\/\/www.runakay-travel.com\/de\/wp-json\/wp\/v2\/pages\/2513\/revisions"}],"predecessor-version":[{"id":9813,"href":"http:\/\/www.runakay-travel.com\/de\/wp-json\/wp\/v2\/pages\/2513\/revisions\/9813"}],"up":[{"embeddable":true,"href":"http:\/\/www.runakay-travel.com\/de\/wp-json\/wp\/v2\/pages\/2241"}],"wp:attachment":[{"href":"http:\/\/www.runakay-travel.com\/de\/wp-json\/wp\/v2\/media?parent=2513"}],"curies":[{"name":"wp","href":"https:\/\/api.w.org\/{rel}","templated":true}]}}