{"id":3607,"date":"2019-08-21T11:26:14","date_gmt":"2019-08-21T09:26:14","guid":{"rendered":"http:\/\/www.runakay-travel.com\/?page_id=3607"},"modified":"2019-08-21T11:38:13","modified_gmt":"2019-08-21T09:38:13","slug":"incominges","status":"publish","type":"page","link":"http:\/\/www.runakay-travel.com\/de\/incominges\/","title":{"rendered":"Turismo Incoming (Espa\u00f1ol) Alemania y Europa Oriental"},"content":{"rendered":"<div id=\"pl-3607\"  class=\"panel-layout\" ><div id=\"pg-3607-0\"  class=\"panel-grid panel-no-style\" ><div id=\"pgc-3607-0-0\"  class=\"panel-grid-cell\" ><div id=\"panel-3607-0-0-0\" class=\"so-panel widget widget_pw_special_title widget-special-title panel-first-child panel-last-child\" data-index=\"0\" >\t\t\t<h2 class=\"special-title\">\n\t\t\t\tIncoming\t\t\t<\/h2>\n\t\t<\/div><\/div><\/div><div id=\"pg-3607-1\"  class=\"panel-grid panel-no-style\" ><div id=\"pgc-3607-1-0\"  class=\"panel-grid-cell panel-grid-cell-empty\" ><\/div><\/div><div id=\"pg-3607-2\"  class=\"panel-grid panel-no-style\" ><div id=\"pgc-3607-2-0\"  class=\"panel-grid-cell\" ><div id=\"panel-3607-2-0-0\" class=\"so-panel widget widget_sow-editor panel-first-child panel-last-child\" data-index=\"1\" ><div class=\"so-widget-sow-editor so-widget-sow-editor-base\">\n<div class=\"siteorigin-widget-tinymce textwidget\">\n\t<h1><span class=\"tlid-translation translation\" lang=\"es\"><span class=\"\" title=\"\">Operadores tur\u00edsticos<\/span><\/span><\/h1>\n<p><span class=\"tlid-translation translation\" lang=\"es\"><span class=\"\" title=\"\">Tambi\u00e9n ofrecemos todos nuestros tours para operadores tur\u00edsticos en condiciones especiales.<\/span><\/span><\/p>\n<\/div>\n<\/div><\/div><\/div><\/div><div id=\"pg-3607-3\"  class=\"panel-grid panel-no-style\" ><div id=\"pgc-3607-3-0\"  class=\"panel-grid-cell\" ><div id=\"panel-3607-3-0-0\" class=\"so-panel widget widget_sow-editor panel-first-child panel-last-child\" data-index=\"2\" ><div class=\"so-widget-sow-editor so-widget-sow-editor-base\">\n<div class=\"siteorigin-widget-tinymce textwidget\">\n\t<h3><span class=\"tlid-translation translation\" lang=\"es\"><span class=\"\" title=\"\">Sus ventajas como agencia de viajes:<\/span><\/span><\/h3>\n<ul>\n<li><span class=\"tlid-translation translation\" lang=\"es\"><span class=\"\" title=\"\">Viaje a la medida de su audiencia<\/span><\/span><\/li>\n<li><span class=\"tlid-translation translation\" lang=\"es\"><span class=\"\" title=\"\">Varias categor\u00edas de hoteles y viajes para elegir<\/span><\/span><\/li>\n<li><span class=\"tlid-translation translation\" lang=\"es\"><span class=\"\" title=\"\">Posible guiada por un gu\u00eda propio<\/span><\/span><\/li>\n<li><span class=\"tlid-translation translation\" lang=\"es\"><span class=\"\" title=\"\">Paquetes de excursiones individuales<\/span><\/span><\/li>\n<\/ul>\n<\/div>\n<\/div><\/div><\/div><div id=\"pgc-3607-3-1\"  class=\"panel-grid-cell\" ><div id=\"panel-3607-3-1-0\" class=\"so-panel widget widget_sow-editor panel-first-child panel-last-child\" data-index=\"3\" ><div class=\"so-widget-sow-editor so-widget-sow-editor-base\">\n<div class=\"siteorigin-widget-tinymce textwidget\">\n\t<h3><span class=\"tlid-translation translation\" lang=\"es\"><span class=\"\" title=\"\">Nuestras especialidades:<\/span><\/span><\/h3>\n<ul>\n<li>Alemania (desde Bavaria hasta Berlin)<\/li>\n<li>Polonia, Eslovaquia y Rep\u00fablica Checa (interesantes combinaciones entre los tres paises)<\/li>\n<li>Bulgaria (ciudades, monasterios, pueblos y gente)<\/li>\n<\/ul>\n<p>&nbsp;<\/p>\n<\/div>\n<\/div><\/div><\/div><\/div><div id=\"pg-3607-4\"  class=\"panel-grid panel-no-style\" ><div id=\"pgc-3607-4-0\"  class=\"panel-grid-cell\" ><div id=\"panel-3607-4-0-0\" class=\"so-panel widget widget_sow-editor panel-first-child panel-last-child\" data-index=\"4\" ><div class=\"so-widget-sow-editor so-widget-sow-editor-base\">\n<div class=\"siteorigin-widget-tinymce textwidget\">\n\t<p>Hable con nosotros Runakay Travel est\u00e1 siempre a su disposici\u00f3n.<\/p>\n<p>&nbsp;<\/p>\n<p>[contact-form-7 id=\"3616\" title=\"ESCRIBENOS_AGENCIAS\"]<\/p>\n<\/div>\n<\/div><\/div><\/div><\/div><\/div>","protected":false},"excerpt":{"rendered":"<p>Incoming Operadores tur\u00edsticos Tambi\u00e9n ofrecemos todos nuestros tours para operadores tur\u00edsticos en condiciones especiales. Sus ventajas como agencia de viajes: Viaje a la medida de su audiencia Varias categor\u00edas de hoteles y viajes para elegir Posible guiada por un gu\u00eda propio Paquetes de excursiones individuales Nuestras especialidades: Alemania (desde Bavaria hasta Berlin) Polonia, Eslovaquia y &hellip;<\/p>\n","protected":false},"author":1,"featured_media":0,"parent":0,"menu_order":0,"comment_status":"closed","ping_status":"closed","template":"","meta":[],"_links":{"self":[{"href":"http:\/\/www.runakay-travel.com\/de\/wp-json\/wp\/v2\/pages\/3607"}],"collection":[{"href":"http:\/\/www.runakay-travel.com\/de\/wp-json\/wp\/v2\/pages"}],"about":[{"href":"http:\/\/www.runakay-travel.com\/de\/wp-json\/wp\/v2\/types\/page"}],"author":[{"embeddable":true,"href":"http:\/\/www.runakay-travel.com\/de\/wp-json\/wp\/v2\/users\/1"}],"replies":[{"embeddable":true,"href":"http:\/\/www.runakay-travel.com\/de\/wp-json\/wp\/v2\/comments?post=3607"}],"version-history":[{"count":10,"href":"http:\/\/www.runakay-travel.com\/de\/wp-json\/wp\/v2\/pages\/3607\/revisions"}],"predecessor-version":[{"id":3618,"href":"http:\/\/www.runakay-travel.com\/de\/wp-json\/wp\/v2\/pages\/3607\/revisions\/3618"}],"wp:attachment":[{"href":"http:\/\/www.runakay-travel.com\/de\/wp-json\/wp\/v2\/media?parent=3607"}],"curies":[{"name":"wp","href":"https:\/\/api.w.org\/{rel}","templated":true}]}}