{"id":5376,"date":"2019-09-26T13:40:45","date_gmt":"2019-09-26T11:40:45","guid":{"rendered":"http:\/\/www.runakay-travel.com\/?page_id=5376"},"modified":"2023-03-01T10:41:23","modified_gmt":"2023-03-01T09:41:23","slug":"europaes","status":"publish","type":"page","link":"http:\/\/www.runakay-travel.com\/de\/europa\/europaes\/","title":{"rendered":"EUROPA"},"content":{"rendered":"<div id=\"pl-5376\"  class=\"panel-layout\" ><div id=\"pg-5376-0\"  class=\"panel-grid panel-no-style\" ><div id=\"pgc-5376-0-0\"  class=\"panel-grid-cell\" ><div id=\"panel-5376-0-0-0\" class=\"so-panel widget widget_pw_special_title widget-special-title panel-first-child\" data-index=\"0\" >\t\t\t<h2 class=\"special-title\">\n\t\t\t\tEUROPA \t\t\t<\/h2>\n\t\t<\/div><div id=\"panel-5376-0-0-1\" class=\"so-panel widget widget_pw_special_title widget-special-title panel-last-child\" data-index=\"1\" >\t\t\t<h2 class=\"special-title\">\n\t\t\t\tCENTRAL\t\t\t<\/h2>\n\t\t<\/div><\/div><\/div><div id=\"pg-5376-1\"  class=\"panel-grid panel-no-style\" ><div id=\"pgc-5376-1-0\"  class=\"panel-grid-cell panel-grid-cell-empty\" ><\/div><\/div><div id=\"pg-5376-2\"  class=\"panel-grid panel-no-style\" ><div id=\"pgc-5376-2-0\"  class=\"panel-grid-cell\" ><div id=\"panel-5376-2-0-0\" class=\"so-panel widget widget_pw_special_offer widget-special-offer panel-first-child panel-last-child\" data-index=\"2\" >\t\t\t\t<div class=\"special-offer\">\n\t\t\t\t\t<div class=\"special-offer__image\">\n\t\t\t\t\t\t<img class=\"img-fluid\" src=\"http:\/\/www.runakay-travel.com\/wp-content\/uploads\/2023\/02\/Spishrad-klein.jpg\" alt=\"POLONIA, ESLOVAQUIA Y CHECA\">\n\t\t\t\t\t\t<div class=\"special-offer__location\">\n\t\t\t\t\t\t\t<i class=\"fa \" aria-hidden=\"true\"><\/i> \t\t\t\t\t\t<\/div>\n\t\t\t\t\t<\/div>\n\t\t\t\t\t<div class=\"special-offer__content\">\n\t\t\t\t\t\t\t\t\t\t\t\t\t<div class=\"special-offer__price\">\n\t\t\t\t\t\t\t\tdesde 319,- \u20ac\t\t\t\t\t\t\t<\/div>\n\t\t\t\t\t\t\t\t\t\t\t\t\t\t\t\t\t\t\t<div class=\"special-offer__label\">\n\t\t\t\t\t\t\t\tHistoria\t\t\t\t\t\t\t<\/div>\n\t\t\t\t\t\t\t\t\t\t\t\t\t\t\t\t\t\t\t<p class=\"h4  special-offer__title\">\n\t\t\t\t\t\t\t\tPOLONIA, ESLOVAQUIA Y CHECA\t\t\t\t\t\t\t<\/p>\n\t\t\t\t\t\t\t\t\t\t\t\t\t\t\t\t\t\t\t\t\t\t\t\t\t<a href=\"http:\/\/www.runakay-travel.com\/europa\/europaes\/ceeues\" target=\"_self\" class=\"btn  btn-primary  btn-outline-primary  special-offer__cta\">Informaci\u00f3n detallada del viaje<\/a>\n\t\t\t\t\t\t\t\t\t\t\t<\/div>\n\t\t\t\t<\/div>\n\n\t\t\t<\/div><\/div><div id=\"pgc-5376-2-1\"  class=\"panel-grid-cell\" ><div id=\"panel-5376-2-1-0\" class=\"so-panel widget widget_sow-editor panel-first-child\" data-index=\"3\" ><div class=\"so-widget-sow-editor so-widget-sow-editor-base\">\n<div class=\"siteorigin-widget-tinymce textwidget\">\n\t<p><img decoding=\"async\" loading=\"lazy\" class=\"alignnone size-medium wp-image-8742\" src=\"http:\/\/www.runakay-travel.com\/wp-content\/uploads\/2023\/02\/Birkenau-klein-300x200.jpg\" alt=\"\" width=\"300\" height=\"200\" srcset=\"http:\/\/www.runakay-travel.com\/wp-content\/uploads\/2023\/02\/Birkenau-klein-300x200.jpg 300w, http:\/\/www.runakay-travel.com\/wp-content\/uploads\/2023\/02\/Birkenau-klein-768x512.jpg 768w, http:\/\/www.runakay-travel.com\/wp-content\/uploads\/2023\/02\/Birkenau-klein-272x182.jpg 272w, http:\/\/www.runakay-travel.com\/wp-content\/uploads\/2023\/02\/Birkenau-klein.jpg 1000w\" sizes=\"(max-width: 300px) 100vw, 300px\" \/><\/p>\n<\/div>\n<\/div><\/div><div id=\"panel-5376-2-1-1\" class=\"so-panel widget widget_sow-editor\" data-index=\"4\" ><div class=\"so-widget-sow-editor so-widget-sow-editor-base\">\n<div class=\"siteorigin-widget-tinymce textwidget\">\n\t<h3><span class=\"tlid-translation translation\" lang=\"es\"><span class=\"\" title=\"\">Conociendo la historia - tres pa\u00edses y muchas impresiones<br \/>\n<\/span><\/span><\/h3>\n<\/div>\n<\/div><\/div><div id=\"panel-5376-2-1-2\" class=\"so-panel widget widget_pw_timetable widget-timetable panel-last-child\" data-index=\"5\" >\t\t\t<div class=\"timetable\">\n\t\t\t\t\t\t\t\t\t\t\t\t<div class=\"timetable__item\">\n\t\t\t\t\t\t\t\t\t<div class=\"timetable__date\">\n\t\t\t\t\t\t<span class=\"timetable__month\">CADA<\/span>\n\t\t\t\t\t\t<span class=\"timetable__day\">D\u00cdA<\/span>\n\t\t\t\t\t<\/div>\n\t\t\t\t\t<div class=\"timetable__content\">\n\t\t\t\t\t\t<div class=\"h6  timetable__title\">\n\t\t\t\t\t\t\ta partir de 4 d\u00edas\t\t\t\t\t\t<\/div>\n\t\t\t\t\t\t<div class=\"timetable__description\">\n\t\t\t\t\t\t\tHistoria y cultura\t\t\t\t\t\t<\/div>\n\t\t\t\t\t\t<div class=\"timetable__price\">\n\t\t\t\t\t\t\t05.2023 - 09.2023\t\t\t\t\t\t<\/div>\n\t\t\t\t\t<\/div>\n\t\t\t\t\t\t\t\t\t<\/div>\n\t\t\t\t\t\t\t\t\t\t<\/div>\n\t\t<\/div><\/div><\/div><div id=\"pg-5376-3\"  class=\"panel-grid panel-no-style\" ><div id=\"pgc-5376-3-0\"  class=\"panel-grid-cell panel-grid-cell-empty\" ><\/div><\/div><div id=\"pg-5376-4\"  class=\"panel-grid panel-no-style\" ><div id=\"pgc-5376-4-0\"  class=\"panel-grid-cell\" ><div id=\"panel-5376-4-0-0\" class=\"so-panel widget widget_pw_special_title widget-special-title panel-first-child panel-last-child\" data-index=\"6\" >\t\t\t<h2 class=\"special-title\">\n\t\t\t\tESLOVAQUIA\t\t\t<\/h2>\n\t\t<\/div><\/div><\/div><div id=\"pg-5376-5\"  class=\"panel-grid panel-no-style\" ><div id=\"pgc-5376-5-0\"  class=\"panel-grid-cell panel-grid-cell-empty\" ><\/div><\/div><div id=\"pg-5376-6\"  class=\"panel-grid panel-no-style\" ><div id=\"pgc-5376-6-0\"  class=\"panel-grid-cell\" ><div id=\"panel-5376-6-0-0\" class=\"so-panel widget widget_pw_special_offer widget-special-offer panel-first-child panel-last-child\" data-index=\"7\" >\t\t\t\t<div class=\"special-offer\">\n\t\t\t\t\t<div class=\"special-offer__image\">\n\t\t\t\t\t\t<img class=\"img-fluid\" src=\"http:\/\/www.runakay-travel.com\/wp-content\/uploads\/2020\/01\/Slovensko01_KM-Turismo_Altitudes-Bolivia_Runakay-Travel.jpg\" alt=\"ESLOVAQUIA\">\n\t\t\t\t\t\t<div class=\"special-offer__location\">\n\t\t\t\t\t\t\t<i class=\"fa \" aria-hidden=\"true\"><\/i> \t\t\t\t\t\t<\/div>\n\t\t\t\t\t<\/div>\n\t\t\t\t\t<div class=\"special-offer__content\">\n\t\t\t\t\t\t\t\t\t\t\t\t\t<div class=\"special-offer__price\">\n\t\t\t\t\t\t\t\tPrecio a consultar\t\t\t\t\t\t\t<\/div>\n\t\t\t\t\t\t\t\t\t\t\t\t\t\t\t\t\t\t\t<div class=\"special-offer__label\">\n\t\t\t\t\t\t\t\tAventura\t\t\t\t\t\t\t<\/div>\n\t\t\t\t\t\t\t\t\t\t\t\t\t\t\t\t\t\t\t<p class=\"h4  special-offer__title\">\n\t\t\t\t\t\t\t\tESLOVAQUIA\t\t\t\t\t\t\t<\/p>\n\t\t\t\t\t\t\t\t\t\t\t\t\t\t\t\t\t\t\t<p class=\"special-offer__text\">\n\t\t\t\t\t\t\t\tViaje individual \t\t\t\t\t\t\t<\/p>\n\t\t\t\t\t\t\t\t\t\t\t\t\t\t\t\t\t\t\t<a href=\"http:\/\/www.runakay-travel.com\/europa\/europaes\" target=\"_self\" class=\"btn  btn-primary  btn-outline-primary  special-offer__cta\">Informaciones detallados del viaje<\/a>\n\t\t\t\t\t\t\t\t\t\t\t<\/div>\n\t\t\t\t<\/div>\n\n\t\t\t<\/div><\/div><div id=\"pgc-5376-6-1\"  class=\"panel-grid-cell\" ><div id=\"panel-5376-6-1-0\" class=\"so-panel widget widget_sow-editor panel-first-child\" data-index=\"8\" ><div class=\"so-widget-sow-editor so-widget-sow-editor-base\">\n<div class=\"siteorigin-widget-tinymce textwidget\">\n\t<p><a href=\"http:\/\/www.runakay-travel.com\/wp-content\/uploads\/2020\/01\/Slovensko02_KM-Turismo_Altitudes-Bolivia_Runakay-Travel.jpg\"><img decoding=\"async\" loading=\"lazy\" class=\"alignnone size-medium wp-image-6658\" src=\"http:\/\/www.runakay-travel.com\/wp-content\/uploads\/2020\/01\/Slovensko02_KM-Turismo_Altitudes-Bolivia_Runakay-Travel-300x200.jpg\" alt=\"\" width=\"300\" height=\"200\" srcset=\"http:\/\/www.runakay-travel.com\/wp-content\/uploads\/2020\/01\/Slovensko02_KM-Turismo_Altitudes-Bolivia_Runakay-Travel-300x200.jpg 300w, http:\/\/www.runakay-travel.com\/wp-content\/uploads\/2020\/01\/Slovensko02_KM-Turismo_Altitudes-Bolivia_Runakay-Travel-768x512.jpg 768w, http:\/\/www.runakay-travel.com\/wp-content\/uploads\/2020\/01\/Slovensko02_KM-Turismo_Altitudes-Bolivia_Runakay-Travel-600x400.jpg 600w, http:\/\/www.runakay-travel.com\/wp-content\/uploads\/2020\/01\/Slovensko02_KM-Turismo_Altitudes-Bolivia_Runakay-Travel-272x182.jpg 272w, http:\/\/www.runakay-travel.com\/wp-content\/uploads\/2020\/01\/Slovensko02_KM-Turismo_Altitudes-Bolivia_Runakay-Travel.jpg 1000w\" sizes=\"(max-width: 300px) 100vw, 300px\" \/><\/a><\/p>\n<\/div>\n<\/div><\/div><div id=\"panel-5376-6-1-1\" class=\"so-panel widget widget_sow-editor\" data-index=\"9\" ><div class=\"so-widget-sow-editor so-widget-sow-editor-base\">\n<div class=\"siteorigin-widget-tinymce textwidget\">\n\t<h3><span class=\"tlid-translation translation\" lang=\"es\"><span class=\"\" title=\"\">Un sue\u00f1o se pone real - Eslovaquia.<br \/>\n<\/span><\/span><\/h3>\n<\/div>\n<\/div><\/div><div id=\"panel-5376-6-1-2\" class=\"so-panel widget widget_pw_timetable widget-timetable panel-last-child\" data-index=\"10\" >\t\t\t<div class=\"timetable\">\n\t\t\t\t\t\t\t\t\t\t\t\t<div class=\"timetable__item\">\n\t\t\t\t\t\t\t\t\t<div class=\"timetable__date\">\n\t\t\t\t\t\t<span class=\"timetable__month\"><\/span>\n\t\t\t\t\t\t<span class=\"timetable__day\">2023<\/span>\n\t\t\t\t\t<\/div>\n\t\t\t\t\t<div class=\"timetable__content\">\n\t\t\t\t\t\t<div class=\"h6  timetable__title\">\n\t\t\t\t\t\t\t7 d\u00edas Eslovaquia - individual\t\t\t\t\t\t<\/div>\n\t\t\t\t\t\t<div class=\"timetable__description\">\n\t\t\t\t\t\t\tCastillos y monta\u00f1as\t\t\t\t\t\t<\/div>\n\t\t\t\t\t\t<div class=\"timetable__price\">\n\t\t\t\t\t\t\tPrecio a consultar\t\t\t\t\t\t<\/div>\n\t\t\t\t\t<\/div>\n\t\t\t\t\t\t\t\t\t<\/div>\n\t\t\t\t\t\t\t\t\t\t<\/div>\n\t\t<\/div><\/div><\/div><div id=\"pg-5376-7\"  class=\"panel-grid panel-no-style\" ><div id=\"pgc-5376-7-0\"  class=\"panel-grid-cell\" ><div id=\"panel-5376-7-0-0\" class=\"so-panel widget widget_sow-editor panel-first-child panel-last-child\" data-index=\"11\" ><div class=\"so-widget-sow-editor so-widget-sow-editor-base\">\n<div class=\"siteorigin-widget-tinymce textwidget\">\n\t<p>pronto m\u00e1s pa\u00edses y tours<\/p>\n<\/div>\n<\/div><\/div><\/div><\/div><\/div>","protected":false},"excerpt":{"rendered":"<p>EUROPA CENTRAL desde 319,- \u20ac Historia POLONIA, ESLOVAQUIA Y CHECA Informaci\u00f3n detallada del viaje Conociendo la historia &#8211; tres pa\u00edses y muchas impresiones CADA D\u00cdA a partir de 4 d\u00edas Historia y cultura 05.2023 &#8211; 09.2023 ESLOVAQUIA Precio a consultar Aventura ESLOVAQUIA Viaje individual Informaciones detallados del viaje Un sue\u00f1o se pone real &#8211; Eslovaquia. &hellip;<\/p>\n","protected":false},"author":1,"featured_media":0,"parent":5304,"menu_order":0,"comment_status":"closed","ping_status":"closed","template":"","meta":[],"_links":{"self":[{"href":"http:\/\/www.runakay-travel.com\/de\/wp-json\/wp\/v2\/pages\/5376"}],"collection":[{"href":"http:\/\/www.runakay-travel.com\/de\/wp-json\/wp\/v2\/pages"}],"about":[{"href":"http:\/\/www.runakay-travel.com\/de\/wp-json\/wp\/v2\/types\/page"}],"author":[{"embeddable":true,"href":"http:\/\/www.runakay-travel.com\/de\/wp-json\/wp\/v2\/users\/1"}],"replies":[{"embeddable":true,"href":"http:\/\/www.runakay-travel.com\/de\/wp-json\/wp\/v2\/comments?post=5376"}],"version-history":[{"count":51,"href":"http:\/\/www.runakay-travel.com\/de\/wp-json\/wp\/v2\/pages\/5376\/revisions"}],"predecessor-version":[{"id":9378,"href":"http:\/\/www.runakay-travel.com\/de\/wp-json\/wp\/v2\/pages\/5376\/revisions\/9378"}],"up":[{"embeddable":true,"href":"http:\/\/www.runakay-travel.com\/de\/wp-json\/wp\/v2\/pages\/5304"}],"wp:attachment":[{"href":"http:\/\/www.runakay-travel.com\/de\/wp-json\/wp\/v2\/media?parent=5376"}],"curies":[{"name":"wp","href":"https:\/\/api.w.org\/{rel}","templated":true}]}}