{"id":7322,"date":"2020-03-06T11:55:16","date_gmt":"2020-03-06T10:55:16","guid":{"rendered":"http:\/\/www.runakay-travel.com\/?page_id=7322"},"modified":"2023-02-04T20:13:01","modified_gmt":"2023-02-04T19:13:01","slug":"icaes","status":"publish","type":"page","link":"http:\/\/www.runakay-travel.com\/de\/peru\/perues\/peruindividuales\/icaes\/","title":{"rendered":"ICA"},"content":{"rendered":"<div id=\"pl-7322\"  class=\"panel-layout\" ><div id=\"pg-7322-0\"  class=\"panel-grid panel-no-style\" ><div id=\"pgc-7322-0-0\"  class=\"panel-grid-cell\" ><div id=\"panel-7322-0-0-0\" class=\"so-panel widget widget_pw_special_title widget-special-title panel-first-child panel-last-child\" data-index=\"0\" >\t\t\t<h2 class=\"special-title\">\n\t\t\t\tICA\t\t\t<\/h2>\n\t\t<\/div><\/div><\/div><div id=\"pg-7322-1\"  class=\"panel-grid panel-no-style\" ><div id=\"pgc-7322-1-0\"  class=\"panel-grid-cell panel-grid-cell-empty\" ><\/div><\/div><div id=\"pg-7322-2\"  class=\"panel-grid panel-no-style\" ><div id=\"pgc-7322-2-0\"  class=\"panel-grid-cell\" ><div id=\"panel-7322-2-0-0\" class=\"so-panel widget widget_sow-editor panel-first-child panel-last-child\" data-index=\"1\" ><div class=\"so-widget-sow-editor so-widget-sow-editor-base\">\n<div class=\"siteorigin-widget-tinymce textwidget\">\n\t<h2>NUESTRO PAQUETE DE EXCURSIONES - PARACAS<\/h2>\n<ul>\n<li>Islas Ballestas (excursi\u00f3n en bote para observar aves) - salida 8:00 hrs. de la ma\u00f1ana - duraci\u00f3n dos horas (vistiamos la Bahia de Paracas, Punta Pejerry, Candelabro \"Geoglifo\" que es similar a las lineas de Nazca y las Islas Ballestas con aves, guaneras, ping\u00fcinos gaviotas y lobos marinos).<\/li>\n<li>Tour terrestre a la Reserva Nacional - salida 11:00 hrs. de la ma\u00f1ana - duraci\u00f3n cuatro horas (visitamos la sala de interpretaci\u00f3n del SERNAMP, hacemos una peque\u00f1a caminata al mirador de los flamencos, visita de la zona fosilera y la forma rocosa \"catedral\", Playa Lagunillas con opci\u00f3n de ba\u00f1arse)<\/li>\n<li>Ica y Laguna Huacachina - salida 12:00 hrs mediod\u00eda - duraci\u00f3n dos horas (Ica: Plaza de Armas, iglesia Sr. de Luren, f\u00e1brica de chocolater\u00eda Helena, Cachiche - el pueblo de brujos, \u00e1rbol de las 7 cabezas, Bodega \"El Cantador\" con degustaci\u00f3n de vinos y la Laguna Huacachina - el oasis con excursion especial en buggys y sandboarding incluido)<\/li>\n<\/ul>\n<\/div>\n<\/div><\/div><\/div><\/div><div id=\"pg-7322-3\"  class=\"panel-grid panel-no-style\" ><div id=\"pgc-7322-3-0\"  class=\"panel-grid-cell\" ><div id=\"panel-7322-3-0-0\" class=\"so-panel widget widget_sow-editor panel-first-child panel-last-child\" data-index=\"2\" ><div class=\"so-widget-sow-editor so-widget-sow-editor-base\">\n<div class=\"siteorigin-widget-tinymce textwidget\">\n\t<p><a href=\"http:\/\/www.runakay-travel.com\/wp-content\/uploads\/2020\/03\/Paracas02_Runakay-Travel.jpg\"><img decoding=\"async\" loading=\"lazy\" class=\"alignnone size-medium wp-image-7772\" src=\"http:\/\/www.runakay-travel.com\/wp-content\/uploads\/2020\/03\/Paracas02_Runakay-Travel-300x200.jpg\" alt=\"\" width=\"300\" height=\"200\" srcset=\"http:\/\/www.runakay-travel.com\/wp-content\/uploads\/2020\/03\/Paracas02_Runakay-Travel-300x200.jpg 300w, http:\/\/www.runakay-travel.com\/wp-content\/uploads\/2020\/03\/Paracas02_Runakay-Travel-768x512.jpg 768w, http:\/\/www.runakay-travel.com\/wp-content\/uploads\/2020\/03\/Paracas02_Runakay-Travel-600x400.jpg 600w, http:\/\/www.runakay-travel.com\/wp-content\/uploads\/2020\/03\/Paracas02_Runakay-Travel-272x182.jpg 272w, http:\/\/www.runakay-travel.com\/wp-content\/uploads\/2020\/03\/Paracas02_Runakay-Travel.jpg 1000w\" sizes=\"(max-width: 300px) 100vw, 300px\" \/><\/a><\/p>\n<\/div>\n<\/div><\/div><\/div><div id=\"pgc-7322-3-1\"  class=\"panel-grid-cell\" ><div id=\"panel-7322-3-1-0\" class=\"so-panel widget widget_sow-editor panel-first-child panel-last-child\" data-index=\"3\" ><div class=\"so-widget-sow-editor so-widget-sow-editor-base\">\n<div class=\"siteorigin-widget-tinymce textwidget\">\n\t<p><a href=\"http:\/\/www.runakay-travel.com\/wp-content\/uploads\/2020\/03\/Paracas05_Runakay-Travel.jpg\"><img decoding=\"async\" loading=\"lazy\" class=\"alignnone size-medium wp-image-7775\" src=\"http:\/\/www.runakay-travel.com\/wp-content\/uploads\/2020\/03\/Paracas05_Runakay-Travel-300x200.jpg\" alt=\"\" width=\"300\" height=\"200\" srcset=\"http:\/\/www.runakay-travel.com\/wp-content\/uploads\/2020\/03\/Paracas05_Runakay-Travel-300x200.jpg 300w, http:\/\/www.runakay-travel.com\/wp-content\/uploads\/2020\/03\/Paracas05_Runakay-Travel-768x512.jpg 768w, http:\/\/www.runakay-travel.com\/wp-content\/uploads\/2020\/03\/Paracas05_Runakay-Travel-1024x683.jpg 1024w, http:\/\/www.runakay-travel.com\/wp-content\/uploads\/2020\/03\/Paracas05_Runakay-Travel-600x400.jpg 600w, http:\/\/www.runakay-travel.com\/wp-content\/uploads\/2020\/03\/Paracas05_Runakay-Travel-272x182.jpg 272w\" sizes=\"(max-width: 300px) 100vw, 300px\" \/><\/a><\/p>\n<\/div>\n<\/div><\/div><\/div><\/div><div id=\"pg-7322-4\"  class=\"panel-grid panel-no-style\" ><div id=\"pgc-7322-4-0\"  class=\"panel-grid-cell\" ><div id=\"panel-7322-4-0-0\" class=\"so-panel widget widget_sow-editor panel-first-child panel-last-child\" data-index=\"4\" ><div class=\"so-widget-sow-editor so-widget-sow-editor-base\">\n<div class=\"siteorigin-widget-tinymce textwidget\">\n\t<p>&nbsp;<\/p>\n<table border=\"1\" width=\"100%\" cellspacing=\"0\" cellpadding=\"4\">\n<colgroup>\n<col width=\"152*\" \/>\n<col width=\"104*\" \/> <\/colgroup>\n<tbody>\n<tr valign=\"TOP\">\n<td width=\"59%\">\n<p align=\"CENTER\"><span style=\"font-family: Calibri, sans-serif;\"><b>Excursi\u00f3n<\/b><\/span><\/p>\n<\/td>\n<td width=\"41%\">\n<p align=\"CENTER\"><span style=\"font-family: Calibri, sans-serif;\"><b>Precio por persona<\/b><\/span><\/p>\n<\/td>\n<\/tr>\n<tr valign=\"TOP\">\n<td width=\"59%\">\n<p align=\"CENTER\"><span style=\"font-family: Calibri, sans-serif;\">Islas Ballestas<\/span><\/p>\n<\/td>\n<td width=\"41%\">\n<p align=\"CENTER\"><span style=\"font-family: Calibri, sans-serif;\">Precio a consultar<br \/>\n<\/span><\/p>\n<\/td>\n<\/tr>\n<tr valign=\"TOP\">\n<td width=\"59%\">\n<p align=\"CENTER\"><span style=\"font-family: Calibri, sans-serif;\">Reserva Nacional<\/span><\/p>\n<\/td>\n<td width=\"41%\">\n<p align=\"CENTER\"><span style=\"font-family: Calibri, sans-serif;\">Precio a consultar<\/span><\/p>\n<\/td>\n<\/tr>\n<tr valign=\"TOP\">\n<td width=\"59%\">\n<p align=\"CENTER\"><span style=\"font-family: Calibri, sans-serif;\">Ica y Laguna Huacachina<\/span><\/p>\n<\/td>\n<td width=\"41%\">\n<p align=\"CENTER\"><span style=\"font-family: Calibri, sans-serif;\">Precio a consultar<\/span><\/p>\n<\/td>\n<\/tr>\n<\/tbody>\n<\/table>\n<h3><\/h3>\n<\/div>\n<\/div><\/div><\/div><\/div><div id=\"pg-7322-5\"  class=\"panel-grid panel-no-style\" ><div id=\"pgc-7322-5-0\"  class=\"panel-grid-cell\" ><div id=\"panel-7322-5-0-0\" class=\"so-panel widget widget_sow-editor panel-first-child panel-last-child\" data-index=\"5\" ><div class=\"so-widget-sow-editor so-widget-sow-editor-base\">\n<div class=\"siteorigin-widget-tinymce textwidget\">\n\t<p><a href=\"http:\/\/www.runakay-travel.com\/wp-content\/uploads\/2020\/03\/Paracas04_Runakay-Travel.jpg\"><img decoding=\"async\" loading=\"lazy\" class=\"alignnone size-medium wp-image-7774\" src=\"http:\/\/www.runakay-travel.com\/wp-content\/uploads\/2020\/03\/Paracas04_Runakay-Travel-300x200.jpg\" alt=\"\" width=\"300\" height=\"200\" srcset=\"http:\/\/www.runakay-travel.com\/wp-content\/uploads\/2020\/03\/Paracas04_Runakay-Travel-300x200.jpg 300w, http:\/\/www.runakay-travel.com\/wp-content\/uploads\/2020\/03\/Paracas04_Runakay-Travel-768x512.jpg 768w, http:\/\/www.runakay-travel.com\/wp-content\/uploads\/2020\/03\/Paracas04_Runakay-Travel-600x400.jpg 600w, http:\/\/www.runakay-travel.com\/wp-content\/uploads\/2020\/03\/Paracas04_Runakay-Travel-272x182.jpg 272w, http:\/\/www.runakay-travel.com\/wp-content\/uploads\/2020\/03\/Paracas04_Runakay-Travel.jpg 1000w\" sizes=\"(max-width: 300px) 100vw, 300px\" \/><\/a><\/p>\n<\/div>\n<\/div><\/div><\/div><div id=\"pgc-7322-5-1\"  class=\"panel-grid-cell\" ><div id=\"panel-7322-5-1-0\" class=\"so-panel widget widget_sow-editor panel-first-child panel-last-child\" data-index=\"6\" ><div class=\"so-widget-sow-editor so-widget-sow-editor-base\">\n<div class=\"siteorigin-widget-tinymce textwidget\">\n\t<p><a href=\"http:\/\/www.runakay-travel.com\/wp-content\/uploads\/2020\/03\/Paracas03_Runakay-Travel.jpg\"><img decoding=\"async\" loading=\"lazy\" class=\"alignnone size-medium wp-image-7773\" src=\"http:\/\/www.runakay-travel.com\/wp-content\/uploads\/2020\/03\/Paracas03_Runakay-Travel-300x200.jpg\" alt=\"\" width=\"300\" height=\"200\" srcset=\"http:\/\/www.runakay-travel.com\/wp-content\/uploads\/2020\/03\/Paracas03_Runakay-Travel-300x200.jpg 300w, http:\/\/www.runakay-travel.com\/wp-content\/uploads\/2020\/03\/Paracas03_Runakay-Travel-768x512.jpg 768w, http:\/\/www.runakay-travel.com\/wp-content\/uploads\/2020\/03\/Paracas03_Runakay-Travel-600x400.jpg 600w, http:\/\/www.runakay-travel.com\/wp-content\/uploads\/2020\/03\/Paracas03_Runakay-Travel-272x182.jpg 272w, http:\/\/www.runakay-travel.com\/wp-content\/uploads\/2020\/03\/Paracas03_Runakay-Travel.jpg 1000w\" sizes=\"(max-width: 300px) 100vw, 300px\" \/><\/a><\/p>\n<\/div>\n<\/div><\/div><\/div><\/div><div id=\"pg-7322-6\"  class=\"panel-grid panel-no-style\" ><div id=\"pgc-7322-6-0\"  class=\"panel-grid-cell\" ><div id=\"panel-7322-6-0-0\" class=\"so-panel widget widget_sow-editor panel-first-child panel-last-child\" data-index=\"7\" ><div class=\"so-widget-sow-editor so-widget-sow-editor-base\">\n<div class=\"siteorigin-widget-tinymce textwidget\">\n\t<p>La recomendaci\u00f3n para Paracas es lo siguiente:<\/p>\n<p>1. d\u00eda: Salida a las Islas Ballestas a las 8 hrs. de la ma\u00f1ana y el tour terrestre als las 11 hrs. de la ma\u00f1ana a la reserva nacional.<\/p>\n<p>2. d\u00eda: En la ma\u00f1ana tiempo para descansar o relajar, a las 12:00 hrs. excursi\u00f3n a Ica y la Laguna Huacachina<\/p>\n<p>&nbsp;<\/p>\n<h3><a class=\"btn  btn-primary\" href=\"https:\/\/www.runakay-travel.com\/reservar\/\" target=\"_self\"> Reservaci\u00f3n<\/a><\/h3>\n<\/div>\n<\/div><\/div><\/div><\/div><div id=\"pg-7322-7\"  class=\"panel-grid panel-no-style\" ><div id=\"pgc-7322-7-0\"  class=\"panel-grid-cell\" ><div id=\"panel-7322-7-0-0\" class=\"so-panel widget widget_sow-editor panel-first-child\" data-index=\"8\" ><div class=\"so-widget-sow-editor so-widget-sow-editor-base\">\n<div class=\"siteorigin-widget-tinymce textwidget\">\n\t<h2>HOTEL MAR AZUL**<\/h2>\n<p><a href=\"http:\/\/www.runakay-travel.com\/wp-content\/uploads\/2020\/03\/MarAzulParacas1_Runakay-Travel.jpg\"><img decoding=\"async\" loading=\"lazy\" class=\"alignnone size-medium wp-image-7331\" src=\"http:\/\/www.runakay-travel.com\/wp-content\/uploads\/2020\/03\/MarAzulParacas1_Runakay-Travel-300x200.jpg\" alt=\"\" width=\"300\" height=\"200\" srcset=\"http:\/\/www.runakay-travel.com\/wp-content\/uploads\/2020\/03\/MarAzulParacas1_Runakay-Travel-300x200.jpg 300w, http:\/\/www.runakay-travel.com\/wp-content\/uploads\/2020\/03\/MarAzulParacas1_Runakay-Travel-768x512.jpg 768w, http:\/\/www.runakay-travel.com\/wp-content\/uploads\/2020\/03\/MarAzulParacas1_Runakay-Travel-600x400.jpg 600w, http:\/\/www.runakay-travel.com\/wp-content\/uploads\/2020\/03\/MarAzulParacas1_Runakay-Travel-272x182.jpg 272w, http:\/\/www.runakay-travel.com\/wp-content\/uploads\/2020\/03\/MarAzulParacas1_Runakay-Travel.jpg 1000w\" sizes=\"(max-width: 300px) 100vw, 300px\" \/><\/a><\/p>\n<p><a href=\"http:\/\/www.runakay-travel.com\/wp-content\/uploads\/2020\/04\/MarAzul6_Runakay-Travel.jpg\"><img decoding=\"async\" loading=\"lazy\" class=\"alignnone size-medium wp-image-7862\" src=\"http:\/\/www.runakay-travel.com\/wp-content\/uploads\/2020\/04\/MarAzul6_Runakay-Travel-300x200.jpg\" alt=\"\" width=\"300\" height=\"200\" srcset=\"http:\/\/www.runakay-travel.com\/wp-content\/uploads\/2020\/04\/MarAzul6_Runakay-Travel-300x200.jpg 300w, http:\/\/www.runakay-travel.com\/wp-content\/uploads\/2020\/04\/MarAzul6_Runakay-Travel-768x512.jpg 768w, http:\/\/www.runakay-travel.com\/wp-content\/uploads\/2020\/04\/MarAzul6_Runakay-Travel-600x400.jpg 600w, http:\/\/www.runakay-travel.com\/wp-content\/uploads\/2020\/04\/MarAzul6_Runakay-Travel-272x182.jpg 272w, http:\/\/www.runakay-travel.com\/wp-content\/uploads\/2020\/04\/MarAzul6_Runakay-Travel.jpg 1000w\" sizes=\"(max-width: 300px) 100vw, 300px\" \/><\/a><\/p>\n<\/div>\n<\/div><\/div><div id=\"panel-7322-7-0-1\" class=\"so-panel widget widget_sow-editor panel-last-child\" data-index=\"9\" ><div class=\"so-widget-sow-editor so-widget-sow-editor-base\">\n<div class=\"siteorigin-widget-tinymce textwidget\">\n\t<p>Habitaciones simples, dobles, matrimo\u00f1ales y triples.<\/p>\n<p>Ba\u00f1o privado con agua caliente 24 horas<\/p>\n<p>TV con cable<\/p>\n<p>Balcones con vista al mar<\/p>\n<p>WIFI<\/p>\n<p>Teraza con vista a la Bahia de Paracas<\/p>\n<p>Desayuno<\/p>\n<p>&nbsp;<\/p>\n<p>&nbsp;<\/p>\n<table border=\"1\" width=\"100%\" cellspacing=\"0\" cellpadding=\"4\">\n<colgroup>\n<col width=\"145*\" \/>\n<col width=\"111*\" \/> <\/colgroup>\n<tbody>\n<tr valign=\"TOP\">\n<td width=\"57%\">\n<p align=\"CENTER\"><span style=\"font-family: Calibri, sans-serif;\"><b>Habitaci\u00f3n<\/b><\/span><\/p>\n<\/td>\n<td width=\"43%\">\n<p align=\"CENTER\"><span style=\"font-family: Calibri, sans-serif;\"><b>Precio por noche<\/b><\/span><\/p>\n<\/td>\n<\/tr>\n<tr valign=\"TOP\">\n<td width=\"57%\">\n<p align=\"CENTER\"><span style=\"font-family: Calibri, sans-serif;\">Hab. indivual<\/span><\/p>\n<\/td>\n<td width=\"43%\">\n<p align=\"CENTER\"><span style=\"font-family: Calibri, sans-serif;\">Precio a consultar<\/span><\/p>\n<\/td>\n<\/tr>\n<tr valign=\"TOP\">\n<td width=\"57%\">\n<p align=\"CENTER\"><span style=\"font-family: Calibri, sans-serif;\">Hab. doble\/matrimo\u00f1al<\/span><\/p>\n<\/td>\n<td width=\"43%\">\n<p align=\"CENTER\"><span style=\"font-family: Calibri, sans-serif;\">Precio a consultar<\/span><\/p>\n<\/td>\n<\/tr>\n<tr valign=\"TOP\">\n<td width=\"57%\">\n<p align=\"CENTER\"><span style=\"font-family: Calibri, sans-serif;\">Hab. triple<\/span><\/p>\n<\/td>\n<td width=\"43%\">\n<p align=\"CENTER\"><span style=\"font-family: Calibri, sans-serif;\">Precio a consultar<\/span><\/p>\n<\/td>\n<\/tr>\n<\/tbody>\n<\/table>\n<\/div>\n<\/div><\/div><\/div><div id=\"pgc-7322-7-1\"  class=\"panel-grid-cell\" ><div id=\"panel-7322-7-1-0\" class=\"so-panel widget widget_sow-editor panel-first-child\" data-index=\"10\" ><div class=\"so-widget-sow-editor so-widget-sow-editor-base\">\n<div class=\"siteorigin-widget-tinymce textwidget\">\n\t<h2>HOTEL EL GAMONAL***<\/h2>\n<p><a href=\"http:\/\/www.runakay-travel.com\/wp-content\/uploads\/2020\/03\/ElGamonal1_Runakay-Travel.jpg\"><img decoding=\"async\" loading=\"lazy\" class=\"alignnone size-medium wp-image-7326\" src=\"http:\/\/www.runakay-travel.com\/wp-content\/uploads\/2020\/03\/ElGamonal1_Runakay-Travel-300x200.jpg\" alt=\"\" width=\"300\" height=\"200\" srcset=\"http:\/\/www.runakay-travel.com\/wp-content\/uploads\/2020\/03\/ElGamonal1_Runakay-Travel-300x200.jpg 300w, http:\/\/www.runakay-travel.com\/wp-content\/uploads\/2020\/03\/ElGamonal1_Runakay-Travel-768x512.jpg 768w, http:\/\/www.runakay-travel.com\/wp-content\/uploads\/2020\/03\/ElGamonal1_Runakay-Travel-600x400.jpg 600w, http:\/\/www.runakay-travel.com\/wp-content\/uploads\/2020\/03\/ElGamonal1_Runakay-Travel-272x182.jpg 272w, http:\/\/www.runakay-travel.com\/wp-content\/uploads\/2020\/03\/ElGamonal1_Runakay-Travel.jpg 791w\" sizes=\"(max-width: 300px) 100vw, 300px\" \/><\/a><\/p>\n<p><a href=\"http:\/\/www.runakay-travel.com\/wp-content\/uploads\/2020\/04\/ElGamonal6_Runakay-Travel.jpg\"><img decoding=\"async\" loading=\"lazy\" class=\"alignnone size-medium wp-image-7863\" src=\"http:\/\/www.runakay-travel.com\/wp-content\/uploads\/2020\/04\/ElGamonal6_Runakay-Travel-300x200.jpg\" alt=\"\" width=\"300\" height=\"200\" srcset=\"http:\/\/www.runakay-travel.com\/wp-content\/uploads\/2020\/04\/ElGamonal6_Runakay-Travel-300x200.jpg 300w, http:\/\/www.runakay-travel.com\/wp-content\/uploads\/2020\/04\/ElGamonal6_Runakay-Travel-768x512.jpg 768w, http:\/\/www.runakay-travel.com\/wp-content\/uploads\/2020\/04\/ElGamonal6_Runakay-Travel-600x400.jpg 600w, http:\/\/www.runakay-travel.com\/wp-content\/uploads\/2020\/04\/ElGamonal6_Runakay-Travel-272x182.jpg 272w, http:\/\/www.runakay-travel.com\/wp-content\/uploads\/2020\/04\/ElGamonal6_Runakay-Travel.jpg 1000w\" sizes=\"(max-width: 300px) 100vw, 300px\" \/><\/a><\/p>\n<\/div>\n<\/div><\/div><div id=\"panel-7322-7-1-1\" class=\"so-panel widget widget_sow-editor panel-last-child\" data-index=\"11\" ><div class=\"so-widget-sow-editor so-widget-sow-editor-base\">\n<div class=\"siteorigin-widget-tinymce textwidget\">\n\t<p>Habitaciones simples, dobles, matrimo\u00f1ales y triples.<\/p>\n<p>Ba\u00f1o privado con agua caliente 24 horas<\/p>\n<p>TV con cable<\/p>\n<p>Balcones con vista al mar<\/p>\n<p>WIFI<\/p>\n<p>Teraza con vista a la Bahia de Paracas<\/p>\n<p>Piscina<\/p>\n<p>Desayuno<\/p>\n<p>&nbsp;<\/p>\n<table border=\"1\" width=\"100%\" cellspacing=\"0\" cellpadding=\"4\">\n<colgroup>\n<col width=\"145*\" \/>\n<col width=\"111*\" \/> <\/colgroup>\n<tbody>\n<tr valign=\"TOP\">\n<td width=\"57%\">\n<p align=\"CENTER\"><span style=\"font-family: Calibri, sans-serif;\"><b>Habitaci\u00f3n<\/b><\/span><\/p>\n<\/td>\n<td width=\"43%\">\n<p align=\"CENTER\"><span style=\"font-family: Calibri, sans-serif;\"><b>Precio por noche<\/b><\/span><\/p>\n<\/td>\n<\/tr>\n<tr valign=\"TOP\">\n<td width=\"57%\">\n<p align=\"CENTER\"><span style=\"font-family: Calibri, sans-serif;\">Hab. indivual<\/span><\/p>\n<\/td>\n<td width=\"43%\">\n<p align=\"CENTER\"><span style=\"font-family: Calibri, sans-serif;\">Precio a consultar<\/span><\/p>\n<\/td>\n<\/tr>\n<tr valign=\"TOP\">\n<td width=\"57%\">\n<p align=\"CENTER\"><span style=\"font-family: Calibri, sans-serif;\">Hab. doble\/matrimo\u00f1al<\/span><\/p>\n<\/td>\n<td width=\"43%\">\n<p align=\"CENTER\"><span style=\"font-family: Calibri, sans-serif;\">Precio a consultar<\/span><\/p>\n<\/td>\n<\/tr>\n<tr valign=\"TOP\">\n<td width=\"57%\">\n<p align=\"CENTER\"><span style=\"font-family: Calibri, sans-serif;\">Hab. triple<\/span><\/p>\n<\/td>\n<td width=\"43%\">\n<p align=\"CENTER\"><span style=\"font-family: Calibri, sans-serif;\">Precio a consultar<\/span><\/p>\n<\/td>\n<\/tr>\n<\/tbody>\n<\/table>\n<\/div>\n<\/div><\/div><\/div><\/div><div id=\"pg-7322-8\"  class=\"panel-grid panel-no-style\" ><div id=\"pgc-7322-8-0\"  class=\"panel-grid-cell\" ><div id=\"panel-7322-8-0-0\" class=\"so-panel widget widget_sow-editor panel-first-child panel-last-child\" data-index=\"12\" ><div class=\"so-widget-sow-editor so-widget-sow-editor-base\">\n<div class=\"siteorigin-widget-tinymce textwidget\">\n\t<h3><a class=\"btn  btn-primary\" href=\"https:\/\/www.runakay-travel.com\/reservar\/\" target=\"_self\"> Reservaci\u00f3n<\/a><\/h3>\n<\/div>\n<\/div><\/div><\/div><\/div><\/div>","protected":false},"excerpt":{"rendered":"<p>ICA NUESTRO PAQUETE DE EXCURSIONES &#8211; PARACAS Islas Ballestas (excursi\u00f3n en bote para observar aves) &#8211; salida 8:00 hrs. de la ma\u00f1ana &#8211; duraci\u00f3n dos horas (vistiamos la Bahia de Paracas, Punta Pejerry, Candelabro &#8222;Geoglifo&#8220; que es similar a las lineas de Nazca y las Islas Ballestas con aves, guaneras, ping\u00fcinos gaviotas y lobos marinos). &hellip;<\/p>\n","protected":false},"author":1,"featured_media":0,"parent":6817,"menu_order":0,"comment_status":"closed","ping_status":"closed","template":"","meta":[],"_links":{"self":[{"href":"http:\/\/www.runakay-travel.com\/de\/wp-json\/wp\/v2\/pages\/7322"}],"collection":[{"href":"http:\/\/www.runakay-travel.com\/de\/wp-json\/wp\/v2\/pages"}],"about":[{"href":"http:\/\/www.runakay-travel.com\/de\/wp-json\/wp\/v2\/types\/page"}],"author":[{"embeddable":true,"href":"http:\/\/www.runakay-travel.com\/de\/wp-json\/wp\/v2\/users\/1"}],"replies":[{"embeddable":true,"href":"http:\/\/www.runakay-travel.com\/de\/wp-json\/wp\/v2\/comments?post=7322"}],"version-history":[{"count":53,"href":"http:\/\/www.runakay-travel.com\/de\/wp-json\/wp\/v2\/pages\/7322\/revisions"}],"predecessor-version":[{"id":8495,"href":"http:\/\/www.runakay-travel.com\/de\/wp-json\/wp\/v2\/pages\/7322\/revisions\/8495"}],"up":[{"embeddable":true,"href":"http:\/\/www.runakay-travel.com\/de\/wp-json\/wp\/v2\/pages\/6817"}],"wp:attachment":[{"href":"http:\/\/www.runakay-travel.com\/de\/wp-json\/wp\/v2\/media?parent=7322"}],"curies":[{"name":"wp","href":"https:\/\/api.w.org\/{rel}","templated":true}]}}