{"id":9894,"date":"2025-04-20T14:43:48","date_gmt":"2025-04-20T12:43:48","guid":{"rendered":"http:\/\/www.runakay-travel.com\/?page_id=9894"},"modified":"2025-05-23T14:05:25","modified_gmt":"2025-05-23T12:05:25","slug":"slovensko","status":"publish","type":"page","link":"http:\/\/www.runakay-travel.com\/de\/slovensko\/","title":{"rendered":"SLOVENSKO &#8211; SLOWAKEI &#8211; SLOVAKIA"},"content":{"rendered":"<div id=\"pl-9894\"  class=\"panel-layout\" ><div id=\"pg-9894-0\"  class=\"panel-grid panel-no-style\" ><div id=\"pgc-9894-0-0\"  class=\"panel-grid-cell\" ><div id=\"panel-9894-0-0-0\" class=\"so-panel widget widget_pw_special_title widget-special-title panel-first-child panel-last-child\" data-index=\"0\" >\t\t\t<h2 class=\"special-title\">\n\t\t\t\tSLOVENSKO\t\t\t<\/h2>\n\t\t<\/div><\/div><\/div><div id=\"pg-9894-1\"  class=\"panel-grid panel-no-style\" ><div id=\"pgc-9894-1-0\"  class=\"panel-grid-cell panel-grid-cell-empty\" ><\/div><\/div><div id=\"pg-9894-2\"  class=\"panel-grid panel-no-style\" ><div id=\"pgc-9894-2-0\"  class=\"panel-grid-cell panel-grid-cell-empty\" ><\/div><\/div><div id=\"pg-9894-3\"  class=\"panel-grid panel-no-style\" ><div id=\"pgc-9894-3-0\"  class=\"panel-grid-cell panel-grid-cell-empty\" ><\/div><\/div><div id=\"pg-9894-4\"  class=\"panel-grid panel-no-style\" ><div id=\"pgc-9894-4-0\"  class=\"panel-grid-cell\" ><div id=\"panel-9894-4-0-0\" class=\"so-panel widget widget_pw_image_banner widget-image-banner panel-first-child panel-last-child\" data-index=\"1\" >\t\t\t\t\t\t\t\t\t<a href=\"#\" target=\"_self\" class=\"image-banner\">\n\t\t\t\t\t\t\t\t\t<img class=\"img-fluid  image-banner__image\" src=\"http:\/\/www.runakay-travel.com\/wp-content\/uploads\/2025\/04\/MaleKarp.jpg\" alt=\"WESTLICHE SLOWAKEI\">\n\t\t\t\t\t<div class=\"image-banner__content  image-banner__content--normal\">\n\t\t\t\t\t\t<div class=\"h3  image-banner__title\" style=\"color: #ffffff\">\n\t\t\t\t\t\t\tWESTLICHE SLOWAKEI\t\t\t\t\t\t<\/div>\n\t\t\t\t\t\t\t\t\t\t\t\t\t\t\t\t\t<\/div>\n\t\t\t\t\t\t\t\t\t<\/a>\n\t\t\t\t\t\t\t<\/div><\/div><div id=\"pgc-9894-4-1\"  class=\"panel-grid-cell\" ><div id=\"panel-9894-4-1-0\" class=\"so-panel widget widget_pw_image_banner widget-image-banner panel-first-child panel-last-child\" data-index=\"2\" >\t\t\t\t\t\t\t\t\t<a href=\"#\" target=\"_self\" class=\"image-banner\">\n\t\t\t\t\t\t\t\t\t<img class=\"img-fluid  image-banner__image\" src=\"http:\/\/www.runakay-travel.com\/wp-content\/uploads\/2025\/04\/StredSK.jpg\" alt=\"MITTLERE SLOWAKEI\">\n\t\t\t\t\t<div class=\"image-banner__content  image-banner__content--normal\">\n\t\t\t\t\t\t<div class=\"h3  image-banner__title\" style=\"color: #ffffff\">\n\t\t\t\t\t\t\tMITTLERE SLOWAKEI\t\t\t\t\t\t<\/div>\n\t\t\t\t\t\t\t\t\t\t\t\t\t\t\t\t\t<\/div>\n\t\t\t\t\t\t\t\t\t<\/a>\n\t\t\t\t\t\t\t<\/div><\/div><div id=\"pgc-9894-4-2\"  class=\"panel-grid-cell\" ><div id=\"panel-9894-4-2-0\" class=\"so-panel widget widget_pw_image_banner widget-image-banner panel-first-child panel-last-child\" data-index=\"3\" >\t\t\t\t\t\t\t\t\t<a href=\"#\" target=\"_self\" class=\"image-banner\">\n\t\t\t\t\t\t\t\t\t<img class=\"img-fluid  image-banner__image\" src=\"http:\/\/www.runakay-travel.com\/wp-content\/uploads\/2025\/04\/NizkeTatry.jpg\" alt=\"NIEDERE TATRA\">\n\t\t\t\t\t<div class=\"image-banner__content  image-banner__content--normal\">\n\t\t\t\t\t\t<div class=\"h3  image-banner__title\" style=\"color: #ffffff\">\n\t\t\t\t\t\t\tNIEDERE TATRA\t\t\t\t\t\t<\/div>\n\t\t\t\t\t\t\t\t\t\t\t\t\t\t\t\t\t<\/div>\n\t\t\t\t\t\t\t\t\t<\/a>\n\t\t\t\t\t\t\t<\/div><\/div><\/div><div id=\"pg-9894-5\"  class=\"panel-grid panel-no-style\" ><div id=\"pgc-9894-5-0\"  class=\"panel-grid-cell\" ><div id=\"panel-9894-5-0-0\" class=\"so-panel widget widget_pw_image_banner widget-image-banner panel-first-child panel-last-child\" data-index=\"4\" >\t\t\t\t\t\t\t\t\t<a href=\"#\" target=\"_self\" class=\"image-banner\">\n\t\t\t\t\t\t\t\t\t<img class=\"img-fluid  image-banner__image\" src=\"http:\/\/www.runakay-travel.com\/wp-content\/uploads\/2025\/04\/ZapadneTatry.jpg\" alt=\"WESTLICHE TATRA\">\n\t\t\t\t\t<div class=\"image-banner__content  image-banner__content--normal\">\n\t\t\t\t\t\t<div class=\"h3  image-banner__title\" style=\"color: #ffffff\">\n\t\t\t\t\t\t\tWESTLICHE TATRA\t\t\t\t\t\t<\/div>\n\t\t\t\t\t\t\t\t\t\t\t\t\t\t\t\t\t<\/div>\n\t\t\t\t\t\t\t\t\t<\/a>\n\t\t\t\t\t\t\t<\/div><\/div><div id=\"pgc-9894-5-1\"  class=\"panel-grid-cell\" ><div id=\"panel-9894-5-1-0\" class=\"so-panel widget widget_pw_image_banner widget-image-banner panel-first-child panel-last-child\" data-index=\"5\" >\t\t\t\t\t\t\t\t\t<a href=\"#\" target=\"_self\" class=\"image-banner\">\n\t\t\t\t\t\t\t\t\t<img class=\"img-fluid  image-banner__image\" src=\"http:\/\/www.runakay-travel.com\/wp-content\/uploads\/2025\/04\/VysokeTat.jpg\" alt=\"HOHE TATRA\">\n\t\t\t\t\t<div class=\"image-banner__content  image-banner__content--normal\">\n\t\t\t\t\t\t<div class=\"h3  image-banner__title\" style=\"color: #ffffff\">\n\t\t\t\t\t\t\tHOHE TATRA\t\t\t\t\t\t<\/div>\n\t\t\t\t\t\t\t\t\t\t\t\t\t\t\t\t\t<\/div>\n\t\t\t\t\t\t\t\t\t<\/a>\n\t\t\t\t\t\t\t<\/div><\/div><div id=\"pgc-9894-5-2\"  class=\"panel-grid-cell\" ><div id=\"panel-9894-5-2-0\" class=\"so-panel widget widget_pw_image_banner widget-image-banner panel-first-child panel-last-child\" data-index=\"6\" >\t\t\t\t\t\t\t\t\t<a href=\"#\" target=\"_self\" class=\"image-banner\">\n\t\t\t\t\t\t\t\t\t<img class=\"img-fluid  image-banner__image\" src=\"http:\/\/www.runakay-travel.com\/wp-content\/uploads\/2025\/04\/Vychod.jpg\" alt=\"OSTSLOWAKEI\">\n\t\t\t\t\t<div class=\"image-banner__content  image-banner__content--normal\">\n\t\t\t\t\t\t<div class=\"h3  image-banner__title\" style=\"color: #ffffff\">\n\t\t\t\t\t\t\tOSTSLOWAKEI\t\t\t\t\t\t<\/div>\n\t\t\t\t\t\t\t\t\t\t\t\t\t\t\t\t\t<\/div>\n\t\t\t\t\t\t\t\t\t<\/a>\n\t\t\t\t\t\t\t<\/div><\/div><\/div><div id=\"pg-9894-6\"  class=\"panel-grid panel-no-style\" ><div id=\"pgc-9894-6-0\"  class=\"panel-grid-cell panel-grid-cell-empty\" ><\/div><\/div><div id=\"pg-9894-7\"  class=\"panel-grid panel-no-style\" ><div id=\"pgc-9894-7-0\"  class=\"panel-grid-cell\" ><div id=\"panel-9894-7-0-0\" class=\"so-panel widget widget_sow-editor panel-first-child panel-last-child\" data-index=\"7\" ><div class=\"so-widget-sow-editor so-widget-sow-editor-base\">\n<div class=\"siteorigin-widget-tinymce textwidget\">\n\t<p><strong>Was erwartet Sie an dieser Stelle:<\/strong><\/p>\n<p>Auf dieser Seite erscheinen demn\u00e4chst verschiedene Wanderungen im Herzen Europas - in der Slowakei. Die Texte in diesem Bereich werden grunds\u00e4tzlich in der deutschen Sprache verfasst. Bei Bedarf kann die \u00dcbersetzung \u00fcber den Computer in die gew\u00fcnschte Sprache erfolgen. Des Weiteren erg\u00e4nzen Bilder, eine exakte Beschreibung der Strecke und eine Karten\u00fcbersicht jede einzelne Tour. Auf Wunsch und gegen eine kleine Spende wird auch ein GPS-Track zur Verf\u00fcgung gestellt, damit jeder die Wanderung eigenst\u00e4ndig nachlaufen kann. Schreiben Sie uns: info@runakay-travel.com<\/p>\n<p><strong>Folgende Themenbl\u00f6cke werden an dieser Stelle nach und nach erfasst:<\/strong><\/p>\n<p>- Westliche Slowakei (Von Bratislava bis zu den Beskiden)<\/p>\n<p>- Mittlere Slowakei\u00a0 (Gro\u00dfe und Kleine Fatra sowie den Beskiden im Norden bis an die Donau hinunter im S\u00fcden)<\/p>\n<p>- Niedere Tatra und Slowakisches Paradies<\/p>\n<p>- Westliche Tatra (mit ausgew\u00e4hlten Touren in Polen und den h\u00f6chsten Gipfeln der Beskiden)<\/p>\n<p>- Hohe Tatra<\/p>\n<p>- Ostslowakei (alle Gebirge \u00f6stlich der Tatras bis zur ukrainischen Grenze)<\/p>\n<\/div>\n<\/div><\/div><\/div><\/div><\/div>","protected":false},"excerpt":{"rendered":"<p>SLOVENSKO WESTLICHE SLOWAKEI MITTLERE SLOWAKEI NIEDERE TATRA WESTLICHE TATRA HOHE TATRA OSTSLOWAKEI Was erwartet Sie an dieser Stelle: Auf dieser Seite erscheinen demn\u00e4chst verschiedene Wanderungen im Herzen Europas &#8211; in der Slowakei. Die Texte in diesem Bereich werden grunds\u00e4tzlich in der deutschen Sprache verfasst. Bei Bedarf kann die \u00dcbersetzung \u00fcber den Computer in die gew\u00fcnschte &hellip;<\/p>\n","protected":false},"author":3,"featured_media":0,"parent":0,"menu_order":0,"comment_status":"closed","ping_status":"closed","template":"","meta":[],"_links":{"self":[{"href":"http:\/\/www.runakay-travel.com\/de\/wp-json\/wp\/v2\/pages\/9894"}],"collection":[{"href":"http:\/\/www.runakay-travel.com\/de\/wp-json\/wp\/v2\/pages"}],"about":[{"href":"http:\/\/www.runakay-travel.com\/de\/wp-json\/wp\/v2\/types\/page"}],"author":[{"embeddable":true,"href":"http:\/\/www.runakay-travel.com\/de\/wp-json\/wp\/v2\/users\/3"}],"replies":[{"embeddable":true,"href":"http:\/\/www.runakay-travel.com\/de\/wp-json\/wp\/v2\/comments?post=9894"}],"version-history":[{"count":29,"href":"http:\/\/www.runakay-travel.com\/de\/wp-json\/wp\/v2\/pages\/9894\/revisions"}],"predecessor-version":[{"id":10070,"href":"http:\/\/www.runakay-travel.com\/de\/wp-json\/wp\/v2\/pages\/9894\/revisions\/10070"}],"wp:attachment":[{"href":"http:\/\/www.runakay-travel.com\/de\/wp-json\/wp\/v2\/media?parent=9894"}],"curies":[{"name":"wp","href":"https:\/\/api.w.org\/{rel}","templated":true}]}}