{"id":9950,"date":"2025-04-25T11:14:16","date_gmt":"2025-04-25T09:14:16","guid":{"rendered":"http:\/\/www.runakay-travel.com\/?page_id=9950"},"modified":"2026-04-05T22:14:56","modified_gmt":"2026-04-05T20:14:56","slug":"rus","status":"publish","type":"page","link":"http:\/\/www.runakay-travel.com\/de\/rus\/","title":{"rendered":"RUSSLAND"},"content":{"rendered":"<div id=\"pl-9950\"  class=\"panel-layout\" ><div id=\"pg-9950-0\"  class=\"panel-grid panel-no-style\" ><div id=\"pgc-9950-0-0\"  class=\"panel-grid-cell\" ><div id=\"panel-9950-0-0-0\" class=\"so-panel widget widget_pw_special_title widget-special-title panel-first-child panel-last-child\" data-index=\"0\" >\t\t\t<h2 class=\"special-title\">\n\t\t\t\t\u0420\u043e\u0441\u0441\u0438\u044f\t\t\t<\/h2>\n\t\t<\/div><\/div><\/div><div id=\"pg-9950-1\"  class=\"panel-grid panel-no-style\" ><div id=\"pgc-9950-1-0\"  class=\"panel-grid-cell panel-grid-cell-empty\" ><\/div><\/div><div id=\"pg-9950-2\"  class=\"panel-grid panel-no-style\" ><div id=\"pgc-9950-2-0\"  class=\"panel-grid-cell panel-grid-cell-empty\" ><\/div><\/div><div id=\"pg-9950-3\"  class=\"panel-grid panel-no-style\" ><div id=\"pgc-9950-3-0\"  class=\"panel-grid-cell panel-grid-cell-empty\" ><\/div><\/div><div id=\"pg-9950-4\"  class=\"panel-grid panel-no-style\" ><div id=\"pgc-9950-4-0\"  class=\"panel-grid-cell\" ><div id=\"panel-9950-4-0-0\" class=\"so-panel widget widget_pw_image_banner widget-image-banner panel-first-child panel-last-child\" data-index=\"1\" >\t\t\t\t\t\t\t\t\t<a href=\"http:\/\/Passenden%20Link%20einf\u00fcgen\" target=\"_self\" class=\"image-banner\">\n\t\t\t\t\t\t\t\t\t<img class=\"img-fluid  image-banner__image\" src=\"http:\/\/www.runakay-travel.com\/wp-content\/uploads\/2025\/04\/RUS1.jpg\" alt=\"ESPA\u00d1OL\">\n\t\t\t\t\t<div class=\"image-banner__content  image-banner__content--normal\">\n\t\t\t\t\t\t<div class=\"h3  image-banner__title\" style=\"color: #ffffff\">\n\t\t\t\t\t\t\tESPA\u00d1OL\t\t\t\t\t\t<\/div>\n\t\t\t\t\t\t\t\t\t\t\t\t\t\t\t\t\t<\/div>\n\t\t\t\t\t\t\t\t\t<\/a>\n\t\t\t\t\t\t\t<\/div><\/div><div id=\"pgc-9950-4-1\"  class=\"panel-grid-cell\" ><div id=\"panel-9950-4-1-0\" class=\"so-panel widget widget_pw_image_banner widget-image-banner panel-first-child panel-last-child\" data-index=\"2\" >\t\t\t\t\t\t\t\t\t<a href=\"#\" target=\"_self\" class=\"image-banner\">\n\t\t\t\t\t\t\t\t\t<img class=\"img-fluid  image-banner__image\" src=\"http:\/\/www.runakay-travel.com\/wp-content\/uploads\/2025\/04\/RUS2.jpg\" alt=\"ENGLISH\">\n\t\t\t\t\t<div class=\"image-banner__content  image-banner__content--normal\">\n\t\t\t\t\t\t<div class=\"h3  image-banner__title\" style=\"color: #ffffff\">\n\t\t\t\t\t\t\tENGLISH\t\t\t\t\t\t<\/div>\n\t\t\t\t\t\t\t\t\t\t\t\t\t\t\t\t\t<\/div>\n\t\t\t\t\t\t\t\t\t<\/a>\n\t\t\t\t\t\t\t<\/div><\/div><div id=\"pgc-9950-4-2\"  class=\"panel-grid-cell\" ><div id=\"panel-9950-4-2-0\" class=\"so-panel widget widget_pw_image_banner widget-image-banner panel-first-child panel-last-child\" data-index=\"3\" >\t\t\t\t\t\t\t\t\t<a href=\"http:\/\/Link%20mit%20Deutsch\" target=\"_self\" class=\"image-banner\">\n\t\t\t\t\t\t\t\t\t<img class=\"img-fluid  image-banner__image\" src=\"http:\/\/www.runakay-travel.com\/wp-content\/uploads\/2025\/04\/RUS3.jpg\" alt=\"DEUTSCH\">\n\t\t\t\t\t<div class=\"image-banner__content  image-banner__content--normal\">\n\t\t\t\t\t\t<div class=\"h3  image-banner__title\" style=\"color: #ffffff\">\n\t\t\t\t\t\t\tDEUTSCH\t\t\t\t\t\t<\/div>\n\t\t\t\t\t\t\t\t\t\t\t\t\t\t\t\t\t<\/div>\n\t\t\t\t\t\t\t\t\t<\/a>\n\t\t\t\t\t\t\t<\/div><\/div><\/div><div id=\"pg-9950-5\"  class=\"panel-grid panel-no-style\" ><div id=\"pgc-9950-5-0\"  class=\"panel-grid-cell\" ><div id=\"panel-9950-5-0-0\" class=\"so-panel widget widget_text panel-first-child panel-last-child\" data-index=\"4\" >\t\t\t<div class=\"textwidget\"><p><strong>DEUTSCH:\u00a0<\/strong>Die erste Reise nach Kaliningrad (ehemals K\u00f6nigsberg in Ostpreu\u00dfen) ist f\u00fcr Mitte Juni 2026 geplant. Genaue Details werden in den n\u00e4chsten Tagen ver\u00f6ffentlicht.<\/p>\n<p>Da momentan in der Europ\u00e4ischen Union der Verkauf von Pauschalreisen nach Russland verboten ist, kann Runakay Travel diese Reise nur \u00fcber das B\u00fcro in Arequipa, Peru verkaufen. Ein deutschsprechender Ansprechpartner steht selbstverst\u00e4ndlich zur Verf\u00fcgung und wird wie gewohnt mit Rat und Tat zur Seite stehen.<\/p>\n<p><strong>ESPA\u00d1OL: <\/strong>Muy pronto ofrecemos m\u00e1s informaciones&#8230;<\/p>\n<p><strong>ENGLISH: <\/strong>Shortly further information will follow&#8230;<\/p>\n<div class=\"lRu31\" dir=\"ltr\">\n<div id=\"ow25\"><\/div>\n<\/div>\n<\/div>\n\t\t<\/div><\/div><\/div><\/div>","protected":false},"excerpt":{"rendered":"<p>\u0420\u043e\u0441\u0441\u0438\u044f ESPA\u00d1OL ENGLISH DEUTSCH DEUTSCH:\u00a0Die erste Reise nach Kaliningrad (ehemals K\u00f6nigsberg in Ostpreu\u00dfen) ist f\u00fcr Mitte Juni 2026 geplant. Genaue Details werden in den n\u00e4chsten Tagen ver\u00f6ffentlicht. Da momentan in der Europ\u00e4ischen Union der Verkauf von Pauschalreisen nach Russland verboten ist, kann Runakay Travel diese Reise nur \u00fcber das B\u00fcro in Arequipa, Peru verkaufen. Ein &hellip;<\/p>\n","protected":false},"author":3,"featured_media":0,"parent":0,"menu_order":0,"comment_status":"closed","ping_status":"closed","template":"","meta":[],"_links":{"self":[{"href":"http:\/\/www.runakay-travel.com\/de\/wp-json\/wp\/v2\/pages\/9950"}],"collection":[{"href":"http:\/\/www.runakay-travel.com\/de\/wp-json\/wp\/v2\/pages"}],"about":[{"href":"http:\/\/www.runakay-travel.com\/de\/wp-json\/wp\/v2\/types\/page"}],"author":[{"embeddable":true,"href":"http:\/\/www.runakay-travel.com\/de\/wp-json\/wp\/v2\/users\/3"}],"replies":[{"embeddable":true,"href":"http:\/\/www.runakay-travel.com\/de\/wp-json\/wp\/v2\/comments?post=9950"}],"version-history":[{"count":43,"href":"http:\/\/www.runakay-travel.com\/de\/wp-json\/wp\/v2\/pages\/9950\/revisions"}],"predecessor-version":[{"id":10113,"href":"http:\/\/www.runakay-travel.com\/de\/wp-json\/wp\/v2\/pages\/9950\/revisions\/10113"}],"wp:attachment":[{"href":"http:\/\/www.runakay-travel.com\/de\/wp-json\/wp\/v2\/media?parent=9950"}],"curies":[{"name":"wp","href":"https:\/\/api.w.org\/{rel}","templated":true}]}}