{"id":2506,"date":"2019-08-03T10:10:34","date_gmt":"2019-08-03T08:10:34","guid":{"rendered":"http:\/\/www.runakay-travel.com\/?page_id=2506"},"modified":"2023-06-28T15:23:10","modified_gmt":"2023-06-28T13:23:10","slug":"asiaes","status":"publish","type":"page","link":"http:\/\/www.runakay-travel.com\/es\/asia\/asiaes\/","title":{"rendered":"AS\u00cdA"},"content":{"rendered":"<div id=\"pl-2506\"  class=\"panel-layout\" ><div id=\"pg-2506-0\"  class=\"panel-grid panel-no-style\" ><div id=\"pgc-2506-0-0\"  class=\"panel-grid-cell\" ><div id=\"panel-2506-0-0-0\" class=\"so-panel widget widget_pw_special_title widget-special-title panel-first-child panel-last-child\" data-index=\"0\" >\t\t\t<h2 class=\"special-title\">\n\t\t\t\tBUT\u00c1N\t\t\t<\/h2>\n\t\t<\/div><\/div><\/div><div id=\"pg-2506-1\"  class=\"panel-grid panel-no-style\" ><div id=\"pgc-2506-1-0\"  class=\"panel-grid-cell panel-grid-cell-empty\" ><\/div><\/div><div id=\"pg-2506-2\"  class=\"panel-grid panel-no-style\" ><div id=\"pgc-2506-2-0\"  class=\"panel-grid-cell\" ><div id=\"panel-2506-2-0-0\" class=\"so-panel widget widget_pw_special_offer widget-special-offer panel-first-child panel-last-child\" data-index=\"1\" >\t\t\t\t<div class=\"special-offer\">\n\t\t\t\t\t<div class=\"special-offer__image\">\n\t\t\t\t\t\t<img class=\"img-fluid\" src=\"http:\/\/www.runakay-travel.com\/wp-content\/uploads\/2019\/08\/Bhutan1_Runakay-Travel-Altitudes-Bolivia-KM-Turismo.jpg\" alt=\"BUT\u00c1N - pa\u00eds de la gente feliz\">\n\t\t\t\t\t\t<div class=\"special-offer__location\">\n\t\t\t\t\t\t\t<i class=\"fa \" aria-hidden=\"true\"><\/i> \t\t\t\t\t\t<\/div>\n\t\t\t\t\t<\/div>\n\t\t\t\t\t<div class=\"special-offer__content\">\n\t\t\t\t\t\t\t\t\t\t\t\t\t<div class=\"special-offer__price\">\n\t\t\t\t\t\t\t\tdesde 449,- US$ por d\u00eda\t\t\t\t\t\t\t<\/div>\n\t\t\t\t\t\t\t\t\t\t\t\t\t\t\t\t\t\t\t<div class=\"special-offer__label\">\n\t\t\t\t\t\t\t\tNaturaleza y cultura\t\t\t\t\t\t\t<\/div>\n\t\t\t\t\t\t\t\t\t\t\t\t\t\t\t\t\t\t\t<p class=\"h4  special-offer__title\">\n\t\t\t\t\t\t\t\tBUT\u00c1N - pa\u00eds de la gente feliz\t\t\t\t\t\t\t<\/p>\n\t\t\t\t\t\t\t\t\t\t\t\t\t\t\t\t\t\t\t<p class=\"special-offer__text\">\n\t\t\t\t\t\t\t\tLa experiencia \u00fanica en el coraz\u00f3n del Himalaya.\t\t\t\t\t\t\t<\/p>\n\t\t\t\t\t\t\t\t\t\t\t\t\t\t\t\t\t\t\t<a href=\"http:\/\/www.runakay-travel.com\/asia\/asiaes\/bhutanes\" target=\"_self\" class=\"btn  btn-primary  btn-outline-primary  special-offer__cta\">Nuestros tours a But\u00e1n<\/a>\n\t\t\t\t\t\t\t\t\t\t\t<\/div>\n\t\t\t\t<\/div>\n\n\t\t\t<\/div><\/div><div id=\"pgc-2506-2-1\"  class=\"panel-grid-cell\" ><div id=\"panel-2506-2-1-0\" class=\"so-panel widget widget_sow-editor panel-first-child\" data-index=\"2\" ><div class=\"so-widget-sow-editor so-widget-sow-editor-base\">\n<div class=\"siteorigin-widget-tinymce textwidget\">\n\t<p><a href=\"http:\/\/www.runakay-travel.com\/wp-content\/uploads\/2019\/08\/Bhutan3_Runakay-Travel-Altitudes-Bolivia-KM-Turismo.jpg\"><img decoding=\"async\" loading=\"lazy\" class=\"alignnone size-medium wp-image-2308\" src=\"http:\/\/www.runakay-travel.com\/wp-content\/uploads\/2019\/08\/Bhutan3_Runakay-Travel-Altitudes-Bolivia-KM-Turismo-300x200.jpg\" alt=\"\" width=\"300\" height=\"200\" srcset=\"http:\/\/www.runakay-travel.com\/wp-content\/uploads\/2019\/08\/Bhutan3_Runakay-Travel-Altitudes-Bolivia-KM-Turismo-300x200.jpg 300w, http:\/\/www.runakay-travel.com\/wp-content\/uploads\/2019\/08\/Bhutan3_Runakay-Travel-Altitudes-Bolivia-KM-Turismo-768x512.jpg 768w, http:\/\/www.runakay-travel.com\/wp-content\/uploads\/2019\/08\/Bhutan3_Runakay-Travel-Altitudes-Bolivia-KM-Turismo-1024x683.jpg 1024w, http:\/\/www.runakay-travel.com\/wp-content\/uploads\/2019\/08\/Bhutan3_Runakay-Travel-Altitudes-Bolivia-KM-Turismo-600x400.jpg 600w, http:\/\/www.runakay-travel.com\/wp-content\/uploads\/2019\/08\/Bhutan3_Runakay-Travel-Altitudes-Bolivia-KM-Turismo-272x182.jpg 272w, http:\/\/www.runakay-travel.com\/wp-content\/uploads\/2019\/08\/Bhutan3_Runakay-Travel-Altitudes-Bolivia-KM-Turismo.jpg 1027w\" sizes=\"(max-width: 300px) 100vw, 300px\" \/><\/a><\/p>\n<\/div>\n<\/div><\/div><div id=\"panel-2506-2-1-1\" class=\"so-panel widget widget_sow-editor\" data-index=\"3\" ><div class=\"so-widget-sow-editor so-widget-sow-editor-base\">\n<div class=\"siteorigin-widget-tinymce textwidget\">\n\t<p><span class=\"tlid-translation translation\" lang=\"es\"><span class=\"\" title=\"\">Viajes individuales para una persona o grupos peque\u00f1os a partir de 2 personas.<\/span><\/span><\/p>\n<p><span title=\"\">El inicio del recorrido es posible todos los d\u00edas.<\/span><\/p>\n<\/div>\n<\/div><\/div><div id=\"panel-2506-2-1-2\" class=\"so-panel widget widget_sow-editor panel-last-child\" data-index=\"4\" ><div class=\"so-widget-sow-editor so-widget-sow-editor-base\">\n<div class=\"siteorigin-widget-tinymce textwidget\">\n\t<p><a href=\"http:\/\/www.runakay-travel.com\/wp-content\/uploads\/2019\/08\/Bhutan2_Runakay-Travel-Altitudes-Bolivia-KM-Turismo.jpg\"><img decoding=\"async\" loading=\"lazy\" class=\"alignnone size-medium wp-image-2306\" src=\"http:\/\/www.runakay-travel.com\/wp-content\/uploads\/2019\/08\/Bhutan2_Runakay-Travel-Altitudes-Bolivia-KM-Turismo-300x200.jpg\" alt=\"\" width=\"300\" height=\"200\" srcset=\"http:\/\/www.runakay-travel.com\/wp-content\/uploads\/2019\/08\/Bhutan2_Runakay-Travel-Altitudes-Bolivia-KM-Turismo-300x200.jpg 300w, http:\/\/www.runakay-travel.com\/wp-content\/uploads\/2019\/08\/Bhutan2_Runakay-Travel-Altitudes-Bolivia-KM-Turismo-768x512.jpg 768w, http:\/\/www.runakay-travel.com\/wp-content\/uploads\/2019\/08\/Bhutan2_Runakay-Travel-Altitudes-Bolivia-KM-Turismo-1024x682.jpg 1024w, http:\/\/www.runakay-travel.com\/wp-content\/uploads\/2019\/08\/Bhutan2_Runakay-Travel-Altitudes-Bolivia-KM-Turismo-600x400.jpg 600w, http:\/\/www.runakay-travel.com\/wp-content\/uploads\/2019\/08\/Bhutan2_Runakay-Travel-Altitudes-Bolivia-KM-Turismo-272x182.jpg 272w, http:\/\/www.runakay-travel.com\/wp-content\/uploads\/2019\/08\/Bhutan2_Runakay-Travel-Altitudes-Bolivia-KM-Turismo.jpg 1028w\" sizes=\"(max-width: 300px) 100vw, 300px\" \/><\/a><\/p>\n<\/div>\n<\/div><\/div><\/div><\/div><div id=\"pg-2506-3\"  class=\"panel-grid panel-no-style\" ><div id=\"pgc-2506-3-0\"  class=\"panel-grid-cell\" ><div id=\"panel-2506-3-0-0\" class=\"so-panel widget widget_sow-editor panel-first-child panel-last-child\" data-index=\"5\" ><div class=\"so-widget-sow-editor so-widget-sow-editor-base\">\n<div class=\"siteorigin-widget-tinymce textwidget\">\n\t<p>\u00a9 todas las fotos de But\u00e1n: Bhutan Travel Coordinator (www.bhutantravelcoordinator.com)<\/p>\n<\/div>\n<\/div><\/div><\/div><\/div><div id=\"pg-2506-4\"  class=\"panel-grid panel-no-style\" ><div id=\"pgc-2506-4-0\"  class=\"panel-grid-cell\" ><div id=\"panel-2506-4-0-0\" class=\"so-panel widget widget_pw_special_title widget-special-title panel-first-child panel-last-child\" data-index=\"6\" >\t\t\t<h2 class=\"special-title\">\n\t\t\t\tKirguizist\u00e1n\t\t\t<\/h2>\n\t\t<\/div><\/div><\/div><div id=\"pg-2506-5\"  class=\"panel-grid panel-no-style\" ><div id=\"pgc-2506-5-0\"  class=\"panel-grid-cell panel-grid-cell-empty\" ><\/div><\/div><div id=\"pg-2506-6\"  class=\"panel-grid panel-no-style\" ><div id=\"pgc-2506-6-0\"  class=\"panel-grid-cell\" ><div id=\"panel-2506-6-0-0\" class=\"so-panel widget widget_pw_special_offer widget-special-offer panel-first-child\" data-index=\"7\" >\t\t\t\t<div class=\"special-offer\">\n\t\t\t\t\t<div class=\"special-offer__image\">\n\t\t\t\t\t\t<img class=\"img-fluid\" src=\"http:\/\/www.runakay-travel.com\/wp-content\/uploads\/2023\/06\/Flagge.jpg\" alt=\"KIRGUIZIST\u00c1N - en el pa\u00eds de los yurtas\">\n\t\t\t\t\t\t<div class=\"special-offer__location\">\n\t\t\t\t\t\t\t<i class=\"fa \" aria-hidden=\"true\"><\/i> \t\t\t\t\t\t<\/div>\n\t\t\t\t\t<\/div>\n\t\t\t\t\t<div class=\"special-offer__content\">\n\t\t\t\t\t\t\t\t\t\t\t\t\t<div class=\"special-offer__price\">\n\t\t\t\t\t\t\t\tdesde 1.599,- US$\t\t\t\t\t\t\t<\/div>\n\t\t\t\t\t\t\t\t\t\t\t\t\t\t\t\t\t\t\t<div class=\"special-offer__label\">\n\t\t\t\t\t\t\t\tNaturaleza y cultura\t\t\t\t\t\t\t<\/div>\n\t\t\t\t\t\t\t\t\t\t\t\t\t\t\t\t\t\t\t<p class=\"h4  special-offer__title\">\n\t\t\t\t\t\t\t\tKIRGUIZIST\u00c1N - en el pa\u00eds de los yurtas\t\t\t\t\t\t\t<\/p>\n\t\t\t\t\t\t\t\t\t\t\t\t\t\t\t\t\t\t\t<p class=\"special-offer__text\">\n\t\t\t\t\t\t\t\tPaisajes inolvidables y contacto con la poblaci\u00f3n local\t\t\t\t\t\t\t<\/p>\n\t\t\t\t\t\t\t\t\t\t\t\t\t\t\t\t\t\t\t<a href=\"http:\/\/www.runakay-travel.com\/asia\/asiaes\/kirguies\" target=\"_self\" class=\"btn  btn-primary  btn-outline-primary  special-offer__cta\">Nuestros tours a Kirguizist\u00e1n<\/a>\n\t\t\t\t\t\t\t\t\t\t\t<\/div>\n\t\t\t\t<\/div>\n\n\t\t\t<\/div><div id=\"panel-2506-6-0-1\" class=\"so-panel widget widget_pw_timetable widget-timetable panel-last-child\" data-index=\"8\" >\t\t\t<div class=\"timetable\">\n\t\t\t\t\t\t\t\t\t\t\t\t<div class=\"timetable__item\">\n\t\t\t\t\t\t\t\t\t<div class=\"timetable__date\">\n\t\t\t\t\t\t<span class=\"timetable__month\">30. JUNIO<\/span>\n\t\t\t\t\t\t<span class=\"timetable__day\">2024<\/span>\n\t\t\t\t\t<\/div>\n\t\t\t\t\t<div class=\"timetable__content\">\n\t\t\t\t\t\t<div class=\"h6  timetable__title\">\n\t\t\t\t\t\t\tRecorrido de vuelta por Kirguizist\u00e1n\t\t\t\t\t\t<\/div>\n\t\t\t\t\t\t<div class=\"timetable__description\">\n\t\t\t\t\t\t\tViaje en grupo en castellano\t\t\t\t\t\t<\/div>\n\t\t\t\t\t\t<div class=\"timetable__price\">\n\t\t\t\t\t\t\tdesde 1.599,- US$\t\t\t\t\t\t<\/div>\n\t\t\t\t\t<\/div>\n\t\t\t\t\t\t\t\t\t<\/div>\n\t\t\t\t\t\t\t\t\t\t\t\t\t\t\t\t<div class=\"timetable__item\">\n\t\t\t\t\t\t\t\t\t<div class=\"timetable__date\">\n\t\t\t\t\t\t<span class=\"timetable__month\">14. JULIO<\/span>\n\t\t\t\t\t\t<span class=\"timetable__day\">2024<\/span>\n\t\t\t\t\t<\/div>\n\t\t\t\t\t<div class=\"timetable__content\">\n\t\t\t\t\t\t<div class=\"h6  timetable__title\">\n\t\t\t\t\t\t\tRecorrido de vuelta por Kirguizist\u00e1n\t\t\t\t\t\t<\/div>\n\t\t\t\t\t\t<div class=\"timetable__description\">\n\t\t\t\t\t\t\tViaje en grupo en aleman\t\t\t\t\t\t<\/div>\n\t\t\t\t\t\t<div class=\"timetable__price\">\n\t\t\t\t\t\t\tdesde 1.599,- US$\t\t\t\t\t\t<\/div>\n\t\t\t\t\t<\/div>\n\t\t\t\t\t\t\t\t\t<\/div>\n\t\t\t\t\t\t\t\t\t\t<\/div>\n\t\t<\/div><\/div><div id=\"pgc-2506-6-1\"  class=\"panel-grid-cell\" ><div id=\"panel-2506-6-1-0\" class=\"so-panel widget widget_sow-editor panel-first-child\" data-index=\"9\" ><div class=\"so-widget-sow-editor so-widget-sow-editor-base\">\n<div class=\"siteorigin-widget-tinymce textwidget\">\n\t<p><a href=\"http:\/\/www.runakay-travel.com\/wp-content\/uploads\/2023\/06\/KG27.jpg\"><img decoding=\"async\" loading=\"lazy\" class=\"alignnone size-medium wp-image-5462\" src=\"http:\/\/www.runakay-travel.com\/wp-content\/uploads\/2023\/06\/KG27-300x200.jpg\" alt=\"\" width=\"300\" height=\"200\" \/><\/a><\/p>\n<\/div>\n<\/div><\/div><div id=\"panel-2506-6-1-1\" class=\"so-panel widget widget_sow-editor\" data-index=\"10\" ><div class=\"so-widget-sow-editor so-widget-sow-editor-base\">\n<div class=\"siteorigin-widget-tinymce textwidget\">\n\t<p><span class=\"tlid-translation translation\" lang=\"es\"><span class=\"\" title=\"\"><span class=\"HwtZe\" lang=\"es\"><span class=\"jCAhz ChMk0b\"><span class=\"ryNqvb\">Viajes individuales para peque\u00f1os grupos de 2 a 10 personas por acuerdo personal.<\/span><\/span><\/span><\/span><\/span><\/p>\n<p><span class=\"tlid-translation translation\" lang=\"es\"><span class=\"\" title=\"\"><span class=\"HwtZe\" lang=\"es\"><span class=\"jCAhz ChMk0b\"><span class=\"ryNqvb\">Es posible pernoctar en yurtas reales, que ya est\u00e1n incluidas en nuestros viajes en grupos organizados.<\/span><\/span><\/span><\/span><\/span><\/p>\n<p><span title=\"\"><span class=\"tlid-translation translation\" lang=\"es\"><span class=\"\" title=\"\"><span class=\"HwtZe\" lang=\"es\"><span class=\"jCAhz ChMk0b\"><span class=\"ryNqvb\">Viajes en grupo econ\u00f3micos a partir de 6 o m\u00e1s personas con un gu\u00eda tur\u00edstico que habla aleman, ingles o espa\u00f1ol.<\/span><\/span><\/span><\/span><\/span><\/span><\/p>\n<\/div>\n<\/div><\/div><div id=\"panel-2506-6-1-2\" class=\"so-panel widget widget_sow-editor panel-last-child\" data-index=\"11\" ><div class=\"so-widget-sow-editor so-widget-sow-editor-base\">\n<div class=\"siteorigin-widget-tinymce textwidget\">\n\t<p><a href=\"http:\/\/www.runakay-travel.com\/wp-content\/uploads\/2019\/09\/Kirgistan03_Altitudes-Bolivia_KM-Turismo_Runakay-Travel.jpg\"><img decoding=\"async\" loading=\"lazy\" class=\"alignnone size-medium wp-image-5463\" src=\"http:\/\/www.runakay-travel.com\/wp-content\/uploads\/2019\/09\/Kirgistan03_Altitudes-Bolivia_KM-Turismo_Runakay-Travel-300x200.jpg\" alt=\"\" width=\"300\" height=\"200\" srcset=\"http:\/\/www.runakay-travel.com\/wp-content\/uploads\/2019\/09\/Kirgistan03_Altitudes-Bolivia_KM-Turismo_Runakay-Travel-300x200.jpg 300w, http:\/\/www.runakay-travel.com\/wp-content\/uploads\/2019\/09\/Kirgistan03_Altitudes-Bolivia_KM-Turismo_Runakay-Travel-768x511.jpg 768w, http:\/\/www.runakay-travel.com\/wp-content\/uploads\/2019\/09\/Kirgistan03_Altitudes-Bolivia_KM-Turismo_Runakay-Travel-600x400.jpg 600w, http:\/\/www.runakay-travel.com\/wp-content\/uploads\/2019\/09\/Kirgistan03_Altitudes-Bolivia_KM-Turismo_Runakay-Travel-272x182.jpg 272w, http:\/\/www.runakay-travel.com\/wp-content\/uploads\/2019\/09\/Kirgistan03_Altitudes-Bolivia_KM-Turismo_Runakay-Travel.jpg 1000w\" sizes=\"(max-width: 300px) 100vw, 300px\" \/><\/a><\/p>\n<\/div>\n<\/div><\/div><\/div><\/div><div id=\"pg-2506-7\"  class=\"panel-grid panel-no-style\" ><div id=\"pgc-2506-7-0\"  class=\"panel-grid-cell\" ><div id=\"panel-2506-7-0-0\" class=\"so-panel widget widget_sow-editor panel-first-child panel-last-child\" data-index=\"12\" ><div class=\"so-widget-sow-editor so-widget-sow-editor-base\">\n<div class=\"siteorigin-widget-tinymce textwidget\">\n\t<p>\u00a9 todas las fotos de <span class=\"tlid-translation translation\" lang=\"es\"><span class=\"\" title=\"\">Kirguizist\u00e1n<\/span><\/span>: Travel Land Kyrgyzstan, Calle Gorkiy 133, Bishkek, <span class=\"tlid-translation translation\" lang=\"es\"><span class=\"\" title=\"\">Kirguizist\u00e1n<\/span><\/span><\/p>\n<\/div>\n<\/div><\/div><\/div><\/div><\/div>","protected":false},"excerpt":{"rendered":"<p>BUT\u00c1N desde 449,- US$ por d\u00eda Naturaleza y cultura BUT\u00c1N &#8211; pa\u00eds de la gente feliz La experiencia \u00fanica en el coraz\u00f3n del Himalaya. Nuestros tours a But\u00e1n Viajes individuales para una persona o grupos peque\u00f1os a partir de 2 personas. El inicio del recorrido es posible todos los d\u00edas. \u00a9 todas las fotos de &hellip;<\/p>\n","protected":false},"author":1,"featured_media":0,"parent":2241,"menu_order":0,"comment_status":"closed","ping_status":"closed","template":"","meta":[],"_links":{"self":[{"href":"http:\/\/www.runakay-travel.com\/es\/wp-json\/wp\/v2\/pages\/2506"}],"collection":[{"href":"http:\/\/www.runakay-travel.com\/es\/wp-json\/wp\/v2\/pages"}],"about":[{"href":"http:\/\/www.runakay-travel.com\/es\/wp-json\/wp\/v2\/types\/page"}],"author":[{"embeddable":true,"href":"http:\/\/www.runakay-travel.com\/es\/wp-json\/wp\/v2\/users\/1"}],"replies":[{"embeddable":true,"href":"http:\/\/www.runakay-travel.com\/es\/wp-json\/wp\/v2\/comments?post=2506"}],"version-history":[{"count":51,"href":"http:\/\/www.runakay-travel.com\/es\/wp-json\/wp\/v2\/pages\/2506\/revisions"}],"predecessor-version":[{"id":9821,"href":"http:\/\/www.runakay-travel.com\/es\/wp-json\/wp\/v2\/pages\/2506\/revisions\/9821"}],"up":[{"embeddable":true,"href":"http:\/\/www.runakay-travel.com\/es\/wp-json\/wp\/v2\/pages\/2241"}],"wp:attachment":[{"href":"http:\/\/www.runakay-travel.com\/es\/wp-json\/wp\/v2\/media?parent=2506"}],"curies":[{"name":"wp","href":"https:\/\/api.w.org\/{rel}","templated":true}]}}