{"id":2717,"date":"2019-08-08T12:39:12","date_gmt":"2019-08-08T10:39:12","guid":{"rendered":"http:\/\/www.runakay-travel.com\/?page_id=2717"},"modified":"2023-02-19T15:09:28","modified_gmt":"2023-02-19T14:09:28","slug":"bulgariade","status":"publish","type":"page","link":"http:\/\/www.runakay-travel.com\/es\/bulgaria\/bulgariade\/","title":{"rendered":"BULGARIEN"},"content":{"rendered":"<div id=\"pl-2717\"  class=\"panel-layout\" ><div id=\"pg-2717-0\"  class=\"panel-grid panel-no-style\" ><div id=\"pgc-2717-0-0\"  class=\"panel-grid-cell\" ><div id=\"panel-2717-0-0-0\" class=\"so-panel widget widget_pw_special_title widget-special-title panel-first-child panel-last-child\" data-index=\"0\" >\t\t\t<h2 class=\"special-title\">\n\t\t\t\t\u0411\u044a\u043b\u0433\u0430\u0440\u0438\u044f\t\t\t<\/h2>\n\t\t<\/div><\/div><\/div><div id=\"pg-2717-1\"  class=\"panel-grid panel-no-style\" ><div id=\"pgc-2717-1-0\"  class=\"panel-grid-cell panel-grid-cell-empty\" ><\/div><\/div><div id=\"pg-2717-2\"  class=\"panel-grid panel-no-style\" ><div id=\"pgc-2717-2-0\"  class=\"panel-grid-cell\" ><div id=\"panel-2717-2-0-0\" class=\"so-panel widget widget_sow-editor panel-first-child panel-last-child\" data-index=\"1\" ><div class=\"so-widget-sow-editor so-widget-sow-editor-base\">\n<div class=\"siteorigin-widget-tinymce textwidget\">\n\t<h2>9 TAGE DURCH DEN S\u00dcDWESTEN BULGARIENS<\/h2>\n<\/div>\n<\/div><\/div><\/div><\/div><div id=\"pg-2717-3\"  class=\"panel-grid panel-no-style\" ><div id=\"pgc-2717-3-0\"  class=\"panel-grid-cell\" ><div id=\"panel-2717-3-0-0\" class=\"so-panel widget widget_pw_special_offer widget-special-offer panel-first-child panel-last-child\" data-index=\"2\" >\t\t\t\t<div class=\"special-offer\">\n\t\t\t\t\t<div class=\"special-offer__image\">\n\t\t\t\t\t\t<img class=\"img-fluid\" src=\"http:\/\/www.runakay-travel.com\/wp-content\/uploads\/2019\/08\/Bulgaria_Sofia_KM-Turismo_Runakay-Travel_Altitudes-Bolivia_04.jpg\" alt=\"BULGARIEN\">\n\t\t\t\t\t\t<div class=\"special-offer__location\">\n\t\t\t\t\t\t\t<i class=\"fa \" aria-hidden=\"true\"><\/i> \t\t\t\t\t\t<\/div>\n\t\t\t\t\t<\/div>\n\t\t\t\t\t<div class=\"special-offer__content\">\n\t\t\t\t\t\t\t\t\t\t\t\t\t<div class=\"special-offer__price\">\n\t\t\t\t\t\t\t\tab 1069,- \u20ac\t\t\t\t\t\t\t<\/div>\n\t\t\t\t\t\t\t\t\t\t\t\t\t\t\t\t\t\t\t<div class=\"special-offer__label\">\n\t\t\t\t\t\t\t\tKulturreise\t\t\t\t\t\t\t<\/div>\n\t\t\t\t\t\t\t\t\t\t\t\t\t\t\t\t\t\t\t<p class=\"h4  special-offer__title\">\n\t\t\t\t\t\t\t\tBULGARIEN\t\t\t\t\t\t\t<\/p>\n\t\t\t\t\t\t\t\t\t\t\t\t\t\t\t\t\t\t\t<p class=\"special-offer__text\">\n\t\t\t\t\t\t\t\tSt\u00e4dt, Kl\u00f6ster und die bulgarische K\u00fcche\t\t\t\t\t\t\t<\/p>\n\t\t\t\t\t\t\t\t\t\t\t\t\t\t\t\t\t\t\t<a href=\"http:\/\/www.runakay-travel.com\/bulgaria\/bulgariade\/bulgaria9de\" target=\"_self\" class=\"btn  btn-primary  btn-outline-primary  special-offer__cta\">Detaillierte Reiseinformationen<\/a>\n\t\t\t\t\t\t\t\t\t\t\t<\/div>\n\t\t\t\t<\/div>\n\n\t\t\t<\/div><\/div><div id=\"pgc-2717-3-1\"  class=\"panel-grid-cell\" ><div id=\"panel-2717-3-1-0\" class=\"so-panel widget widget_sow-editor panel-first-child\" data-index=\"3\" ><div class=\"so-widget-sow-editor so-widget-sow-editor-base\">\n<div class=\"siteorigin-widget-tinymce textwidget\">\n\t<p><img decoding=\"async\" loading=\"lazy\" class=\"alignnone size-medium wp-image-2723\" src=\"http:\/\/www.runakay-travel.com\/wp-content\/uploads\/2019\/08\/Bulgaria_Plovdiv_KM-Turismo_Runakay-Travel_Altitudes-Bolivia_01-300x201.jpg\" alt=\"\" width=\"300\" height=\"201\" srcset=\"http:\/\/www.runakay-travel.com\/wp-content\/uploads\/2019\/08\/Bulgaria_Plovdiv_KM-Turismo_Runakay-Travel_Altitudes-Bolivia_01-300x201.jpg 300w, http:\/\/www.runakay-travel.com\/wp-content\/uploads\/2019\/08\/Bulgaria_Plovdiv_KM-Turismo_Runakay-Travel_Altitudes-Bolivia_01-768x514.jpg 768w, http:\/\/www.runakay-travel.com\/wp-content\/uploads\/2019\/08\/Bulgaria_Plovdiv_KM-Turismo_Runakay-Travel_Altitudes-Bolivia_01-600x401.jpg 600w, http:\/\/www.runakay-travel.com\/wp-content\/uploads\/2019\/08\/Bulgaria_Plovdiv_KM-Turismo_Runakay-Travel_Altitudes-Bolivia_01-272x182.jpg 272w, http:\/\/www.runakay-travel.com\/wp-content\/uploads\/2019\/08\/Bulgaria_Plovdiv_KM-Turismo_Runakay-Travel_Altitudes-Bolivia_01.jpg 1000w\" sizes=\"(max-width: 300px) 100vw, 300px\" \/><\/p>\n<\/div>\n<\/div><\/div><div id=\"panel-2717-3-1-1\" class=\"so-panel widget widget_sow-editor\" data-index=\"4\" ><div class=\"so-widget-sow-editor so-widget-sow-editor-base\">\n<div class=\"siteorigin-widget-tinymce textwidget\">\n\t<h3>Lerne das unbekannte Bulgarien kennen<\/h3>\n<\/div>\n<\/div><\/div><div id=\"panel-2717-3-1-2\" class=\"so-panel widget widget_pw_timetable widget-timetable panel-last-child\" data-index=\"5\" >\t\t\t<div class=\"timetable\">\n\t\t\t\t\t\t\t\t\t\t\t\t<div class=\"timetable__item\">\n\t\t\t\t\t\t\t\t\t<div class=\"timetable__date\">\n\t\t\t\t\t\t<span class=\"timetable__month\">JEDEN<\/span>\n\t\t\t\t\t\t<span class=\"timetable__day\">FREITAG<\/span>\n\t\t\t\t\t<\/div>\n\t\t\t\t\t<div class=\"timetable__content\">\n\t\t\t\t\t\t<div class=\"h6  timetable__title\">\n\t\t\t\t\t\t\t9 Tage - 8 N\u00e4chte Bulgarien\t\t\t\t\t\t<\/div>\n\t\t\t\t\t\t<div class=\"timetable__description\">\n\t\t\t\t\t\t\tSt\u00e4dte und Kl\u00f6ster\t\t\t\t\t\t<\/div>\n\t\t\t\t\t\t<div class=\"timetable__price\">\n\t\t\t\t\t\t\tab 1069,- \u20ac\t\t\t\t\t\t<\/div>\n\t\t\t\t\t<\/div>\n\t\t\t\t\t\t\t\t\t<\/div>\n\t\t\t\t\t\t\t\t\t\t<\/div>\n\t\t<\/div><\/div><\/div><div id=\"pg-2717-4\"  class=\"panel-grid panel-no-style\" ><div id=\"pgc-2717-4-0\"  class=\"panel-grid-cell panel-grid-cell-empty\" ><\/div><\/div><div id=\"pg-2717-5\"  class=\"panel-grid panel-no-style\" ><div id=\"pgc-2717-5-0\"  class=\"panel-grid-cell panel-grid-cell-empty panel-grid-cell-mobile-last\" ><\/div><div id=\"pgc-2717-5-1\"  class=\"panel-grid-cell panel-grid-cell-empty\" ><\/div><\/div><\/div>","protected":false},"excerpt":{"rendered":"<p>\u0411\u044a\u043b\u0433\u0430\u0440\u0438\u044f 9 TAGE DURCH DEN S\u00dcDWESTEN BULGARIENS ab 1069,- \u20ac Kulturreise BULGARIEN St\u00e4dt, Kl\u00f6ster und die bulgarische K\u00fcche Detaillierte Reiseinformationen Lerne das unbekannte Bulgarien kennen JEDEN FREITAG 9 Tage &#8211; 8 N\u00e4chte Bulgarien St\u00e4dte und Kl\u00f6ster ab 1069,- \u20ac<\/p>\n","protected":false},"author":1,"featured_media":0,"parent":2253,"menu_order":0,"comment_status":"closed","ping_status":"closed","template":"","meta":[],"_links":{"self":[{"href":"http:\/\/www.runakay-travel.com\/es\/wp-json\/wp\/v2\/pages\/2717"}],"collection":[{"href":"http:\/\/www.runakay-travel.com\/es\/wp-json\/wp\/v2\/pages"}],"about":[{"href":"http:\/\/www.runakay-travel.com\/es\/wp-json\/wp\/v2\/types\/page"}],"author":[{"embeddable":true,"href":"http:\/\/www.runakay-travel.com\/es\/wp-json\/wp\/v2\/users\/1"}],"replies":[{"embeddable":true,"href":"http:\/\/www.runakay-travel.com\/es\/wp-json\/wp\/v2\/comments?post=2717"}],"version-history":[{"count":50,"href":"http:\/\/www.runakay-travel.com\/es\/wp-json\/wp\/v2\/pages\/2717\/revisions"}],"predecessor-version":[{"id":9331,"href":"http:\/\/www.runakay-travel.com\/es\/wp-json\/wp\/v2\/pages\/2717\/revisions\/9331"}],"up":[{"embeddable":true,"href":"http:\/\/www.runakay-travel.com\/es\/wp-json\/wp\/v2\/pages\/2253"}],"wp:attachment":[{"href":"http:\/\/www.runakay-travel.com\/es\/wp-json\/wp\/v2\/media?parent=2717"}],"curies":[{"name":"wp","href":"https:\/\/api.w.org\/{rel}","templated":true}]}}