{"id":3452,"date":"2019-08-20T21:01:18","date_gmt":"2019-08-20T19:01:18","guid":{"rendered":"http:\/\/www.runakay-travel.com\/?page_id=3452"},"modified":"2023-02-05T09:37:14","modified_gmt":"2023-02-05T08:37:14","slug":"dees","status":"publish","type":"page","link":"http:\/\/www.runakay-travel.com\/es\/alemania\/dees\/","title":{"rendered":"ALEMANIA"},"content":{"rendered":"<div id=\"pl-3452\"  class=\"panel-layout\" ><div id=\"pg-3452-0\"  class=\"panel-grid panel-no-style\" ><div id=\"pgc-3452-0-0\"  class=\"panel-grid-cell\" ><div id=\"panel-3452-0-0-0\" class=\"so-panel widget widget_sow-editor panel-first-child panel-last-child\" data-index=\"0\" ><div class=\"so-widget-sow-editor so-widget-sow-editor-base\">\n<div class=\"siteorigin-widget-tinymce textwidget\">\n\t<h1>FRANKFORT, BERL\u00cdN, M\u00daNICH<\/h1>\n<\/div>\n<\/div><\/div><\/div><\/div><div id=\"pg-3452-1\"  class=\"panel-grid panel-no-style\" ><div id=\"pgc-3452-1-0\"  class=\"panel-grid-cell\" ><div id=\"panel-3452-1-0-0\" class=\"so-panel widget widget_pw_special_offer widget-special-offer panel-first-child panel-last-child\" data-index=\"1\" >\t\t\t\t<div class=\"special-offer\">\n\t\t\t\t\t<div class=\"special-offer__image\">\n\t\t\t\t\t\t<img class=\"img-fluid\" src=\"http:\/\/www.runakay-travel.com\/wp-content\/uploads\/2019\/08\/Berlin_KM-Turismo_Runakay-Travel_Altitudes-Bolivia_01.jpg\" alt=\"Frankfort, Berl\u00edn, M\u00fanich\">\n\t\t\t\t\t\t<div class=\"special-offer__location\">\n\t\t\t\t\t\t\t<i class=\"fa \" aria-hidden=\"true\"><\/i> \t\t\t\t\t\t<\/div>\n\t\t\t\t\t<\/div>\n\t\t\t\t\t<div class=\"special-offer__content\">\n\t\t\t\t\t\t\t\t\t\t\t\t\t<div class=\"special-offer__price\">\n\t\t\t\t\t\t\t\tPrecio a consultar\t\t\t\t\t\t\t<\/div>\n\t\t\t\t\t\t\t\t\t\t\t\t\t\t\t\t\t\t\t<div class=\"special-offer__label\">\n\t\t\t\t\t\t\t\tCIUDADES PRINCIPALES\t\t\t\t\t\t\t<\/div>\n\t\t\t\t\t\t\t\t\t\t\t\t\t\t\t\t\t\t\t<p class=\"h4  special-offer__title\">\n\t\t\t\t\t\t\t\tFrankfort, Berl\u00edn, M\u00fanich\t\t\t\t\t\t\t<\/p>\n\t\t\t\t\t\t\t\t\t\t\t\t\t\t\t\t\t\t\t<p class=\"special-offer__text\">\n\t\t\t\t\t\t\t\tLas ciudades mas interesantes de Alemania (incl. 3 vuelos nacionales)\t\t\t\t\t\t\t<\/p>\n\t\t\t\t\t\t\t\t\t\t\t\t\t\t\t\t\t\t\t<a href=\"http:\/\/www.runakay-travel.com\/alemania\/dees\/fbmes\" target=\"_self\" class=\"btn  btn-primary  btn-outline-primary  special-offer__cta\">Informaci\u00f3n detallada del viaje<\/a>\n\t\t\t\t\t\t\t\t\t\t\t<\/div>\n\t\t\t\t<\/div>\n\n\t\t\t<\/div><\/div><div id=\"pgc-3452-1-1\"  class=\"panel-grid-cell\" ><div id=\"panel-3452-1-1-0\" class=\"so-panel widget widget_sow-editor panel-first-child\" data-index=\"2\" ><div class=\"so-widget-sow-editor so-widget-sow-editor-base\">\n<div class=\"siteorigin-widget-tinymce textwidget\">\n\t<p><a href=\"http:\/\/www.runakay-travel.com\/wp-content\/uploads\/2019\/08\/Frankfurt_KM-Turismo_Runakay-Travel_Altitudes-Bolivia_02.jpg\"><img decoding=\"async\" loading=\"lazy\" class=\"alignnone size-medium wp-image-3418\" src=\"http:\/\/www.runakay-travel.com\/wp-content\/uploads\/2019\/08\/Frankfurt_KM-Turismo_Runakay-Travel_Altitudes-Bolivia_02-300x200.jpg\" alt=\"\" width=\"300\" height=\"200\" srcset=\"http:\/\/www.runakay-travel.com\/wp-content\/uploads\/2019\/08\/Frankfurt_KM-Turismo_Runakay-Travel_Altitudes-Bolivia_02-300x200.jpg 300w, http:\/\/www.runakay-travel.com\/wp-content\/uploads\/2019\/08\/Frankfurt_KM-Turismo_Runakay-Travel_Altitudes-Bolivia_02-768x512.jpg 768w, http:\/\/www.runakay-travel.com\/wp-content\/uploads\/2019\/08\/Frankfurt_KM-Turismo_Runakay-Travel_Altitudes-Bolivia_02-600x400.jpg 600w, http:\/\/www.runakay-travel.com\/wp-content\/uploads\/2019\/08\/Frankfurt_KM-Turismo_Runakay-Travel_Altitudes-Bolivia_02-272x182.jpg 272w, http:\/\/www.runakay-travel.com\/wp-content\/uploads\/2019\/08\/Frankfurt_KM-Turismo_Runakay-Travel_Altitudes-Bolivia_02.jpg 1000w\" sizes=\"(max-width: 300px) 100vw, 300px\" \/><\/a><\/p>\n<\/div>\n<\/div><\/div><div id=\"panel-3452-1-1-1\" class=\"so-panel widget widget_sow-editor\" data-index=\"3\" ><div class=\"so-widget-sow-editor so-widget-sow-editor-base\">\n<div class=\"siteorigin-widget-tinymce textwidget\">\n\t<h3><span class=\"tlid-translation translation\" lang=\"es\"><span class=\"\" title=\"\">Visita las tres principales ciudades de Alemania<\/span><\/span><\/h3>\n<\/div>\n<\/div><\/div><div id=\"panel-3452-1-1-2\" class=\"so-panel widget widget_pw_timetable widget-timetable panel-last-child\" data-index=\"4\" >\t\t\t<div class=\"timetable\">\n\t\t\t\t\t\t\t\t\t\t\t\t<div class=\"timetable__item\">\n\t\t\t\t\t\t\t\t\t<div class=\"timetable__date\">\n\t\t\t\t\t\t<span class=\"timetable__month\">VIENE<\/span>\n\t\t\t\t\t\t<span class=\"timetable__day\">2024<\/span>\n\t\t\t\t\t<\/div>\n\t\t\t\t\t<div class=\"timetable__content\">\n\t\t\t\t\t\t<div class=\"h6  timetable__title\">\n\t\t\t\t\t\t\tFrankfort, Berl\u00edn, M\u00fanich B\u00c1SICO\/CL\u00c1SICO\t\t\t\t\t\t<\/div>\n\t\t\t\t\t\t<div class=\"timetable__description\">\n\t\t\t\t\t\t\tTour de ciudades desde\/hasta Frankfurt a. M.\t\t\t\t\t\t<\/div>\n\t\t\t\t\t\t<div class=\"timetable__price\">\n\t\t\t\t\t\t\tPrecio a consultar\t\t\t\t\t\t<\/div>\n\t\t\t\t\t<\/div>\n\t\t\t\t\t\t\t\t\t<\/div>\n\t\t\t\t\t\t\t\t\t\t<\/div>\n\t\t<\/div><\/div><\/div><div id=\"pg-3452-2\"  class=\"panel-grid panel-no-style\" ><div id=\"pgc-3452-2-0\"  class=\"panel-grid-cell\" ><div id=\"panel-3452-2-0-0\" class=\"so-panel widget widget_sow-editor panel-first-child panel-last-child\" data-index=\"5\" ><div class=\"so-widget-sow-editor so-widget-sow-editor-base\">\n<div class=\"siteorigin-widget-tinymce textwidget\">\n\t<h1>BERL\u00cdN<\/h1>\n<\/div>\n<\/div><\/div><\/div><\/div><div id=\"pg-3452-3\"  class=\"panel-grid panel-no-style\" ><div id=\"pgc-3452-3-0\"  class=\"panel-grid-cell\" ><div id=\"panel-3452-3-0-0\" class=\"so-panel widget widget_pw_special_offer widget-special-offer panel-first-child panel-last-child\" data-index=\"6\" >\t\t\t\t<div class=\"special-offer\">\n\t\t\t\t\t<div class=\"special-offer__image\">\n\t\t\t\t\t\t<img class=\"img-fluid\" src=\"http:\/\/www.runakay-travel.com\/wp-content\/uploads\/2019\/08\/Berlin_KM-Turismo_Runakay-Travel_Altitudes-Bolivia_09.jpg\" alt=\"Berl\u00edn\">\n\t\t\t\t\t\t<div class=\"special-offer__location\">\n\t\t\t\t\t\t\t<i class=\"fa \" aria-hidden=\"true\"><\/i> \t\t\t\t\t\t<\/div>\n\t\t\t\t\t<\/div>\n\t\t\t\t\t<div class=\"special-offer__content\">\n\t\t\t\t\t\t\t\t\t\t\t\t\t<div class=\"special-offer__price\">\n\t\t\t\t\t\t\t\tPrecio a consulatar\t\t\t\t\t\t\t<\/div>\n\t\t\t\t\t\t\t\t\t\t\t\t\t\t\t\t\t\t\t<div class=\"special-offer__label\">\n\t\t\t\t\t\t\t\tCAPITAL\t\t\t\t\t\t\t<\/div>\n\t\t\t\t\t\t\t\t\t\t\t\t\t\t\t\t\t\t\t<p class=\"h4  special-offer__title\">\n\t\t\t\t\t\t\t\tBerl\u00edn\t\t\t\t\t\t\t<\/p>\n\t\t\t\t\t\t\t\t\t\t\t\t\t\t\t\t\t\t\t<p class=\"special-offer__text\">\n\t\t\t\t\t\t\t\tBerl\u00edn, Potsdam y un campo de concentraci\u00f3n\t\t\t\t\t\t\t<\/p>\n\t\t\t\t\t\t\t\t\t\t\t\t\t\t\t\t\t\t\t<a href=\"http:\/\/www.runakay-travel.com\/alemania\/dees\/bxxles\" target=\"_self\" class=\"btn  btn-primary  btn-outline-primary  special-offer__cta\">Informaci\u00f3n detallada del viaje<\/a>\n\t\t\t\t\t\t\t\t\t\t\t<\/div>\n\t\t\t\t<\/div>\n\n\t\t\t<\/div><\/div><div id=\"pgc-3452-3-1\"  class=\"panel-grid-cell\" ><div id=\"panel-3452-3-1-0\" class=\"so-panel widget widget_sow-editor panel-first-child\" data-index=\"7\" ><div class=\"so-widget-sow-editor so-widget-sow-editor-base\">\n<div class=\"siteorigin-widget-tinymce textwidget\">\n\t<p><a href=\"http:\/\/www.runakay-travel.com\/wp-content\/uploads\/2019\/08\/Berlin_KM-Turismo_Runakay-Travel_Altitudes-Bolivia_05.jpg\"><img decoding=\"async\" loading=\"lazy\" class=\"alignnone size-medium wp-image-3416\" src=\"http:\/\/www.runakay-travel.com\/wp-content\/uploads\/2019\/08\/Berlin_KM-Turismo_Runakay-Travel_Altitudes-Bolivia_05-300x200.jpg\" alt=\"\" width=\"300\" height=\"200\" srcset=\"http:\/\/www.runakay-travel.com\/wp-content\/uploads\/2019\/08\/Berlin_KM-Turismo_Runakay-Travel_Altitudes-Bolivia_05-300x200.jpg 300w, http:\/\/www.runakay-travel.com\/wp-content\/uploads\/2019\/08\/Berlin_KM-Turismo_Runakay-Travel_Altitudes-Bolivia_05-768x512.jpg 768w, http:\/\/www.runakay-travel.com\/wp-content\/uploads\/2019\/08\/Berlin_KM-Turismo_Runakay-Travel_Altitudes-Bolivia_05-600x400.jpg 600w, http:\/\/www.runakay-travel.com\/wp-content\/uploads\/2019\/08\/Berlin_KM-Turismo_Runakay-Travel_Altitudes-Bolivia_05-272x182.jpg 272w, http:\/\/www.runakay-travel.com\/wp-content\/uploads\/2019\/08\/Berlin_KM-Turismo_Runakay-Travel_Altitudes-Bolivia_05.jpg 1000w\" sizes=\"(max-width: 300px) 100vw, 300px\" \/><\/a><\/p>\n<\/div>\n<\/div><\/div><div id=\"panel-3452-3-1-1\" class=\"so-panel widget widget_sow-editor\" data-index=\"8\" ><div class=\"so-widget-sow-editor so-widget-sow-editor-base\">\n<div class=\"siteorigin-widget-tinymce textwidget\">\n\t<h3>Arte, cultura e historia en la capital de Alemania<\/h3>\n<\/div>\n<\/div><\/div><div id=\"panel-3452-3-1-2\" class=\"so-panel widget widget_pw_timetable widget-timetable panel-last-child\" data-index=\"9\" >\t\t\t<div class=\"timetable\">\n\t\t\t\t\t\t\t\t\t\t\t\t<div class=\"timetable__item\">\n\t\t\t\t\t\t\t\t\t<div class=\"timetable__date\">\n\t\t\t\t\t\t<span class=\"timetable__month\">VIENE<\/span>\n\t\t\t\t\t\t<span class=\"timetable__day\">2024<\/span>\n\t\t\t\t\t<\/div>\n\t\t\t\t\t<div class=\"timetable__content\">\n\t\t\t\t\t\t<div class=\"h6  timetable__title\">\n\t\t\t\t\t\t\tBerl\u00edn B\u00c1SICO\/CL\u00c1SICO\t\t\t\t\t\t<\/div>\n\t\t\t\t\t\t<div class=\"timetable__description\">\n\t\t\t\t\t\t\tTour en la ciudad desde\/hasta Berl\u00edn\t\t\t\t\t\t<\/div>\n\t\t\t\t\t\t<div class=\"timetable__price\">\n\t\t\t\t\t\t\tPrecio a consultar\t\t\t\t\t\t<\/div>\n\t\t\t\t\t<\/div>\n\t\t\t\t\t\t\t\t\t<\/div>\n\t\t\t\t\t\t\t\t\t\t<\/div>\n\t\t<\/div><\/div><\/div><div id=\"pg-3452-4\"  class=\"panel-grid panel-no-style\" ><div id=\"pgc-3452-4-0\"  class=\"panel-grid-cell\" ><div id=\"panel-3452-4-0-0\" class=\"so-panel widget widget_sow-editor panel-first-child panel-last-child\" data-index=\"10\" ><div class=\"so-widget-sow-editor so-widget-sow-editor-base\">\n<div class=\"siteorigin-widget-tinymce textwidget\">\n\t<h1>ALEMANIA CENTRAL<\/h1>\n<\/div>\n<\/div><\/div><\/div><\/div><div id=\"pg-3452-5\"  class=\"panel-grid panel-no-style\" ><div id=\"pgc-3452-5-0\"  class=\"panel-grid-cell\" ><div id=\"panel-3452-5-0-0\" class=\"so-panel widget widget_pw_special_offer widget-special-offer panel-first-child panel-last-child\" data-index=\"11\" >\t\t\t\t<div class=\"special-offer\">\n\t\t\t\t\t<div class=\"special-offer__image\">\n\t\t\t\t\t\t<img class=\"img-fluid\" src=\"http:\/\/www.runakay-travel.com\/wp-content\/uploads\/2019\/08\/Rhein_KM-Turismo_Runakay-Travel_Altitudes-Bolivia_05.jpg\" alt=\"Alemania Central\">\n\t\t\t\t\t\t<div class=\"special-offer__location\">\n\t\t\t\t\t\t\t<i class=\"fa \" aria-hidden=\"true\"><\/i> \t\t\t\t\t\t<\/div>\n\t\t\t\t\t<\/div>\n\t\t\t\t\t<div class=\"special-offer__content\">\n\t\t\t\t\t\t\t\t\t\t\t\t\t<div class=\"special-offer__price\">\n\t\t\t\t\t\t\t\tPrecio a consultar\t\t\t\t\t\t\t<\/div>\n\t\t\t\t\t\t\t\t\t\t\t\t\t\t\t\t\t\t\t<div class=\"special-offer__label\">\n\t\t\t\t\t\t\t\tTour de los sue\u00f1os\t\t\t\t\t\t\t<\/div>\n\t\t\t\t\t\t\t\t\t\t\t\t\t\t\t\t\t\t\t<p class=\"h4  special-offer__title\">\n\t\t\t\t\t\t\t\tAlemania Central\t\t\t\t\t\t\t<\/p>\n\t\t\t\t\t\t\t\t\t\t\t\t\t\t\t\t\t\t\t<p class=\"special-offer__text\">\n\t\t\t\t\t\t\t\tCiudades, castillos y paisajes inolvidables\t\t\t\t\t\t\t<\/p>\n\t\t\t\t\t\t\t\t\t\t\t\t\t\t\t\t\t\t\t<a href=\"http:\/\/www.runakay-travel.com\/alemania\/dees\/centroes\" target=\"_self\" class=\"btn  btn-primary  btn-outline-primary  special-offer__cta\">Informaci\u00f3n detallada del viaje<\/a>\n\t\t\t\t\t\t\t\t\t\t\t<\/div>\n\t\t\t\t<\/div>\n\n\t\t\t<\/div><\/div><div id=\"pgc-3452-5-1\"  class=\"panel-grid-cell\" ><div id=\"panel-3452-5-1-0\" class=\"so-panel widget widget_sow-editor panel-first-child\" data-index=\"12\" ><div class=\"so-widget-sow-editor so-widget-sow-editor-base\">\n<div class=\"siteorigin-widget-tinymce textwidget\">\n\t<p><a href=\"http:\/\/www.runakay-travel.com\/wp-content\/uploads\/2019\/08\/Speyer_KM-Turismo_Runakay-Travel_Altitudes-Bolivia_01.jpg\"><img decoding=\"async\" loading=\"lazy\" class=\"alignnone size-medium wp-image-3420\" src=\"http:\/\/www.runakay-travel.com\/wp-content\/uploads\/2019\/08\/Speyer_KM-Turismo_Runakay-Travel_Altitudes-Bolivia_01-300x200.jpg\" alt=\"\" width=\"300\" height=\"200\" srcset=\"http:\/\/www.runakay-travel.com\/wp-content\/uploads\/2019\/08\/Speyer_KM-Turismo_Runakay-Travel_Altitudes-Bolivia_01-300x200.jpg 300w, http:\/\/www.runakay-travel.com\/wp-content\/uploads\/2019\/08\/Speyer_KM-Turismo_Runakay-Travel_Altitudes-Bolivia_01-768x511.jpg 768w, http:\/\/www.runakay-travel.com\/wp-content\/uploads\/2019\/08\/Speyer_KM-Turismo_Runakay-Travel_Altitudes-Bolivia_01-600x400.jpg 600w, http:\/\/www.runakay-travel.com\/wp-content\/uploads\/2019\/08\/Speyer_KM-Turismo_Runakay-Travel_Altitudes-Bolivia_01-272x182.jpg 272w, http:\/\/www.runakay-travel.com\/wp-content\/uploads\/2019\/08\/Speyer_KM-Turismo_Runakay-Travel_Altitudes-Bolivia_01.jpg 1000w\" sizes=\"(max-width: 300px) 100vw, 300px\" \/><\/a><\/p>\n<\/div>\n<\/div><\/div><div id=\"panel-3452-5-1-1\" class=\"so-panel widget widget_sow-editor\" data-index=\"13\" ><div class=\"so-widget-sow-editor so-widget-sow-editor-base\">\n<div class=\"siteorigin-widget-tinymce textwidget\">\n\t<h3>Ciudades, castillos y paisajes inolvidables<\/h3>\n<\/div>\n<\/div><\/div><div id=\"panel-3452-5-1-2\" class=\"so-panel widget widget_pw_timetable widget-timetable panel-last-child\" data-index=\"14\" >\t\t\t<div class=\"timetable\">\n\t\t\t\t\t\t\t\t\t\t\t\t<div class=\"timetable__item\">\n\t\t\t\t\t\t\t\t\t<div class=\"timetable__date\">\n\t\t\t\t\t\t<span class=\"timetable__month\">VIENE<\/span>\n\t\t\t\t\t\t<span class=\"timetable__day\">2024<\/span>\n\t\t\t\t\t<\/div>\n\t\t\t\t\t<div class=\"timetable__content\">\n\t\t\t\t\t\t<div class=\"h6  timetable__title\">\n\t\t\t\t\t\t\tAlemania Central B\u00c1SICO\/CL\u00c1SICO\t\t\t\t\t\t<\/div>\n\t\t\t\t\t\t<div class=\"timetable__description\">\n\t\t\t\t\t\t\tTour de ciudades desde\/hasta Frankfurt a. M.\t\t\t\t\t\t<\/div>\n\t\t\t\t\t\t<div class=\"timetable__price\">\n\t\t\t\t\t\t\tPrecio a consultar\t\t\t\t\t\t<\/div>\n\t\t\t\t\t<\/div>\n\t\t\t\t\t\t\t\t\t<\/div>\n\t\t\t\t\t\t\t\t\t\t<\/div>\n\t\t<\/div><\/div><\/div><div id=\"pg-3452-6\"  class=\"panel-grid panel-no-style\" ><div id=\"pgc-3452-6-0\"  class=\"panel-grid-cell\" ><div id=\"panel-3452-6-0-0\" class=\"so-panel widget widget_sow-editor panel-first-child panel-last-child\" data-index=\"15\" ><div class=\"so-widget-sow-editor so-widget-sow-editor-base\">\n<div class=\"siteorigin-widget-tinymce textwidget\">\n\t<h1>BAVARIA<\/h1>\n<\/div>\n<\/div><\/div><\/div><\/div><div id=\"pg-3452-7\"  class=\"panel-grid panel-no-style\" ><div id=\"pgc-3452-7-0\"  class=\"panel-grid-cell\" ><div id=\"panel-3452-7-0-0\" class=\"so-panel widget widget_pw_special_offer widget-special-offer panel-first-child panel-last-child\" data-index=\"16\" >\t\t\t\t<div class=\"special-offer\">\n\t\t\t\t\t<div class=\"special-offer__image\">\n\t\t\t\t\t\t<img class=\"img-fluid\" src=\"http:\/\/www.runakay-travel.com\/wp-content\/uploads\/2019\/08\/Neuschwanstein_KM-Turismo_Runakay-Travel_Altitudes-Bolivia_1.jpg\" alt=\"BAVARIA\">\n\t\t\t\t\t\t<div class=\"special-offer__location\">\n\t\t\t\t\t\t\t<i class=\"fa \" aria-hidden=\"true\"><\/i> \t\t\t\t\t\t<\/div>\n\t\t\t\t\t<\/div>\n\t\t\t\t\t<div class=\"special-offer__content\">\n\t\t\t\t\t\t\t\t\t\t\t\t\t\t\t\t\t\t\t<div class=\"special-offer__label\">\n\t\t\t\t\t\t\t\ten preparaci\u00f3n\t\t\t\t\t\t\t<\/div>\n\t\t\t\t\t\t\t\t\t\t\t\t\t\t\t\t\t\t\t<p class=\"h4  special-offer__title\">\n\t\t\t\t\t\t\t\tBAVARIA\t\t\t\t\t\t\t<\/p>\n\t\t\t\t\t\t\t\t\t\t\t\t\t\t\t\t\t\t\t<p class=\"special-offer__text\">\n\t\t\t\t\t\t\t\tLa descripci\u00f3n del tour seguir\u00e1 en breve\t\t\t\t\t\t\t<\/p>\n\t\t\t\t\t\t\t\t\t\t\t\t\t\t\t\t\t<\/div>\n\t\t\t\t<\/div>\n\n\t\t\t<\/div><\/div><div id=\"pgc-3452-7-1\"  class=\"panel-grid-cell\" ><div id=\"panel-3452-7-1-0\" class=\"so-panel widget widget_sow-editor panel-first-child\" data-index=\"17\" ><div class=\"so-widget-sow-editor so-widget-sow-editor-base\">\n<div class=\"siteorigin-widget-tinymce textwidget\">\n\t<p><a href=\"http:\/\/www.runakay-travel.com\/wp-content\/uploads\/2019\/08\/Bamberg_KM-Turismo_Runakay-Travel_Altitudes-Bolivia_01.jpg\"><img decoding=\"async\" loading=\"lazy\" class=\"alignnone size-medium wp-image-3446\" src=\"http:\/\/www.runakay-travel.com\/wp-content\/uploads\/2019\/08\/Bamberg_KM-Turismo_Runakay-Travel_Altitudes-Bolivia_01-300x201.jpg\" alt=\"\" width=\"300\" height=\"201\" srcset=\"http:\/\/www.runakay-travel.com\/wp-content\/uploads\/2019\/08\/Bamberg_KM-Turismo_Runakay-Travel_Altitudes-Bolivia_01-300x201.jpg 300w, http:\/\/www.runakay-travel.com\/wp-content\/uploads\/2019\/08\/Bamberg_KM-Turismo_Runakay-Travel_Altitudes-Bolivia_01-768x514.jpg 768w, http:\/\/www.runakay-travel.com\/wp-content\/uploads\/2019\/08\/Bamberg_KM-Turismo_Runakay-Travel_Altitudes-Bolivia_01-600x401.jpg 600w, http:\/\/www.runakay-travel.com\/wp-content\/uploads\/2019\/08\/Bamberg_KM-Turismo_Runakay-Travel_Altitudes-Bolivia_01-272x182.jpg 272w, http:\/\/www.runakay-travel.com\/wp-content\/uploads\/2019\/08\/Bamberg_KM-Turismo_Runakay-Travel_Altitudes-Bolivia_01.jpg 1000w\" sizes=\"(max-width: 300px) 100vw, 300px\" \/><\/a><\/p>\n<\/div>\n<\/div><\/div><div id=\"panel-3452-7-1-1\" class=\"so-panel widget widget_sow-editor panel-last-child\" data-index=\"18\" ><div class=\"so-widget-sow-editor so-widget-sow-editor-base\">\n<div class=\"siteorigin-widget-tinymce textwidget\">\n\t<h3>Siente la cultura y la vitalidad de Bavaria<\/h3>\n<\/div>\n<\/div><\/div><\/div><\/div><\/div>","protected":false},"excerpt":{"rendered":"<p>FRANKFORT, BERL\u00cdN, M\u00daNICH Visita las tres principales ciudades de Alemania<\/p>\n","protected":false},"author":1,"featured_media":0,"parent":2272,"menu_order":0,"comment_status":"closed","ping_status":"closed","template":"","meta":[],"_links":{"self":[{"href":"http:\/\/www.runakay-travel.com\/es\/wp-json\/wp\/v2\/pages\/3452"}],"collection":[{"href":"http:\/\/www.runakay-travel.com\/es\/wp-json\/wp\/v2\/pages"}],"about":[{"href":"http:\/\/www.runakay-travel.com\/es\/wp-json\/wp\/v2\/types\/page"}],"author":[{"embeddable":true,"href":"http:\/\/www.runakay-travel.com\/es\/wp-json\/wp\/v2\/users\/1"}],"replies":[{"embeddable":true,"href":"http:\/\/www.runakay-travel.com\/es\/wp-json\/wp\/v2\/comments?post=3452"}],"version-history":[{"count":55,"href":"http:\/\/www.runakay-travel.com\/es\/wp-json\/wp\/v2\/pages\/3452\/revisions"}],"predecessor-version":[{"id":8548,"href":"http:\/\/www.runakay-travel.com\/es\/wp-json\/wp\/v2\/pages\/3452\/revisions\/8548"}],"up":[{"embeddable":true,"href":"http:\/\/www.runakay-travel.com\/es\/wp-json\/wp\/v2\/pages\/2272"}],"wp:attachment":[{"href":"http:\/\/www.runakay-travel.com\/es\/wp-json\/wp\/v2\/media?parent=3452"}],"curies":[{"name":"wp","href":"https:\/\/api.w.org\/{rel}","templated":true}]}}