{"id":3469,"date":"2019-08-21T07:42:36","date_gmt":"2019-08-21T05:42:36","guid":{"rendered":"http:\/\/www.runakay-travel.com\/?page_id=3469"},"modified":"2019-10-03T19:33:04","modified_gmt":"2019-10-03T17:33:04","slug":"individualde-2","status":"publish","type":"page","link":"http:\/\/www.runakay-travel.com\/es\/individualde-2\/","title":{"rendered":"S\u00dcDAMERIKA INDIVIDUELL"},"content":{"rendered":"<div id=\"pl-3469\"  class=\"panel-layout\" ><div id=\"pg-3469-0\"  class=\"panel-grid panel-no-style\" ><div id=\"pgc-3469-0-0\"  class=\"panel-grid-cell\" ><div id=\"panel-3469-0-0-0\" class=\"so-panel widget widget_pw_special_title widget-special-title panel-first-child panel-last-child\" data-index=\"0\" >\t\t\t<h2 class=\"special-title\">\n\t\t\t\tIndividuell\t\t\t<\/h2>\n\t\t<\/div><\/div><\/div><div id=\"pg-3469-1\"  class=\"panel-grid panel-no-style\" ><div id=\"pgc-3469-1-0\"  class=\"panel-grid-cell panel-grid-cell-empty\" ><\/div><\/div><div id=\"pg-3469-2\"  class=\"panel-grid panel-no-style\" ><div id=\"pgc-3469-2-0\"  class=\"panel-grid-cell\" ><div id=\"panel-3469-2-0-0\" class=\"so-panel widget widget_sow-editor panel-first-child\" data-index=\"1\" ><div class=\"so-widget-sow-editor so-widget-sow-editor-base\">\n<div class=\"siteorigin-widget-tinymce textwidget\">\n\t<h3>Reiseplanung ganz leicht - wir organisieren Ihre Traumreise!<\/h3>\n<p>&nbsp;<\/p>\n<p>1. Sie erz\u00e4hlen uns von Ihren Reisetr\u00e4umen.<\/p>\n<p>2. Wir planen gemeinsam Ihre Traumreise.<\/p>\n<p>3. Sie reisen unbeschwert zu Ihren Wunschzielen.<\/p>\n<\/div>\n<\/div><\/div><div id=\"panel-3469-2-0-1\" class=\"so-panel widget widget_sow-editor\" data-index=\"2\" ><div class=\"so-widget-sow-editor so-widget-sow-editor-base\">\n<div class=\"siteorigin-widget-tinymce textwidget\">\n\t<p><a href=\"http:\/\/www.runakay-travel.com\/wp-content\/uploads\/2019\/08\/23_Torres-del-Paine_Altitudes-Bolivia_KM-Turismo_Runakay-Travel_08.jpg\"><img decoding=\"async\" loading=\"lazy\" class=\"alignnone size-medium wp-image-3260\" src=\"http:\/\/www.runakay-travel.com\/wp-content\/uploads\/2019\/08\/23_Torres-del-Paine_Altitudes-Bolivia_KM-Turismo_Runakay-Travel_08-300x199.jpg\" alt=\"\" width=\"300\" height=\"199\" srcset=\"http:\/\/www.runakay-travel.com\/wp-content\/uploads\/2019\/08\/23_Torres-del-Paine_Altitudes-Bolivia_KM-Turismo_Runakay-Travel_08-300x199.jpg 300w, http:\/\/www.runakay-travel.com\/wp-content\/uploads\/2019\/08\/23_Torres-del-Paine_Altitudes-Bolivia_KM-Turismo_Runakay-Travel_08-768x508.jpg 768w, http:\/\/www.runakay-travel.com\/wp-content\/uploads\/2019\/08\/23_Torres-del-Paine_Altitudes-Bolivia_KM-Turismo_Runakay-Travel_08-600x397.jpg 600w, http:\/\/www.runakay-travel.com\/wp-content\/uploads\/2019\/08\/23_Torres-del-Paine_Altitudes-Bolivia_KM-Turismo_Runakay-Travel_08.jpg 1000w\" sizes=\"(max-width: 300px) 100vw, 300px\" \/><\/a><\/p>\n<p>Torres del Paine - Chile<\/p>\n<\/div>\n<\/div><\/div><div id=\"panel-3469-2-0-2\" class=\"so-panel widget widget_sow-editor panel-last-child\" data-index=\"3\" ><div class=\"so-widget-sow-editor so-widget-sow-editor-base\">\n<div class=\"siteorigin-widget-tinymce textwidget\">\n\t<p>Sprechen Sie uns einfach an:<\/p>\n<p>Lassen Sie Ihr Abenteuer jetzt beginnen!<br \/>\n&nbsp;<\/p>\n<a class=\"btn  btn-primary\" href=\"http:\/\/www.runakay-travel.com\/de\/contact\/\" target=\"_self\"> KONTAKT<\/a>\n<p>&nbsp;<\/p>\n<p>Wir versuchen Ihre Anfrage innerhalb von 24 Stunden zu beantworten.<\/p>\n<\/div>\n<\/div><\/div><\/div><div id=\"pgc-3469-2-1\"  class=\"panel-grid-cell\" ><div id=\"panel-3469-2-1-0\" class=\"so-panel widget widget_sow-editor panel-first-child\" data-index=\"4\" ><div class=\"so-widget-sow-editor so-widget-sow-editor-base\">\n<div class=\"siteorigin-widget-tinymce textwidget\">\n\t<p><a href=\"http:\/\/www.runakay-travel.com\/wp-content\/uploads\/2019\/08\/01_La-Paz_Altitudes-Bolivia_KM-Turismo_Runakay-Travel_01.jpg\"><img decoding=\"async\" loading=\"lazy\" class=\"alignnone size-medium wp-image-3139\" src=\"http:\/\/www.runakay-travel.com\/wp-content\/uploads\/2019\/08\/01_La-Paz_Altitudes-Bolivia_KM-Turismo_Runakay-Travel_01-300x200.jpg\" alt=\"\" width=\"300\" height=\"200\" srcset=\"http:\/\/www.runakay-travel.com\/wp-content\/uploads\/2019\/08\/01_La-Paz_Altitudes-Bolivia_KM-Turismo_Runakay-Travel_01-300x200.jpg 300w, http:\/\/www.runakay-travel.com\/wp-content\/uploads\/2019\/08\/01_La-Paz_Altitudes-Bolivia_KM-Turismo_Runakay-Travel_01-768x512.jpg 768w, http:\/\/www.runakay-travel.com\/wp-content\/uploads\/2019\/08\/01_La-Paz_Altitudes-Bolivia_KM-Turismo_Runakay-Travel_01-600x400.jpg 600w, http:\/\/www.runakay-travel.com\/wp-content\/uploads\/2019\/08\/01_La-Paz_Altitudes-Bolivia_KM-Turismo_Runakay-Travel_01-272x182.jpg 272w, http:\/\/www.runakay-travel.com\/wp-content\/uploads\/2019\/08\/01_La-Paz_Altitudes-Bolivia_KM-Turismo_Runakay-Travel_01.jpg 1000w\" sizes=\"(max-width: 300px) 100vw, 300px\" \/><\/a><\/p>\n<p>La Paz - Bolivien<\/p>\n<\/div>\n<\/div><\/div><div id=\"panel-3469-2-1-1\" class=\"so-panel widget widget_sow-editor\" data-index=\"5\" ><div class=\"so-widget-sow-editor so-widget-sow-editor-base\">\n<div class=\"siteorigin-widget-tinymce textwidget\">\n\t<p>Wir erstellen Ihre Reiseroute kostenlos und unverbindlich zusammen. Runakay Travel ist spezialisiert auf Reisen nach Bolivien, Chile und Peru.<\/p>\n<p>In aller Ruhe besprechen wir telefonisch Ihre Reisepl\u00e4ne und W\u00fcnsche.<\/p>\n<p>Zus\u00e4tzlich geben wir Ihnen GPS-Tracks f\u00fcr interessante Wanderungen.<\/p>\n<\/div>\n<\/div><\/div><div id=\"panel-3469-2-1-2\" class=\"so-panel widget widget_sow-editor panel-last-child\" data-index=\"6\" ><div class=\"so-widget-sow-editor so-widget-sow-editor-base\">\n<div class=\"siteorigin-widget-tinymce textwidget\">\n\t<p><a href=\"http:\/\/www.runakay-travel.com\/wp-content\/uploads\/2019\/08\/DAV-Wanderreise_Peru_KM-Turismo_Altitudes-Bolivia_Runakay-Travel_01.jpg\"><img decoding=\"async\" loading=\"lazy\" class=\"alignnone size-medium wp-image-3131\" src=\"http:\/\/www.runakay-travel.com\/wp-content\/uploads\/2019\/08\/DAV-Wanderreise_Peru_KM-Turismo_Altitudes-Bolivia_Runakay-Travel_01-300x200.jpg\" alt=\"\" width=\"300\" height=\"200\" srcset=\"http:\/\/www.runakay-travel.com\/wp-content\/uploads\/2019\/08\/DAV-Wanderreise_Peru_KM-Turismo_Altitudes-Bolivia_Runakay-Travel_01-300x200.jpg 300w, http:\/\/www.runakay-travel.com\/wp-content\/uploads\/2019\/08\/DAV-Wanderreise_Peru_KM-Turismo_Altitudes-Bolivia_Runakay-Travel_01-768x512.jpg 768w, http:\/\/www.runakay-travel.com\/wp-content\/uploads\/2019\/08\/DAV-Wanderreise_Peru_KM-Turismo_Altitudes-Bolivia_Runakay-Travel_01-600x400.jpg 600w, http:\/\/www.runakay-travel.com\/wp-content\/uploads\/2019\/08\/DAV-Wanderreise_Peru_KM-Turismo_Altitudes-Bolivia_Runakay-Travel_01-272x182.jpg 272w, http:\/\/www.runakay-travel.com\/wp-content\/uploads\/2019\/08\/DAV-Wanderreise_Peru_KM-Turismo_Altitudes-Bolivia_Runakay-Travel_01.jpg 1000w\" sizes=\"(max-width: 300px) 100vw, 300px\" \/><\/a><\/p>\n<p>Machu Picchu - Peru<\/p>\n<\/div>\n<\/div><\/div><\/div><\/div><div id=\"pg-3469-3\"  class=\"panel-grid panel-no-style\" ><div id=\"pgc-3469-3-0\"  class=\"panel-grid-cell\" ><div id=\"panel-3469-3-0-0\" class=\"so-panel widget widget_sow-editor panel-first-child panel-last-child\" data-index=\"7\" ><div class=\"so-widget-sow-editor so-widget-sow-editor-base\">\n<div class=\"siteorigin-widget-tinymce textwidget\">\n\t<p>__________________________________________________________________________________________________<\/p>\n<\/div>\n<\/div><\/div><\/div><\/div><div id=\"pg-3469-4\"  class=\"panel-grid panel-no-style\" ><div id=\"pgc-3469-4-0\"  class=\"panel-grid-cell\" ><div id=\"panel-3469-4-0-0\" class=\"so-panel widget widget_pw_pricing_list widget-pricing-list panel-first-child panel-last-child\" data-index=\"8\" ><div class=\"featured-widget panel-widget-style panel-widget-style-for-3469-4-0-0\" >\n\t<div class=\"pricing-list\">\n\t\t\t\t\t\t\t<div class=\"pricing-list__item\">\n\t\t\t\t<span class=\"h4  pricing-list__title\">1 Person - 1 - 2 Tage\t\t\t\t\t\t\t\t\t\t\t<span class=\"pricing-list__badge\">INDIVIDUELL<\/span>\n\t\t\t\t\t\t\t\t\t<\/span>\n\t\t\t\t<span class=\"h6  pricing-list__price\">50 ,- US$<\/span>\n\t\t\t\t\t\t\t\t\t<p class=\"pricing-list__description\">\n\t\t\t\t\t\tExtra f\u00fcr Einzelreisende, Organisationsgeb\u00fchr pro Reisetag, zuz\u00fcglich anfallende Reisekosten nach Auflistung\t\t\t\t\t<\/p>\n\t\t\t\t\t\t\t<\/div>\n\t\t\t\t\t<div class=\"pricing-list__item\">\n\t\t\t\t<span class=\"h4  pricing-list__title\">1 Person - 3 - 6 Tage\t\t\t\t\t\t\t\t\t\t\t<span class=\"pricing-list__badge\">INDIVIDUELL<\/span>\n\t\t\t\t\t\t\t\t\t<\/span>\n\t\t\t\t<span class=\"h6  pricing-list__price\">100,- US$<\/span>\n\t\t\t\t\t\t\t\t\t<p class=\"pricing-list__description\">\n\t\t\t\t\t\tExtra f\u00fcr Einzelreisende, Organisationsgeb\u00fchr pro Reisezeitraum, zuz\u00fcglich anfallende Reisekosten nach Auflistung\t\t\t\t\t<\/p>\n\t\t\t\t\t\t\t<\/div>\n\t\t\t\t\t<div class=\"pricing-list__item\">\n\t\t\t\t<span class=\"h4  pricing-list__title\">1 Person - pro Woche\t\t\t\t\t\t\t\t\t\t\t<span class=\"pricing-list__badge\">INDIVIDUELL<\/span>\n\t\t\t\t\t\t\t\t\t<\/span>\n\t\t\t\t<span class=\"h6  pricing-list__price\">100,- US$<\/span>\n\t\t\t\t\t\t\t\t\t<p class=\"pricing-list__description\">\n\t\t\t\t\t\tExtra f\u00fcr Einzelreisende, Organisationsgeb\u00fchr f\u00fcr jede Reisewoche*; zuz\u00fcglich anfallende Reisekosten nach Auflistung \t\t\t\t\t<\/p>\n\t\t\t\t\t\t\t<\/div>\n\t\t\t<\/div>\n\n<\/div><\/div><\/div><div id=\"pgc-3469-4-1\"  class=\"panel-grid-cell\" ><div id=\"panel-3469-4-1-0\" class=\"so-panel widget widget_pw_pricing_list widget-pricing-list panel-first-child panel-last-child\" data-index=\"9\" ><div class=\"featured-widget panel-widget-style panel-widget-style-for-3469-4-1-0\" >\n\t<div class=\"pricing-list\">\n\t\t\t\t\t\t\t<div class=\"pricing-list__item\">\n\t\t\t\t<span class=\"h4  pricing-list__title\">ab 2 Personen - 1 - 2 Tage\t\t\t\t\t\t\t\t\t\t\t<span class=\"pricing-list__badge\">INDIVIDUELL<\/span>\n\t\t\t\t\t\t\t\t\t<\/span>\n\t\t\t\t<span class=\"h6  pricing-list__price\">80,- US$<\/span>\n\t\t\t\t\t\t\t\t\t<p class=\"pricing-list__description\">\n\t\t\t\t\t\tOrganisationsgeb\u00fchr pro Reisetag und Gruppe*, zuz\u00fcglich anfallende Reisekosten nach Auflistung\t\t\t\t\t<\/p>\n\t\t\t\t\t\t\t<\/div>\n\t\t\t\t\t<div class=\"pricing-list__item\">\n\t\t\t\t<span class=\"h4  pricing-list__title\">ab 2 Personen - 3 - 6 Tage\t\t\t\t\t\t\t\t\t\t\t<span class=\"pricing-list__badge\">INDIVIDUELL<\/span>\n\t\t\t\t\t\t\t\t\t<\/span>\n\t\t\t\t<span class=\"h6  pricing-list__price\">160,- US$<\/span>\n\t\t\t\t\t\t\t\t\t<p class=\"pricing-list__description\">\n\t\t\t\t\t\tOrganisationsgeb\u00fchr pro Reisezeitraum und Gruppe*, zuz\u00fcglich anfallende Reisekosten nach Auflistung\t\t\t\t\t<\/p>\n\t\t\t\t\t\t\t<\/div>\n\t\t\t\t\t<div class=\"pricing-list__item\">\n\t\t\t\t<span class=\"h4  pricing-list__title\">ab 2 Personen - pro Woche\t\t\t\t\t\t\t\t\t\t\t<span class=\"pricing-list__badge\">INDIVIDUELL<\/span>\n\t\t\t\t\t\t\t\t\t<\/span>\n\t\t\t\t<span class=\"h6  pricing-list__price\">160,- US$<\/span>\n\t\t\t\t\t\t\t\t\t<p class=\"pricing-list__description\">\n\t\t\t\t\t\tOrganisationsgeb\u00fchr f\u00fcr jede Reisewoche* und Gruppe*; zuz\u00fcglich anfallende Reisekosten nach Auflistung\t\t\t\t\t<\/p>\n\t\t\t\t\t\t\t<\/div>\n\t\t\t<\/div>\n\n<\/div><\/div><\/div><div id=\"pgc-3469-4-2\"  class=\"panel-grid-cell\" ><div id=\"panel-3469-4-2-0\" class=\"so-panel widget widget_pw_pricing_list widget-pricing-list panel-first-child panel-last-child\" data-index=\"10\" ><div class=\"featured-widget panel-widget-style panel-widget-style-for-3469-4-2-0\" >\n\t<div class=\"pricing-list\">\n\t\t\t\t\t\t\t<div class=\"pricing-list__item\">\n\t\t\t\t<span class=\"h4  pricing-list__title\">ab 5 Personen - 1 - 2 Tage\t\t\t\t\t\t\t\t\t\t\t<span class=\"pricing-list__badge\">INDIVIDUELL<\/span>\n\t\t\t\t\t\t\t\t\t<\/span>\n\t\t\t\t<span class=\"h6  pricing-list__price\">100,- US$<\/span>\n\t\t\t\t\t\t\t\t\t<p class=\"pricing-list__description\">\n\t\t\t\t\t\tOrganisationsgeb\u00fchr pro Reisetag und Gruppe*, zuz\u00fcglich anfallende Reisekosten nach Auflistung\t\t\t\t\t<\/p>\n\t\t\t\t\t\t\t<\/div>\n\t\t\t\t\t<div class=\"pricing-list__item\">\n\t\t\t\t<span class=\"h4  pricing-list__title\">ab 5 Personen - 3 - 6 Tage\t\t\t\t\t\t\t\t\t\t\t<span class=\"pricing-list__badge\">INDIVIDUELL<\/span>\n\t\t\t\t\t\t\t\t\t<\/span>\n\t\t\t\t<span class=\"h6  pricing-list__price\">200 ,- US$<\/span>\n\t\t\t\t\t\t\t\t\t<p class=\"pricing-list__description\">\n\t\t\t\t\t\tOrganisationsgeb\u00fchr pro Reisezeitraum und Gruppe*, zuz\u00fcglich anfallende Reisekosten nach Auflistung\t\t\t\t\t<\/p>\n\t\t\t\t\t\t\t<\/div>\n\t\t\t\t\t<div class=\"pricing-list__item\">\n\t\t\t\t<span class=\"h4  pricing-list__title\">ab 5 Personen - pro Woche\t\t\t\t\t\t\t\t\t\t\t<span class=\"pricing-list__badge\">INDIVIDUELL<\/span>\n\t\t\t\t\t\t\t\t\t<\/span>\n\t\t\t\t<span class=\"h6  pricing-list__price\">200 ,- US$<\/span>\n\t\t\t\t\t\t\t\t\t<p class=\"pricing-list__description\">\n\t\t\t\t\t\tOrganisationsgeb\u00fchr f\u00fcr jede Reisewoche* und Gruppe*; zuz\u00fcglich anfallende Reisekosten nach Auflistung\t\t\t\t\t<\/p>\n\t\t\t\t\t\t\t<\/div>\n\t\t\t<\/div>\n\n<\/div><\/div><\/div><\/div><div id=\"pg-3469-5\"  class=\"panel-grid panel-no-style\" ><div id=\"pgc-3469-5-0\"  class=\"panel-grid-cell\" ><div id=\"panel-3469-5-0-0\" class=\"so-panel widget widget_sow-editor panel-first-child panel-last-child\" data-index=\"11\" ><div class=\"so-widget-sow-editor so-widget-sow-editor-base\">\n<div class=\"siteorigin-widget-tinymce textwidget\">\n\t<h3>Bemerkungen:<\/h3>\n<p>* - Der Preis f\u00fcr Ihre Reise wird pro Woche berechnet. Bei einer Reisedauer von z. B. 15 Tagen setzt sich der Preis aus 2 Wochen und einem zus\u00e4tzlichen Tagen zusammen. Bei der Kostenkalkulation f\u00fcr die Organisation berechnen wir f\u00fcr Sie immer die g\u00fcnstigste Variante.<\/p>\n<p>* - Der Preis gilt f\u00fcr die gesamte Reisegruppe. Die maximale Gruppengr\u00f6\u00dfe f\u00fcr individuelle Touren betr\u00e4gt 9 Personen. Bei Gruppen ab 10 Personen stellen wir Ihnen gerne ein Programm zusammen. Sprechen Sie uns diesbez\u00fcglich jederzeit gerne an.<\/p>\n<\/div>\n<\/div><\/div><\/div><\/div><\/div>","protected":false},"excerpt":{"rendered":"<p>Individuell Reiseplanung ganz leicht &#8211; wir organisieren Ihre Traumreise! &nbsp; 1. Sie erz\u00e4hlen uns von Ihren Reisetr\u00e4umen. 2. Wir planen gemeinsam Ihre Traumreise. 3. Sie reisen unbeschwert zu Ihren Wunschzielen. Torres del Paine &#8211; Chile Sprechen Sie uns einfach an: Lassen Sie Ihr Abenteuer jetzt beginnen! &nbsp; KONTAKT &nbsp; Wir versuchen Ihre Anfrage innerhalb von &hellip;<\/p>\n","protected":false},"author":1,"featured_media":0,"parent":0,"menu_order":0,"comment_status":"closed","ping_status":"closed","template":"","meta":[],"_links":{"self":[{"href":"http:\/\/www.runakay-travel.com\/es\/wp-json\/wp\/v2\/pages\/3469"}],"collection":[{"href":"http:\/\/www.runakay-travel.com\/es\/wp-json\/wp\/v2\/pages"}],"about":[{"href":"http:\/\/www.runakay-travel.com\/es\/wp-json\/wp\/v2\/types\/page"}],"author":[{"embeddable":true,"href":"http:\/\/www.runakay-travel.com\/es\/wp-json\/wp\/v2\/users\/1"}],"replies":[{"embeddable":true,"href":"http:\/\/www.runakay-travel.com\/es\/wp-json\/wp\/v2\/comments?post=3469"}],"version-history":[{"count":75,"href":"http:\/\/www.runakay-travel.com\/es\/wp-json\/wp\/v2\/pages\/3469\/revisions"}],"predecessor-version":[{"id":6031,"href":"http:\/\/www.runakay-travel.com\/es\/wp-json\/wp\/v2\/pages\/3469\/revisions\/6031"}],"wp:attachment":[{"href":"http:\/\/www.runakay-travel.com\/es\/wp-json\/wp\/v2\/media?parent=3469"}],"curies":[{"name":"wp","href":"https:\/\/api.w.org\/{rel}","templated":true}]}}