{"id":3554,"date":"2019-08-21T09:50:19","date_gmt":"2019-08-21T07:50:19","guid":{"rendered":"http:\/\/www.runakay-travel.com\/?page_id=3554"},"modified":"2019-10-03T19:40:33","modified_gmt":"2019-10-03T17:40:33","slug":"individuales","status":"publish","type":"page","link":"http:\/\/www.runakay-travel.com\/es\/individuales\/","title":{"rendered":"ALEMANIA Y EUROPA ORIENTAL INDIVIDUAL"},"content":{"rendered":"<div id=\"pl-3554\"  class=\"panel-layout\" ><div id=\"pg-3554-0\"  class=\"panel-grid panel-no-style\" ><div id=\"pgc-3554-0-0\"  class=\"panel-grid-cell\" ><div id=\"panel-3554-0-0-0\" class=\"so-panel widget widget_pw_special_title widget-special-title panel-first-child panel-last-child\" data-index=\"0\" >\t\t\t<h2 class=\"special-title\">\n\t\t\t\tIndividual\t\t\t<\/h2>\n\t\t<\/div><\/div><\/div><div id=\"pg-3554-1\"  class=\"panel-grid panel-no-style\" ><div id=\"pgc-3554-1-0\"  class=\"panel-grid-cell panel-grid-cell-empty\" ><\/div><\/div><div id=\"pg-3554-2\"  class=\"panel-grid panel-no-style\" ><div id=\"pgc-3554-2-0\"  class=\"panel-grid-cell\" ><div id=\"panel-3554-2-0-0\" class=\"so-panel widget widget_sow-editor panel-first-child\" data-index=\"1\" ><div class=\"so-widget-sow-editor so-widget-sow-editor-base\">\n<div class=\"siteorigin-widget-tinymce textwidget\">\n\t<h3><span class=\"tlid-translation translation\" lang=\"es\"><span class=\"\" title=\"\">\u00a1P<\/span><\/span><span class=\"tlid-translation translation\" lang=\"es\"><span class=\"\" title=\"\">lanificaci\u00f3n de viaje muy f\u00e1cil -\u00a0 nosotros organizamos el viaje de sus sue\u00f1os!<\/span><\/span><\/h3>\n<p>&nbsp;<\/p>\n<p>1. <span class=\"tlid-translation translation\" lang=\"es\"><span class=\"\" title=\"\">Nos cuenta sus sue\u00f1os de viaje.<\/span><\/span><\/p>\n<p>2. <span class=\"tlid-translation translation\" lang=\"es\"><span class=\"\" title=\"\">Planeamos el viaje de tus sue\u00f1os juntos.<\/span><\/span><\/p>\n<p>3. <span class=\"tlid-translation translation\" lang=\"es\"><span class=\"\" title=\"\">Viaja sin preocupaciones a sus lugares deseados.<\/span><\/span><\/p>\n<\/div>\n<\/div><\/div><div id=\"panel-3554-2-0-1\" class=\"so-panel widget widget_sow-editor\" data-index=\"2\" ><div class=\"so-widget-sow-editor so-widget-sow-editor-base\">\n<div class=\"siteorigin-widget-tinymce textwidget\">\n\t<p><a href=\"http:\/\/www.runakay-travel.com\/wp-content\/uploads\/2019\/08\/Bamberg_KM-Turismo_Runakay-Travel_Altitudes-Bolivia_01.jpg\"><img decoding=\"async\" loading=\"lazy\" class=\"alignnone size-medium wp-image-3446\" src=\"http:\/\/www.runakay-travel.com\/wp-content\/uploads\/2019\/08\/Bamberg_KM-Turismo_Runakay-Travel_Altitudes-Bolivia_01-300x201.jpg\" alt=\"\" width=\"300\" height=\"201\" srcset=\"http:\/\/www.runakay-travel.com\/wp-content\/uploads\/2019\/08\/Bamberg_KM-Turismo_Runakay-Travel_Altitudes-Bolivia_01-300x201.jpg 300w, http:\/\/www.runakay-travel.com\/wp-content\/uploads\/2019\/08\/Bamberg_KM-Turismo_Runakay-Travel_Altitudes-Bolivia_01-768x514.jpg 768w, http:\/\/www.runakay-travel.com\/wp-content\/uploads\/2019\/08\/Bamberg_KM-Turismo_Runakay-Travel_Altitudes-Bolivia_01-600x401.jpg 600w, http:\/\/www.runakay-travel.com\/wp-content\/uploads\/2019\/08\/Bamberg_KM-Turismo_Runakay-Travel_Altitudes-Bolivia_01-272x182.jpg 272w, http:\/\/www.runakay-travel.com\/wp-content\/uploads\/2019\/08\/Bamberg_KM-Turismo_Runakay-Travel_Altitudes-Bolivia_01.jpg 1000w\" sizes=\"(max-width: 300px) 100vw, 300px\" \/><\/a><\/p>\n<p>Casa de la municipalidad - Bamberg, Alemania<\/p>\n<\/div>\n<\/div><\/div><div id=\"panel-3554-2-0-2\" class=\"so-panel widget widget_sow-editor panel-last-child\" data-index=\"3\" ><div class=\"so-widget-sow-editor so-widget-sow-editor-base\">\n<div class=\"siteorigin-widget-tinymce textwidget\">\n\t<p><span class=\"tlid-translation translation\" lang=\"es\"><span class=\"\" title=\"\">Solo cont\u00e1ctenos:<\/span><\/span><\/p>\n<p><span class=\"tlid-translation translation\" lang=\"es\"><span class=\"\" title=\"\">\u00a1Deja que tu aventura comience ahora!<\/span><\/span><br \/>\n&nbsp;<br \/>\n<a class=\"btn  btn-primary\" href=\"http:\/\/www.runakay-travel.com\/es\/contact\/\" target=\"_self\"> CONTACTO<\/a><\/p>\n<p>&nbsp;<\/p>\n<p><span class=\"tlid-translation translation\" lang=\"es\"><span class=\"\" title=\"\">Intentamos responder a su solicitud dentro de las 24 horas.<\/span><\/span><\/p>\n<\/div>\n<\/div><\/div><\/div><div id=\"pgc-3554-2-1\"  class=\"panel-grid-cell\" ><div id=\"panel-3554-2-1-0\" class=\"so-panel widget widget_sow-editor panel-first-child\" data-index=\"4\" ><div class=\"so-widget-sow-editor so-widget-sow-editor-base\">\n<div class=\"siteorigin-widget-tinymce textwidget\">\n\t<p><a href=\"http:\/\/www.runakay-travel.com\/wp-content\/uploads\/2019\/08\/Berlin_KM-Turismo_Runakay-Travel_Altitudes-Bolivia_01.jpg\"><img decoding=\"async\" loading=\"lazy\" class=\"alignnone size-medium wp-image-3415\" src=\"http:\/\/www.runakay-travel.com\/wp-content\/uploads\/2019\/08\/Berlin_KM-Turismo_Runakay-Travel_Altitudes-Bolivia_01-300x200.jpg\" alt=\"\" width=\"300\" height=\"200\" srcset=\"http:\/\/www.runakay-travel.com\/wp-content\/uploads\/2019\/08\/Berlin_KM-Turismo_Runakay-Travel_Altitudes-Bolivia_01-300x200.jpg 300w, http:\/\/www.runakay-travel.com\/wp-content\/uploads\/2019\/08\/Berlin_KM-Turismo_Runakay-Travel_Altitudes-Bolivia_01-768x512.jpg 768w, http:\/\/www.runakay-travel.com\/wp-content\/uploads\/2019\/08\/Berlin_KM-Turismo_Runakay-Travel_Altitudes-Bolivia_01-600x400.jpg 600w, http:\/\/www.runakay-travel.com\/wp-content\/uploads\/2019\/08\/Berlin_KM-Turismo_Runakay-Travel_Altitudes-Bolivia_01-272x182.jpg 272w, http:\/\/www.runakay-travel.com\/wp-content\/uploads\/2019\/08\/Berlin_KM-Turismo_Runakay-Travel_Altitudes-Bolivia_01.jpg 1000w\" sizes=\"(max-width: 300px) 100vw, 300px\" \/><\/a><\/p>\n<p>La Puerta de Brandenburgo - Berlin, Alemania<\/p>\n<\/div>\n<\/div><\/div><div id=\"panel-3554-2-1-1\" class=\"so-panel widget widget_sow-editor\" data-index=\"5\" ><div class=\"so-widget-sow-editor so-widget-sow-editor-base\">\n<div class=\"siteorigin-widget-tinymce textwidget\">\n\t<div class=\"text-wrap tlid-copy-target\">\n<div class=\"result-shield-container tlid-copy-target\" tabindex=\"0\"><span class=\"tlid-translation translation\" lang=\"es\"><span class=\"\" title=\"\">Creamos su itinerario de forma gratuita y sin compromiso.<\/span> <span title=\"\">Runakay Travel se especializa en viajes a Alemania, Europa Oriental y S\u00fadamerica.<\/span><\/p>\n<p><span title=\"\">En paz y tranquilidad, hablamos de sus planes de viaje y deseos por tel\u00e9fono.<\/span><\/p>\n<p><span title=\"\">Adem\u00e1s, le damos GPS-Tracks para caminatas interesantes.<\/span><\/p>\n<p><\/span><\/div>\n<\/div>\n<div class=\"tlid-result-transliteration-container result-transliteration-container transliteration-container\">\n<div class=\"tlid-transliteration-content transliteration-content full\"><\/div>\n<\/div>\n<\/div>\n<\/div><\/div><div id=\"panel-3554-2-1-2\" class=\"so-panel widget widget_sow-editor panel-last-child\" data-index=\"6\" ><div class=\"so-widget-sow-editor so-widget-sow-editor-base\">\n<div class=\"siteorigin-widget-tinymce textwidget\">\n\t<p><a href=\"http:\/\/www.runakay-travel.com\/wp-content\/uploads\/2019\/08\/Bulgaria14_Shiroka-Luka1_Altitudes-Bolivia_Runakay-Travel_KM-Turismo.jpg\"><img decoding=\"async\" loading=\"lazy\" class=\"alignnone size-medium wp-image-2929\" src=\"http:\/\/www.runakay-travel.com\/wp-content\/uploads\/2019\/08\/Bulgaria14_Shiroka-Luka1_Altitudes-Bolivia_Runakay-Travel_KM-Turismo-300x200.jpg\" alt=\"\" width=\"300\" height=\"200\" srcset=\"http:\/\/www.runakay-travel.com\/wp-content\/uploads\/2019\/08\/Bulgaria14_Shiroka-Luka1_Altitudes-Bolivia_Runakay-Travel_KM-Turismo-300x200.jpg 300w, http:\/\/www.runakay-travel.com\/wp-content\/uploads\/2019\/08\/Bulgaria14_Shiroka-Luka1_Altitudes-Bolivia_Runakay-Travel_KM-Turismo-768x512.jpg 768w, http:\/\/www.runakay-travel.com\/wp-content\/uploads\/2019\/08\/Bulgaria14_Shiroka-Luka1_Altitudes-Bolivia_Runakay-Travel_KM-Turismo-600x400.jpg 600w, http:\/\/www.runakay-travel.com\/wp-content\/uploads\/2019\/08\/Bulgaria14_Shiroka-Luka1_Altitudes-Bolivia_Runakay-Travel_KM-Turismo-272x182.jpg 272w, http:\/\/www.runakay-travel.com\/wp-content\/uploads\/2019\/08\/Bulgaria14_Shiroka-Luka1_Altitudes-Bolivia_Runakay-Travel_KM-Turismo.jpg 1000w\" sizes=\"(max-width: 300px) 100vw, 300px\" \/><\/a><\/p>\n<p>Casa tipicas en el campo - Shiroka Luka, Bulgaria<\/p>\n<\/div>\n<\/div><\/div><\/div><\/div><div id=\"pg-3554-3\"  class=\"panel-grid panel-no-style\" ><div id=\"pgc-3554-3-0\"  class=\"panel-grid-cell\" ><div id=\"panel-3554-3-0-0\" class=\"so-panel widget widget_sow-editor panel-first-child panel-last-child\" data-index=\"7\" ><div class=\"so-widget-sow-editor so-widget-sow-editor-base\">\n<div class=\"siteorigin-widget-tinymce textwidget\">\n\t<p>__________________________________________________________________________________________________<\/p>\n<\/div>\n<\/div><\/div><\/div><\/div><div id=\"pg-3554-4\"  class=\"panel-grid panel-no-style\" ><div id=\"pgc-3554-4-0\"  class=\"panel-grid-cell\" ><div id=\"panel-3554-4-0-0\" class=\"so-panel widget widget_pw_pricing_list widget-pricing-list panel-first-child panel-last-child\" data-index=\"8\" ><div class=\"featured-widget panel-widget-style panel-widget-style-for-3554-4-0-0\" >\n\t<div class=\"pricing-list\">\n\t\t\t\t\t\t\t<div class=\"pricing-list__item\">\n\t\t\t\t<span class=\"h4  pricing-list__title\">1 persona - 1 - 2 d\u00edas\t\t\t\t\t\t\t\t\t\t\t<span class=\"pricing-list__badge\">INDIVIDUAL<\/span>\n\t\t\t\t\t\t\t\t\t<\/span>\n\t\t\t\t<span class=\"h6  pricing-list__price\">50 ,- US$<\/span>\n\t\t\t\t\t\t\t\t\t<p class=\"pricing-list__description\">\n\t\t\t\t\t\tTarifa de organizaci\u00f3n por d\u00eda del viaje, m\u00e1s gastos de viaje despu\u00e9s de la lista\t\t\t\t\t<\/p>\n\t\t\t\t\t\t\t<\/div>\n\t\t\t\t\t<div class=\"pricing-list__item\">\n\t\t\t\t<span class=\"h4  pricing-list__title\">1 persona - 3 - 6 dias\t\t\t\t\t\t\t\t\t\t\t<span class=\"pricing-list__badge\">INDIVIDUAL<\/span>\n\t\t\t\t\t\t\t\t\t<\/span>\n\t\t\t\t<span class=\"h6  pricing-list__price\">100,- US$<\/span>\n\t\t\t\t\t\t\t\t\t<p class=\"pricing-list__description\">\n\t\t\t\t\t\tTarifa de organizaci\u00f3n por temporada del viaje, m\u00e1s gastos de viaje despu\u00e9s de la lista\t\t\t\t\t<\/p>\n\t\t\t\t\t\t\t<\/div>\n\t\t\t\t\t<div class=\"pricing-list__item\">\n\t\t\t\t<span class=\"h4  pricing-list__title\">1 persona - por semana\t\t\t\t\t\t\t\t\t\t\t<span class=\"pricing-list__badge\">INDIVIDUAL<\/span>\n\t\t\t\t\t\t\t\t\t<\/span>\n\t\t\t\t<span class=\"h6  pricing-list__price\">100,- US$<\/span>\n\t\t\t\t\t\t\t\t\t<p class=\"pricing-list__description\">\n\t\t\t\t\t\tTarifa de organizaci\u00f3n por cada semana del viaje *; m\u00e1s los gastos de viaje acumulados despu\u00e9s del listado\t\t\t\t\t<\/p>\n\t\t\t\t\t\t\t<\/div>\n\t\t\t<\/div>\n\n<\/div><\/div><\/div><div id=\"pgc-3554-4-1\"  class=\"panel-grid-cell\" ><div id=\"panel-3554-4-1-0\" class=\"so-panel widget widget_pw_pricing_list widget-pricing-list panel-first-child panel-last-child\" data-index=\"9\" ><div class=\"featured-widget panel-widget-style panel-widget-style-for-3554-4-1-0\" >\n\t<div class=\"pricing-list\">\n\t\t\t\t\t\t\t<div class=\"pricing-list__item\">\n\t\t\t\t<span class=\"h4  pricing-list__title\">a partir de 2 personas - 1 - 2 d\u00edas\t\t\t\t\t\t\t\t\t\t\t<span class=\"pricing-list__badge\">INDIVIDUAL<\/span>\n\t\t\t\t\t\t\t\t\t<\/span>\n\t\t\t\t<span class=\"h6  pricing-list__price\">80,- US$<\/span>\n\t\t\t\t\t\t\t\t\t<p class=\"pricing-list__description\">\n\t\t\t\t\t\tTarifa de organizaci\u00f3n por d\u00eda del viaje y grupo *, m\u00e1s gastos de viaje seg\u00fan la lista\t\t\t\t\t<\/p>\n\t\t\t\t\t\t\t<\/div>\n\t\t\t\t\t<div class=\"pricing-list__item\">\n\t\t\t\t<span class=\"h4  pricing-list__title\">a partir de 2 personas - 3 - 6 dias\t\t\t\t\t\t\t\t\t\t\t<span class=\"pricing-list__badge\">INDIVIDUAL<\/span>\n\t\t\t\t\t\t\t\t\t<\/span>\n\t\t\t\t<span class=\"h6  pricing-list__price\">160 ,- US$<\/span>\n\t\t\t\t\t\t\t\t\t<p class=\"pricing-list__description\">\n\t\t\t\t\t\tTarifa de organizaci\u00f3n por temporada del viaje y grupo *, m\u00e1s gastos de viaje seg\u00fan la lista\t\t\t\t\t<\/p>\n\t\t\t\t\t\t\t<\/div>\n\t\t\t\t\t<div class=\"pricing-list__item\">\n\t\t\t\t<span class=\"h4  pricing-list__title\">a partir de 2 personas - por semana\t\t\t\t\t\t\t\t\t\t\t<span class=\"pricing-list__badge\">INDIVIDUAL<\/span>\n\t\t\t\t\t\t\t\t\t<\/span>\n\t\t\t\t<span class=\"h6  pricing-list__price\">160 ,- US$<\/span>\n\t\t\t\t\t\t\t\t\t<p class=\"pricing-list__description\">\n\t\t\t\t\t\tTarifa de organizaci\u00f3n para cada semana del viaje * y grupo *; m\u00e1s los gastos de viaje seg\u00fan la lista\t\t\t\t\t<\/p>\n\t\t\t\t\t\t\t<\/div>\n\t\t\t<\/div>\n\n<\/div><\/div><\/div><div id=\"pgc-3554-4-2\"  class=\"panel-grid-cell\" ><div id=\"panel-3554-4-2-0\" class=\"so-panel widget widget_pw_pricing_list widget-pricing-list panel-first-child panel-last-child\" data-index=\"10\" ><div class=\"featured-widget panel-widget-style panel-widget-style-for-3554-4-2-0\" >\n\t<div class=\"pricing-list\">\n\t\t\t\t\t\t\t<div class=\"pricing-list__item\">\n\t\t\t\t<span class=\"h4  pricing-list__title\">a partir de 5 personas - 1 - 2 d\u00edas\t\t\t\t\t\t\t\t\t\t\t<span class=\"pricing-list__badge\">INDIVIDUAL<\/span>\n\t\t\t\t\t\t\t\t\t<\/span>\n\t\t\t\t<span class=\"h6  pricing-list__price\">100,- US$<\/span>\n\t\t\t\t\t\t\t\t\t<p class=\"pricing-list__description\">\n\t\t\t\t\t\tTarifa de organizaci\u00f3n por d\u00eda del viaje y grupo *, m\u00e1s gastos de viaje seg\u00fan la lista\t\t\t\t\t<\/p>\n\t\t\t\t\t\t\t<\/div>\n\t\t\t\t\t<div class=\"pricing-list__item\">\n\t\t\t\t<span class=\"h4  pricing-list__title\">a partir de 5 personas - 3 - 6 d\u00edas\t\t\t\t\t\t\t\t\t\t\t<span class=\"pricing-list__badge\">INDIVIDUAL<\/span>\n\t\t\t\t\t\t\t\t\t<\/span>\n\t\t\t\t<span class=\"h6  pricing-list__price\">200 ,- US$<\/span>\n\t\t\t\t\t\t\t\t\t<p class=\"pricing-list__description\">\n\t\t\t\t\t\tTarifa de organizaci\u00f3n por temporada del viaje y grupo *, m\u00e1s gastos de viaje seg\u00fan la lista\t\t\t\t\t<\/p>\n\t\t\t\t\t\t\t<\/div>\n\t\t\t\t\t<div class=\"pricing-list__item\">\n\t\t\t\t<span class=\"h4  pricing-list__title\">a partir de 5 personas - por semana\t\t\t\t\t\t\t\t\t\t\t<span class=\"pricing-list__badge\">INDIVIDUAL<\/span>\n\t\t\t\t\t\t\t\t\t<\/span>\n\t\t\t\t<span class=\"h6  pricing-list__price\">200 ,- US$<\/span>\n\t\t\t\t\t\t\t\t\t<p class=\"pricing-list__description\">\n\t\t\t\t\t\tTarifa de organizaci\u00f3n para cada semana del viaje * y grupo *; m\u00e1s gastos de viaje seg\u00fan la lista\t\t\t\t\t<\/p>\n\t\t\t\t\t\t\t<\/div>\n\t\t\t<\/div>\n\n<\/div><\/div><\/div><\/div><div id=\"pg-3554-5\"  class=\"panel-grid panel-no-style\" ><div id=\"pgc-3554-5-0\"  class=\"panel-grid-cell\" ><div id=\"panel-3554-5-0-0\" class=\"so-panel widget widget_sow-editor panel-first-child panel-last-child\" data-index=\"11\" ><div class=\"so-widget-sow-editor so-widget-sow-editor-base\">\n<div class=\"siteorigin-widget-tinymce textwidget\">\n\t<h3>Notas:<\/h3>\n<p>* - <span class=\"tlid-translation translation\" lang=\"es\"><span class=\"\" title=\"\">El precio de su viaje se calcula por semana.<\/span> <span class=\"\" title=\"\">Para un tiempo de viaje de p<\/span><span class=\"\" title=\"\">or ejemplo 15 d\u00edas, es el precio de 2 semanas y un d\u00eda adicional juntos.<\/span> Para <span title=\"\">los costos de la organizaci\u00f3n, siempre calculamos la opci\u00f3n m\u00e1s barata para usted.<\/span><\/span><\/p>\n<p>* - <span class=\"tlid-translation translation\" lang=\"es\"><span class=\"\" title=\"\">El precio es para todo el grupo.<\/span> <span class=\"\" title=\"\">El tama\u00f1o m\u00e1ximo del grupo para recorridos individuales es de 9 personas.<\/span> <span class=\"\" title=\"\">Para grupos de 10 personas o m\u00e1s, nos complace armar un programa para usted.<\/span> <span class=\"\" title=\"\">Por favor cont\u00e1ctenos en cualquier momento.<\/span><\/span><\/p>\n<\/div>\n<\/div><\/div><\/div><\/div><\/div>","protected":false},"excerpt":{"rendered":"<p>Individual \u00a1Planificaci\u00f3n de viaje muy f\u00e1cil &#8211;\u00a0 nosotros organizamos el viaje de sus sue\u00f1os! &nbsp; 1. Nos cuenta sus sue\u00f1os de viaje. 2. Planeamos el viaje de tus sue\u00f1os juntos. 3. Viaja sin preocupaciones a sus lugares deseados. Casa de la municipalidad &#8211; Bamberg, Alemania Solo cont\u00e1ctenos: \u00a1Deja que tu aventura comience ahora! &nbsp; CONTACTO &hellip;<\/p>\n","protected":false},"author":1,"featured_media":0,"parent":0,"menu_order":0,"comment_status":"closed","ping_status":"closed","template":"","meta":[],"_links":{"self":[{"href":"http:\/\/www.runakay-travel.com\/es\/wp-json\/wp\/v2\/pages\/3554"}],"collection":[{"href":"http:\/\/www.runakay-travel.com\/es\/wp-json\/wp\/v2\/pages"}],"about":[{"href":"http:\/\/www.runakay-travel.com\/es\/wp-json\/wp\/v2\/types\/page"}],"author":[{"embeddable":true,"href":"http:\/\/www.runakay-travel.com\/es\/wp-json\/wp\/v2\/users\/1"}],"replies":[{"embeddable":true,"href":"http:\/\/www.runakay-travel.com\/es\/wp-json\/wp\/v2\/comments?post=3554"}],"version-history":[{"count":27,"href":"http:\/\/www.runakay-travel.com\/es\/wp-json\/wp\/v2\/pages\/3554\/revisions"}],"predecessor-version":[{"id":6043,"href":"http:\/\/www.runakay-travel.com\/es\/wp-json\/wp\/v2\/pages\/3554\/revisions\/6043"}],"wp:attachment":[{"href":"http:\/\/www.runakay-travel.com\/es\/wp-json\/wp\/v2\/media?parent=3554"}],"curies":[{"name":"wp","href":"https:\/\/api.w.org\/{rel}","templated":true}]}}