{"id":3585,"date":"2019-08-21T10:50:17","date_gmt":"2019-08-21T08:50:17","guid":{"rendered":"http:\/\/www.runakay-travel.com\/?page_id=3585"},"modified":"2019-08-21T11:22:41","modified_gmt":"2019-08-21T09:22:41","slug":"incomingde","status":"publish","type":"page","link":"http:\/\/www.runakay-travel.com\/es\/incomingde\/","title":{"rendered":"Incoming Tourismus (Deutsch) Bolivien, Chile, Peru"},"content":{"rendered":"<div id=\"pl-3585\"  class=\"panel-layout\" ><div id=\"pg-3585-0\"  class=\"panel-grid panel-no-style\" ><div id=\"pgc-3585-0-0\"  class=\"panel-grid-cell\" ><div id=\"panel-3585-0-0-0\" class=\"so-panel widget widget_pw_special_title widget-special-title panel-first-child panel-last-child\" data-index=\"0\" >\t\t\t<h2 class=\"special-title\">\n\t\t\t\tIncoming\t\t\t<\/h2>\n\t\t<\/div><\/div><\/div><div id=\"pg-3585-1\"  class=\"panel-grid panel-no-style\" ><div id=\"pgc-3585-1-0\"  class=\"panel-grid-cell panel-grid-cell-empty\" ><\/div><\/div><div id=\"pg-3585-2\"  class=\"panel-grid panel-no-style\" ><div id=\"pgc-3585-2-0\"  class=\"panel-grid-cell\" ><div id=\"panel-3585-2-0-0\" class=\"so-panel widget widget_sow-editor panel-first-child panel-last-child\" data-index=\"1\" ><div class=\"so-widget-sow-editor so-widget-sow-editor-base\">\n<div class=\"siteorigin-widget-tinymce textwidget\">\n\t<h1>Reiseveranstalter<\/h1>\n<p>Alle unsere Reisen bieten wir auch f\u00fcr Reiseveranstalter zu gesonderten Konditionen.<\/p>\n<\/div>\n<\/div><\/div><\/div><\/div><div id=\"pg-3585-3\"  class=\"panel-grid panel-no-style\" ><div id=\"pgc-3585-3-0\"  class=\"panel-grid-cell\" ><div id=\"panel-3585-3-0-0\" class=\"so-panel widget widget_sow-editor panel-first-child panel-last-child\" data-index=\"2\" ><div class=\"so-widget-sow-editor so-widget-sow-editor-base\">\n<div class=\"siteorigin-widget-tinymce textwidget\">\n\t<h3>Ihre Vorteile als Veranstalter:<\/h3>\n<ul>\n<li>Genau auf Ihr Publikum abgestimmte Reise<\/li>\n<li>Verschiedene Hotel- und Reisekategorien zur Auswahl<\/li>\n<li>F\u00fchrung durch eigenen Reiseleiter m\u00f6glich<\/li>\n<li>Individuelle Ausflugspakete<\/li>\n<li>Spezielle Wanderungen, die es nur bei uns gibt<\/li>\n<\/ul>\n<\/div>\n<\/div><\/div><\/div><div id=\"pgc-3585-3-1\"  class=\"panel-grid-cell\" ><div id=\"panel-3585-3-1-0\" class=\"so-panel widget widget_sow-editor panel-first-child panel-last-child\" data-index=\"3\" ><div class=\"so-widget-sow-editor so-widget-sow-editor-base\">\n<div class=\"siteorigin-widget-tinymce textwidget\">\n\t<h3>Unsere Spezialgebiete:<\/h3>\n<ul>\n<li>Colca-Ca\u00f1on in Peru abseits der klassischen Route<\/li>\n<li>Individuelle Jeep-Touren Salar de Uyuni (max. 4 Personen pro Fahrzeug!)<\/li>\n<li>Au\u00dfergew\u00f6hnliche M\u00f6glichkeiten im bolivianischen Dschungel<\/li>\n<li>Auf Wunsch spezielle Wanderreisen mit deutschem F\u00fchrer<\/li>\n<\/ul>\n<p>&nbsp;<\/p>\n<\/div>\n<\/div><\/div><\/div><\/div><div id=\"pg-3585-4\"  class=\"panel-grid panel-no-style\" ><div id=\"pgc-3585-4-0\"  class=\"panel-grid-cell\" ><div id=\"panel-3585-4-0-0\" class=\"so-panel widget widget_sow-editor panel-first-child panel-last-child\" data-index=\"4\" ><div class=\"so-widget-sow-editor so-widget-sow-editor-base\">\n<div class=\"siteorigin-widget-tinymce textwidget\">\n\t<p>Sprechen Sie uns gerne an. Runakay Travel steht Ihnen jederzeit gerne zur Verf\u00fcgung.<br \/>\n&nbsp;<br \/>\n[contact-form-7 id=\"3596\" title=\"KONTAKT_AGENTUR\"]<\/p>\n<\/div>\n<\/div><\/div><\/div><\/div><\/div>","protected":false},"excerpt":{"rendered":"<p>Incoming Reiseveranstalter Alle unsere Reisen bieten wir auch f\u00fcr Reiseveranstalter zu gesonderten Konditionen. Ihre Vorteile als Veranstalter: Genau auf Ihr Publikum abgestimmte Reise Verschiedene Hotel- und Reisekategorien zur Auswahl F\u00fchrung durch eigenen Reiseleiter m\u00f6glich Individuelle Ausflugspakete Spezielle Wanderungen, die es nur bei uns gibt Unsere Spezialgebiete: Colca-Ca\u00f1on in Peru abseits der klassischen Route Individuelle Jeep-Touren &hellip;<\/p>\n","protected":false},"author":1,"featured_media":0,"parent":0,"menu_order":0,"comment_status":"closed","ping_status":"closed","template":"","meta":[],"_links":{"self":[{"href":"http:\/\/www.runakay-travel.com\/es\/wp-json\/wp\/v2\/pages\/3585"}],"collection":[{"href":"http:\/\/www.runakay-travel.com\/es\/wp-json\/wp\/v2\/pages"}],"about":[{"href":"http:\/\/www.runakay-travel.com\/es\/wp-json\/wp\/v2\/types\/page"}],"author":[{"embeddable":true,"href":"http:\/\/www.runakay-travel.com\/es\/wp-json\/wp\/v2\/users\/1"}],"replies":[{"embeddable":true,"href":"http:\/\/www.runakay-travel.com\/es\/wp-json\/wp\/v2\/comments?post=3585"}],"version-history":[{"count":12,"href":"http:\/\/www.runakay-travel.com\/es\/wp-json\/wp\/v2\/pages\/3585\/revisions"}],"predecessor-version":[{"id":3606,"href":"http:\/\/www.runakay-travel.com\/es\/wp-json\/wp\/v2\/pages\/3585\/revisions\/3606"}],"wp:attachment":[{"href":"http:\/\/www.runakay-travel.com\/es\/wp-json\/wp\/v2\/media?parent=3585"}],"curies":[{"name":"wp","href":"https:\/\/api.w.org\/{rel}","templated":true}]}}