{"id":6724,"date":"2020-02-25T12:20:19","date_gmt":"2020-02-25T11:20:19","guid":{"rendered":"http:\/\/www.runakay-travel.com\/?page_id=6724"},"modified":"2020-02-25T14:10:21","modified_gmt":"2020-02-25T13:10:21","slug":"perues","status":"publish","type":"page","link":"http:\/\/www.runakay-travel.com\/es\/peru\/perues\/","title":{"rendered":"PER\u00da"},"content":{"rendered":"<div id=\"pl-6724\"  class=\"panel-layout\" ><div id=\"pg-6724-0\"  class=\"panel-grid panel-no-style\" ><div id=\"pgc-6724-0-0\"  class=\"panel-grid-cell\" ><div id=\"panel-6724-0-0-0\" class=\"so-panel widget widget_sow-editor panel-first-child panel-last-child\" data-index=\"0\" ><div class=\"so-widget-sow-editor so-widget-sow-editor-base\">\n<div class=\"siteorigin-widget-tinymce textwidget\">\n\t<p><a href=\"http:\/\/www.runakay-travel.com\/wp-content\/uploads\/2020\/02\/PERU.jpg\"><img decoding=\"async\" loading=\"lazy\" class=\"alignnone wp-image-6747\" src=\"http:\/\/www.runakay-travel.com\/wp-content\/uploads\/2020\/02\/PERU-300x200.jpg\" alt=\"\" width=\"809\" height=\"539\" srcset=\"http:\/\/www.runakay-travel.com\/wp-content\/uploads\/2020\/02\/PERU-300x200.jpg 300w, http:\/\/www.runakay-travel.com\/wp-content\/uploads\/2020\/02\/PERU-768x512.jpg 768w, http:\/\/www.runakay-travel.com\/wp-content\/uploads\/2020\/02\/PERU-1024x683.jpg 1024w, http:\/\/www.runakay-travel.com\/wp-content\/uploads\/2020\/02\/PERU-600x400.jpg 600w, http:\/\/www.runakay-travel.com\/wp-content\/uploads\/2020\/02\/PERU-272x182.jpg 272w\" sizes=\"(max-width: 809px) 100vw, 809px\" \/><\/a><\/p>\n<\/div>\n<\/div><\/div><\/div><\/div><div id=\"pg-6724-1\"  class=\"panel-grid panel-no-style\" ><div id=\"pgc-6724-1-0\"  class=\"panel-grid-cell panel-grid-cell-empty\" ><\/div><\/div><div id=\"pg-6724-2\"  class=\"panel-grid panel-no-style\" ><div id=\"pgc-6724-2-0\"  class=\"panel-grid-cell\" ><div id=\"panel-6724-2-0-0\" class=\"so-panel widget widget_pw_special_offer widget-special-offer panel-first-child panel-last-child\" data-index=\"1\" >\t\t\t\t<div class=\"special-offer\">\n\t\t\t\t\t<div class=\"special-offer__image\">\n\t\t\t\t\t\t<img class=\"img-fluid\" src=\"http:\/\/www.runakay-travel.com\/wp-content\/uploads\/2020\/02\/Individual1.jpg\" alt=\"PERU INDIVIDUAL\">\n\t\t\t\t\t\t<div class=\"special-offer__location\">\n\t\t\t\t\t\t\t<i class=\"fa \" aria-hidden=\"true\"><\/i> \t\t\t\t\t\t<\/div>\n\t\t\t\t\t<\/div>\n\t\t\t\t\t<div class=\"special-offer__content\">\n\t\t\t\t\t\t\t\t\t\t\t\t\t\t\t\t\t\t\t<div class=\"special-offer__label\">\n\t\t\t\t\t\t\t\tINDIVIDUAL\t\t\t\t\t\t\t<\/div>\n\t\t\t\t\t\t\t\t\t\t\t\t\t\t\t\t\t\t\t<p class=\"h4  special-offer__title\">\n\t\t\t\t\t\t\t\tPERU INDIVIDUAL\t\t\t\t\t\t\t<\/p>\n\t\t\t\t\t\t\t\t\t\t\t\t\t\t\t\t\t\t\t<p class=\"special-offer__text\">\n\t\t\t\t\t\t\t\tLos mejores tours en Per\u00fa para personas individuales o peque\u00f1os grupos hasta 5 personas.\t\t\t\t\t\t\t<\/p>\n\t\t\t\t\t\t\t\t\t\t\t\t\t\t\t\t\t\t\t<a href=\"http:\/\/www.runakay-travel.com\/peru\/perues\/peruindividuales\" target=\"_self\" class=\"btn  btn-primary  btn-outline-primary  special-offer__cta\">NUESTROS TOURS<\/a>\n\t\t\t\t\t\t\t\t\t\t\t<\/div>\n\t\t\t\t<\/div>\n\n\t\t\t<\/div><\/div><div id=\"pgc-6724-2-1\"  class=\"panel-grid-cell\" ><div id=\"panel-6724-2-1-0\" class=\"so-panel widget widget_pw_special_offer widget-special-offer panel-first-child panel-last-child\" data-index=\"2\" >\t\t\t\t<div class=\"special-offer\">\n\t\t\t\t\t<div class=\"special-offer__image\">\n\t\t\t\t\t\t<img class=\"img-fluid\" src=\"http:\/\/www.runakay-travel.com\/wp-content\/uploads\/2020\/02\/Grupal.jpg\" alt=\"TOURS GRUPALES EN PER\u00da\">\n\t\t\t\t\t\t<div class=\"special-offer__location\">\n\t\t\t\t\t\t\t<i class=\"fa \" aria-hidden=\"true\"><\/i> \t\t\t\t\t\t<\/div>\n\t\t\t\t\t<\/div>\n\t\t\t\t\t<div class=\"special-offer__content\">\n\t\t\t\t\t\t\t\t\t\t\t\t\t\t\t\t\t\t\t<div class=\"special-offer__label\">\n\t\t\t\t\t\t\t\tGRUPOS\t\t\t\t\t\t\t<\/div>\n\t\t\t\t\t\t\t\t\t\t\t\t\t\t\t\t\t\t\t<p class=\"h4  special-offer__title\">\n\t\t\t\t\t\t\t\tTOURS GRUPALES EN PER\u00da\t\t\t\t\t\t\t<\/p>\n\t\t\t\t\t\t\t\t\t\t\t\t\t\t\t\t\t\t\t<p class=\"special-offer__text\">\n\t\t\t\t\t\t\t\tRunakay Travel ofrece tours grupales con propios guias.\nNuestros grupos tienen entre 6 y 10 personas.\t\t\t\t\t\t\t<\/p>\n\t\t\t\t\t\t\t\t\t\t\t\t\t\t\t\t\t\t\t<a href=\"http:\/\/www.runakay-travel.com\/peru\/perues\/perugruposes\" target=\"_self\" class=\"btn  btn-primary  btn-outline-primary  special-offer__cta\">NUESTROS TOURS<\/a>\n\t\t\t\t\t\t\t\t\t\t\t<\/div>\n\t\t\t\t<\/div>\n\n\t\t\t<\/div><\/div><\/div><\/div>","protected":false},"excerpt":{"rendered":"<p>INDIVIDUAL PERU INDIVIDUAL Los mejores tours en Per\u00fa para personas individuales o peque\u00f1os grupos hasta 5 personas. NUESTROS TOURS GRUPOS TOURS GRUPALES EN PER\u00da Runakay Travel ofrece tours grupales con propios guias. Nuestros grupos tienen entre 6 y 10 personas. NUESTROS TOURS<\/p>\n","protected":false},"author":1,"featured_media":0,"parent":2275,"menu_order":0,"comment_status":"closed","ping_status":"closed","template":"","meta":[],"_links":{"self":[{"href":"http:\/\/www.runakay-travel.com\/es\/wp-json\/wp\/v2\/pages\/6724"}],"collection":[{"href":"http:\/\/www.runakay-travel.com\/es\/wp-json\/wp\/v2\/pages"}],"about":[{"href":"http:\/\/www.runakay-travel.com\/es\/wp-json\/wp\/v2\/types\/page"}],"author":[{"embeddable":true,"href":"http:\/\/www.runakay-travel.com\/es\/wp-json\/wp\/v2\/users\/1"}],"replies":[{"embeddable":true,"href":"http:\/\/www.runakay-travel.com\/es\/wp-json\/wp\/v2\/comments?post=6724"}],"version-history":[{"count":35,"href":"http:\/\/www.runakay-travel.com\/es\/wp-json\/wp\/v2\/pages\/6724\/revisions"}],"predecessor-version":[{"id":6812,"href":"http:\/\/www.runakay-travel.com\/es\/wp-json\/wp\/v2\/pages\/6724\/revisions\/6812"}],"up":[{"embeddable":true,"href":"http:\/\/www.runakay-travel.com\/es\/wp-json\/wp\/v2\/pages\/2275"}],"wp:attachment":[{"href":"http:\/\/www.runakay-travel.com\/es\/wp-json\/wp\/v2\/media?parent=6724"}],"curies":[{"name":"wp","href":"https:\/\/api.w.org\/{rel}","templated":true}]}}