{"id":2171,"date":"2019-07-30T15:31:02","date_gmt":"2019-07-30T13:31:02","guid":{"rendered":"http:\/\/www.runakay-travel.com\/?page_id=2171"},"modified":"2019-08-07T15:40:11","modified_gmt":"2019-08-07T13:40:11","slug":"naturaleza","status":"publish","type":"page","link":"https:\/\/www.runakay-travel.com\/de\/services\/naturaleza\/","title":{"rendered":"NATUR"},"content":{"rendered":"\n<p><strong>NATUR<\/strong><\/p>\n\n\n\n<p>Natur ist ein Thema, das bei Runakay Travel ganz besonders wichtig ist. <\/p>\n\n\n\n<p>Auf unseren ausgesuchten  und teilweise selbst entwickelten Wanderungen m\u00f6chte Runakay Travel seine  Kunden so nah und so schonend wie m\u00f6glich an die Natur heranbringen. Wir  verhalten uns stets so, dass wir keinen Schmutz auf den Touren  zur\u00fccklassen und auch die Tierwelt nicht st\u00f6ren. Unser \u00f6kologischer  Fu\u00dfabdruck wird somit so klein wie irgend m\u00f6glich gehalten.<\/p>\n\n\n\n<p>Kritiker werden uns \nvorwerfen, dass unsere Reisen teilweise mit dem Flugzeug stattfinden. \nDas ist richtig \u2013 wenn man aber bedenkt, dass es keine anderes \nakzeptables Verkehrsmittel zwischen S\u00fcdamerika und Europa gibt, bleibt \nuns somit nichts anderes \u00fcbrig als den Luftweg zu nutzen. <\/p>\n\n\n\n<p>Alle Touren sind so ausgelegt, dass meistens auch die M\u00f6glichkeit besteht, die Natur im Umfeld der Zielgebiete zu erkunden.<\/p>\n","protected":false},"excerpt":{"rendered":"<p>NATUR Natur ist ein Thema, das bei Runakay Travel ganz besonders wichtig ist. Auf unseren ausgesuchten und teilweise selbst entwickelten Wanderungen m\u00f6chte Runakay Travel seine Kunden so nah und so schonend wie m\u00f6glich an die Natur heranbringen. Wir verhalten uns stets so, dass wir keinen Schmutz auf den Touren zur\u00fccklassen und auch die Tierwelt nicht &hellip;<\/p>\n","protected":false},"author":1,"featured_media":0,"parent":22,"menu_order":0,"comment_status":"closed","ping_status":"closed","template":"","meta":[],"_links":{"self":[{"href":"https:\/\/www.runakay-travel.com\/de\/wp-json\/wp\/v2\/pages\/2171"}],"collection":[{"href":"https:\/\/www.runakay-travel.com\/de\/wp-json\/wp\/v2\/pages"}],"about":[{"href":"https:\/\/www.runakay-travel.com\/de\/wp-json\/wp\/v2\/types\/page"}],"author":[{"embeddable":true,"href":"https:\/\/www.runakay-travel.com\/de\/wp-json\/wp\/v2\/users\/1"}],"replies":[{"embeddable":true,"href":"https:\/\/www.runakay-travel.com\/de\/wp-json\/wp\/v2\/comments?post=2171"}],"version-history":[{"count":9,"href":"https:\/\/www.runakay-travel.com\/de\/wp-json\/wp\/v2\/pages\/2171\/revisions"}],"predecessor-version":[{"id":2626,"href":"https:\/\/www.runakay-travel.com\/de\/wp-json\/wp\/v2\/pages\/2171\/revisions\/2626"}],"up":[{"embeddable":true,"href":"https:\/\/www.runakay-travel.com\/de\/wp-json\/wp\/v2\/pages\/22"}],"wp:attachment":[{"href":"https:\/\/www.runakay-travel.com\/de\/wp-json\/wp\/v2\/media?parent=2171"}],"curies":[{"name":"wp","href":"https:\/\/api.w.org\/{rel}","templated":true}]}}