{"id":2179,"date":"2019-07-30T15:34:45","date_gmt":"2019-07-30T13:34:45","guid":{"rendered":"http:\/\/www.runakay-travel.com\/?page_id=2179"},"modified":"2019-08-07T16:40:27","modified_gmt":"2019-08-07T14:40:27","slug":"recreacion","status":"publish","type":"page","link":"https:\/\/www.runakay-travel.com\/de\/services\/recreacion\/","title":{"rendered":"RECREACION"},"content":{"rendered":"\n<p><strong>ERHOLUNG<\/strong><\/p>\n\n\n\n<p>Reisen soll nat\u00fcrlich auch\n Erholung bieten. Unsere Programme sind so konzipiert, dass neben \nBesichtigungen und Wanderungen auch noch Zeit zum Erholen bleibt. Zeit \nzur freien Verf\u00fcgung kann entweder f\u00fcr die eigenen Belange genutzt \nwerden oder nach Absprache ist es m\u00f6glich auch optional weitere W\u00fcnsche \nder Kunden zu erf\u00fcllen. Egal, ob es der Einkauf oder der Besuch eines \nbesonderen Ortes ist.<\/p>\n\n\n\n<p>Die Teilnahme an den  Ausfl\u00fcgen ist bei Runakay Travel immer freiwillig. Wer einmal keine Lust auf  Besichtigungen oder Wandern hat, kann auch einfach einmal die Seele  baumeln lassen und sich vom Stress des Arbeitslebens erholen.<\/p>\n\n\n\n<p>Sprechen Sie gerne mit \nuns, wenn Ihnen das Programm zu stressig erscheint oder sie sich an dem \nein oder anderen Tag aus dem Reiseablauf herausnehmen m\u00f6chten. Wir \nwerden Ihnen die Reise m\u00f6glichst so gestalten, dass das f\u00fcr Sie \nnotwendige Ma\u00df an Erholung gew\u00e4hrleistet ist.<\/p>\n","protected":false},"excerpt":{"rendered":"<p>ERHOLUNG Reisen soll nat\u00fcrlich auch Erholung bieten. Unsere Programme sind so konzipiert, dass neben Besichtigungen und Wanderungen auch noch Zeit zum Erholen bleibt. Zeit zur freien Verf\u00fcgung kann entweder f\u00fcr die eigenen Belange genutzt werden oder nach Absprache ist es m\u00f6glich auch optional weitere W\u00fcnsche der Kunden zu erf\u00fcllen. Egal, ob es der Einkauf oder &hellip;<\/p>\n","protected":false},"author":1,"featured_media":0,"parent":22,"menu_order":0,"comment_status":"closed","ping_status":"closed","template":"","meta":[],"_links":{"self":[{"href":"https:\/\/www.runakay-travel.com\/de\/wp-json\/wp\/v2\/pages\/2179"}],"collection":[{"href":"https:\/\/www.runakay-travel.com\/de\/wp-json\/wp\/v2\/pages"}],"about":[{"href":"https:\/\/www.runakay-travel.com\/de\/wp-json\/wp\/v2\/types\/page"}],"author":[{"embeddable":true,"href":"https:\/\/www.runakay-travel.com\/de\/wp-json\/wp\/v2\/users\/1"}],"replies":[{"embeddable":true,"href":"https:\/\/www.runakay-travel.com\/de\/wp-json\/wp\/v2\/comments?post=2179"}],"version-history":[{"count":7,"href":"https:\/\/www.runakay-travel.com\/de\/wp-json\/wp\/v2\/pages\/2179\/revisions"}],"predecessor-version":[{"id":2667,"href":"https:\/\/www.runakay-travel.com\/de\/wp-json\/wp\/v2\/pages\/2179\/revisions\/2667"}],"up":[{"embeddable":true,"href":"https:\/\/www.runakay-travel.com\/de\/wp-json\/wp\/v2\/pages\/22"}],"wp:attachment":[{"href":"https:\/\/www.runakay-travel.com\/de\/wp-json\/wp\/v2\/media?parent=2179"}],"curies":[{"name":"wp","href":"https:\/\/api.w.org\/{rel}","templated":true}]}}