{"id":2184,"date":"2019-07-30T15:36:22","date_gmt":"2019-07-30T13:36:22","guid":{"rendered":"http:\/\/www.runakay-travel.com\/?page_id=2184"},"modified":"2019-08-07T16:45:32","modified_gmt":"2019-08-07T14:45:32","slug":"comidas-y-bebidas","status":"publish","type":"page","link":"https:\/\/www.runakay-travel.com\/de\/services\/comidas-y-bebidas\/","title":{"rendered":"COMIDAS Y BEBIDAS"},"content":{"rendered":"\n<p><strong>ESSEN UND TRINKEN<\/strong><\/p>\n\n\n\n<p>Was ist Chicha Morada? Was  ist ein S\u00fc\u00dfer oder ein Most? F\u00fcr die Einheimischen sind solche Getr\u00e4nke  nat\u00fcrlich ganz normal. Runakay Travel m\u00f6chte Ihnen auf den Reisen jeweils  typische Getr\u00e4nke und Speisen n\u00e4her bringen. Sei es in Peru die aus  violettem Mais hergestellte Chicha Morada oder im deutschsprachigen Raum  den naturtr\u00fcben Apfelsaft. <\/p>\n\n\n\n<p>Auf allen unseren Reisen  ist es f\u00fcr uns wichtig, unseren Kunden die landestypische K\u00fcche zu  pr\u00e4sentieren. Bei unseren Abendessen werden Sie eine Pizza also auch nur  in Italien bekommen. Bei der Auswahl unserer Gerichte legen wir sehr  viel wert auf regionale Spezialit\u00e4ten. So wird Ihre Reise mit Runakay Travel  auch kulinarisch zu einem absoluten Hochgenuss.<\/p>\n","protected":false},"excerpt":{"rendered":"<p>ESSEN UND TRINKEN Was ist Chicha Morada? Was ist ein S\u00fc\u00dfer oder ein Most? F\u00fcr die Einheimischen sind solche Getr\u00e4nke nat\u00fcrlich ganz normal. Runakay Travel m\u00f6chte Ihnen auf den Reisen jeweils typische Getr\u00e4nke und Speisen n\u00e4her bringen. Sei es in Peru die aus violettem Mais hergestellte Chicha Morada oder im deutschsprachigen Raum den naturtr\u00fcben Apfelsaft. &hellip;<\/p>\n","protected":false},"author":1,"featured_media":0,"parent":22,"menu_order":0,"comment_status":"closed","ping_status":"closed","template":"","meta":[],"_links":{"self":[{"href":"https:\/\/www.runakay-travel.com\/de\/wp-json\/wp\/v2\/pages\/2184"}],"collection":[{"href":"https:\/\/www.runakay-travel.com\/de\/wp-json\/wp\/v2\/pages"}],"about":[{"href":"https:\/\/www.runakay-travel.com\/de\/wp-json\/wp\/v2\/types\/page"}],"author":[{"embeddable":true,"href":"https:\/\/www.runakay-travel.com\/de\/wp-json\/wp\/v2\/users\/1"}],"replies":[{"embeddable":true,"href":"https:\/\/www.runakay-travel.com\/de\/wp-json\/wp\/v2\/comments?post=2184"}],"version-history":[{"count":8,"href":"https:\/\/www.runakay-travel.com\/de\/wp-json\/wp\/v2\/pages\/2184\/revisions"}],"predecessor-version":[{"id":2668,"href":"https:\/\/www.runakay-travel.com\/de\/wp-json\/wp\/v2\/pages\/2184\/revisions\/2668"}],"up":[{"embeddable":true,"href":"https:\/\/www.runakay-travel.com\/de\/wp-json\/wp\/v2\/pages\/22"}],"wp:attachment":[{"href":"https:\/\/www.runakay-travel.com\/de\/wp-json\/wp\/v2\/media?parent=2184"}],"curies":[{"name":"wp","href":"https:\/\/api.w.org\/{rel}","templated":true}]}}