{"id":2188,"date":"2019-07-30T15:38:09","date_gmt":"2019-07-30T13:38:09","guid":{"rendered":"http:\/\/www.runakay-travel.com\/?page_id=2188"},"modified":"2019-08-07T16:39:46","modified_gmt":"2019-08-07T14:39:46","slug":"personas","status":"publish","type":"page","link":"https:\/\/www.runakay-travel.com\/de\/services\/personas\/","title":{"rendered":"PERSONAS"},"content":{"rendered":"\n<p><strong>MENSCHEN<\/strong><\/p>\n\n\n\n<p>Menschen stehen bei Runakay Travel immer im Vordergrund:<\/p>\n\n\n\n<ol><li>UNSERE KUNDEN &#8211;  Wir wollen Ihnen nicht  einfach irgendeine Reise verkaufen, um Geld zu verdienen. Nein \u2013 die  Tour soll genau Ihre Bed\u00fcrfnisse erf\u00fcllen und genau deswegen m\u00f6chten wir  auch vor der Buchung einer Reise mit Ihnen pers\u00f6nlich sprechen. Damit  m\u00f6chte Runakay Travel ausschlie\u00dfen, dass ein Kunde mit falschen Erwartungen  an eine Reise herangeht. <\/li><li>LOKALE LEUTE VOR ORT &#8211;  Auch bei unseren Ausfl\u00fcgen  versuchen wir Menschen vor Ort in ein Programm einzubinden. Diese  pers\u00f6nlichen Begegnungen sollen helfen, die fremde Kultur besser  verstehen zu k\u00f6nnen. Egal ob es eine Familie in einem bolivianischen  Dorf oder ein Zeitzeuge an der Berliner Mauer ist \u2013 mit Runakay Travel sind  Sie immer ganz nah bei den Menschen vor Ort. <\/li><\/ol>\n","protected":false},"excerpt":{"rendered":"<p>MENSCHEN Menschen stehen bei Runakay Travel immer im Vordergrund: UNSERE KUNDEN &#8211; Wir wollen Ihnen nicht einfach irgendeine Reise verkaufen, um Geld zu verdienen. Nein \u2013 die Tour soll genau Ihre Bed\u00fcrfnisse erf\u00fcllen und genau deswegen m\u00f6chten wir auch vor der Buchung einer Reise mit Ihnen pers\u00f6nlich sprechen. Damit m\u00f6chte Runakay Travel ausschlie\u00dfen, dass ein &hellip;<\/p>\n","protected":false},"author":1,"featured_media":0,"parent":22,"menu_order":0,"comment_status":"closed","ping_status":"closed","template":"","meta":[],"_links":{"self":[{"href":"https:\/\/www.runakay-travel.com\/de\/wp-json\/wp\/v2\/pages\/2188"}],"collection":[{"href":"https:\/\/www.runakay-travel.com\/de\/wp-json\/wp\/v2\/pages"}],"about":[{"href":"https:\/\/www.runakay-travel.com\/de\/wp-json\/wp\/v2\/types\/page"}],"author":[{"embeddable":true,"href":"https:\/\/www.runakay-travel.com\/de\/wp-json\/wp\/v2\/users\/1"}],"replies":[{"embeddable":true,"href":"https:\/\/www.runakay-travel.com\/de\/wp-json\/wp\/v2\/comments?post=2188"}],"version-history":[{"count":6,"href":"https:\/\/www.runakay-travel.com\/de\/wp-json\/wp\/v2\/pages\/2188\/revisions"}],"predecessor-version":[{"id":2666,"href":"https:\/\/www.runakay-travel.com\/de\/wp-json\/wp\/v2\/pages\/2188\/revisions\/2666"}],"up":[{"embeddable":true,"href":"https:\/\/www.runakay-travel.com\/de\/wp-json\/wp\/v2\/pages\/22"}],"wp:attachment":[{"href":"https:\/\/www.runakay-travel.com\/de\/wp-json\/wp\/v2\/media?parent=2188"}],"curies":[{"name":"wp","href":"https:\/\/api.w.org\/{rel}","templated":true}]}}