{"id":2583,"date":"2019-08-07T13:23:53","date_gmt":"2019-08-07T11:23:53","guid":{"rendered":"http:\/\/www.runakay-travel.com\/?page_id=2583"},"modified":"2019-08-07T13:25:07","modified_gmt":"2019-08-07T11:25:07","slug":"buchen","status":"publish","type":"page","link":"https:\/\/www.runakay-travel.com\/de\/buchen\/","title":{"rendered":"BUCHEN"},"content":{"rendered":"<h1>Das Buchen unserer Reisen ist sehr einfach:<\/h1>\n<ol>\n<li>Zun\u00e4chst das Formular ausf\u00fcllen und an uns abschicken<\/li>\n<li>Da uns pers\u00f6nlicher Kontakt sehr wichtig ist, werden wir schnellstm\u00f6glich (innerhalb von 24 Stunden) mit Ihnen in Verbindung treten und die Details der Reise besprechen sowie alle Fragen beantworten.<\/li>\n<li>Im Anschlu\u00df erhalten Sie eine Buchungsbest\u00e4tigung<\/li>\n<li>Diese senden Sie unterschrieben zur\u00fcck (als Scan oder Foto)<\/li>\n<li>Nach Leistung einer Anzahlung ist Ihre Buchung verbindlich.<\/li>\n<\/ol>\n<p>[contact-form-7 id=&#8220;2582&#8243; title=&#8220;REISE BUCHEN&#8220;]<\/p>\n","protected":false},"excerpt":{"rendered":"<p>Das Buchen unserer Reisen ist sehr einfach: Zun\u00e4chst das Formular ausf\u00fcllen und an uns abschicken Da uns pers\u00f6nlicher Kontakt sehr wichtig ist, werden wir schnellstm\u00f6glich (innerhalb von 24 Stunden) mit Ihnen in Verbindung treten und die Details der Reise besprechen sowie alle Fragen beantworten. Im Anschlu\u00df erhalten Sie eine Buchungsbest\u00e4tigung Diese senden Sie unterschrieben zur\u00fcck &hellip;<\/p>\n","protected":false},"author":1,"featured_media":0,"parent":0,"menu_order":0,"comment_status":"closed","ping_status":"closed","template":"","meta":[],"_links":{"self":[{"href":"https:\/\/www.runakay-travel.com\/de\/wp-json\/wp\/v2\/pages\/2583"}],"collection":[{"href":"https:\/\/www.runakay-travel.com\/de\/wp-json\/wp\/v2\/pages"}],"about":[{"href":"https:\/\/www.runakay-travel.com\/de\/wp-json\/wp\/v2\/types\/page"}],"author":[{"embeddable":true,"href":"https:\/\/www.runakay-travel.com\/de\/wp-json\/wp\/v2\/users\/1"}],"replies":[{"embeddable":true,"href":"https:\/\/www.runakay-travel.com\/de\/wp-json\/wp\/v2\/comments?post=2583"}],"version-history":[{"count":2,"href":"https:\/\/www.runakay-travel.com\/de\/wp-json\/wp\/v2\/pages\/2583\/revisions"}],"predecessor-version":[{"id":2586,"href":"https:\/\/www.runakay-travel.com\/de\/wp-json\/wp\/v2\/pages\/2583\/revisions\/2586"}],"wp:attachment":[{"href":"https:\/\/www.runakay-travel.com\/de\/wp-json\/wp\/v2\/media?parent=2583"}],"curies":[{"name":"wp","href":"https:\/\/api.w.org\/{rel}","templated":true}]}}