{"id":2175,"date":"2019-07-30T15:32:45","date_gmt":"2019-07-30T13:32:45","guid":{"rendered":"http:\/\/www.runakay-travel.com\/?page_id=2175"},"modified":"2019-08-07T16:31:32","modified_gmt":"2019-08-07T14:31:32","slug":"historia","status":"publish","type":"page","link":"https:\/\/www.runakay-travel.com\/es\/services\/historia\/","title":{"rendered":"HISTORIA"},"content":{"rendered":"\n<p><strong>HISTORIA<\/strong><\/p>\n\n\n\n<p>\u00a1Vive la historia \u2013 siente la historia! Durante nuestros viajes, tienes la oportunidad de sumergirte en el pasado. No  importa si se trata de castillos de caballeros, la \u00e9poca de los incas o  del \u201cmurro\u201d en Berl\u00edn. Runakay Travel intenta integrar los sitios  hist\u00f3ricos a su viaje. <\/p>\n\n\n\n<p>P\u00f3ngase en contacto con nosotros si falta algo en el itinerario de su viaje. Intentaremos programar lugares hist\u00f3ricos y encuentros con testigos contempor\u00e1neos.<\/p>\n","protected":false},"excerpt":{"rendered":"<p>HISTORIA \u00a1Vive la historia \u2013 siente la historia! Durante nuestros viajes, tienes la oportunidad de sumergirte en el pasado. No importa si se trata de castillos de caballeros, la \u00e9poca de los incas o del \u201cmurro\u201d en Berl\u00edn. Runakay Travel intenta integrar los sitios hist\u00f3ricos a su viaje. P\u00f3ngase en contacto con nosotros si falta &hellip;<\/p>\n","protected":false},"author":1,"featured_media":0,"parent":22,"menu_order":0,"comment_status":"closed","ping_status":"closed","template":"","meta":[],"_links":{"self":[{"href":"https:\/\/www.runakay-travel.com\/es\/wp-json\/wp\/v2\/pages\/2175"}],"collection":[{"href":"https:\/\/www.runakay-travel.com\/es\/wp-json\/wp\/v2\/pages"}],"about":[{"href":"https:\/\/www.runakay-travel.com\/es\/wp-json\/wp\/v2\/types\/page"}],"author":[{"embeddable":true,"href":"https:\/\/www.runakay-travel.com\/es\/wp-json\/wp\/v2\/users\/1"}],"replies":[{"embeddable":true,"href":"https:\/\/www.runakay-travel.com\/es\/wp-json\/wp\/v2\/comments?post=2175"}],"version-history":[{"count":8,"href":"https:\/\/www.runakay-travel.com\/es\/wp-json\/wp\/v2\/pages\/2175\/revisions"}],"predecessor-version":[{"id":2661,"href":"https:\/\/www.runakay-travel.com\/es\/wp-json\/wp\/v2\/pages\/2175\/revisions\/2661"}],"up":[{"embeddable":true,"href":"https:\/\/www.runakay-travel.com\/es\/wp-json\/wp\/v2\/pages\/22"}],"wp:attachment":[{"href":"https:\/\/www.runakay-travel.com\/es\/wp-json\/wp\/v2\/media?parent=2175"}],"curies":[{"name":"wp","href":"https:\/\/api.w.org\/{rel}","templated":true}]}}