{"id":2186,"date":"2019-07-30T15:37:11","date_gmt":"2019-07-30T13:37:11","guid":{"rendered":"http:\/\/www.runakay-travel.com\/?page_id=2186"},"modified":"2019-08-07T16:38:27","modified_gmt":"2019-08-07T14:38:27","slug":"mundos-desconocidas","status":"publish","type":"page","link":"https:\/\/www.runakay-travel.com\/es\/services\/mundos-desconocidas\/","title":{"rendered":"MUNDOS DESCONOCIDOS"},"content":{"rendered":"\n<p><strong>MUNDOS DESCONOCIDOS<\/strong><\/p>\n\n\n\n<p>\u201cDe  viajeros para los viajeros\u201d es la divisa de Runakay Travel. El objetivo de  nuestra empresa es ofrecer a nuestros clientes la mayor cantidad de  atracciones fuera de los circuitos tur\u00edsticos. Par\u00eds, Roma y Lima son sin duda ciudades muy interesantes. Sin embargo, las experiencias inolvidables est\u00e1n fuera de las principales rutas tur\u00edsticas. All\u00ed tratamos de establecernos, para ofrecerle una experiencia \u00fanica. <\/p>\n\n\n\n<p>En nuestras excursiones de senderismo pasamos a veces por zonas,&nbsp; donde un turista normal no llega nunca. Los caminos solitarios y prometedores que no se pueden encontrar en ning\u00fan libro son una aventura. En\n Europa visitamos Polonia, Eslovaquia, la Rep\u00fablica Checa y Bulgaria, \ntodos esos pa\u00edses para los sudamericanos no son muy conocidos. Momentos inolvidables est\u00e1n garantizados all\u00ed todos los d\u00edas en gran cantidades. <\/p>\n\n\n\n<p>\u00a1Ahora estamos ofreciendo nuestra experiencia de viajar para usted! Siguenos a los mundos desconocidos.<\/p>\n","protected":false},"excerpt":{"rendered":"<p>MUNDOS DESCONOCIDOS \u201cDe viajeros para los viajeros\u201d es la divisa de Runakay Travel. El objetivo de nuestra empresa es ofrecer a nuestros clientes la mayor cantidad de atracciones fuera de los circuitos tur\u00edsticos. Par\u00eds, Roma y Lima son sin duda ciudades muy interesantes. Sin embargo, las experiencias inolvidables est\u00e1n fuera de las principales rutas tur\u00edsticas. &hellip;<\/p>\n","protected":false},"author":1,"featured_media":0,"parent":22,"menu_order":0,"comment_status":"closed","ping_status":"closed","template":"","meta":[],"_links":{"self":[{"href":"https:\/\/www.runakay-travel.com\/es\/wp-json\/wp\/v2\/pages\/2186"}],"collection":[{"href":"https:\/\/www.runakay-travel.com\/es\/wp-json\/wp\/v2\/pages"}],"about":[{"href":"https:\/\/www.runakay-travel.com\/es\/wp-json\/wp\/v2\/types\/page"}],"author":[{"embeddable":true,"href":"https:\/\/www.runakay-travel.com\/es\/wp-json\/wp\/v2\/users\/1"}],"replies":[{"embeddable":true,"href":"https:\/\/www.runakay-travel.com\/es\/wp-json\/wp\/v2\/comments?post=2186"}],"version-history":[{"count":10,"href":"https:\/\/www.runakay-travel.com\/es\/wp-json\/wp\/v2\/pages\/2186\/revisions"}],"predecessor-version":[{"id":2665,"href":"https:\/\/www.runakay-travel.com\/es\/wp-json\/wp\/v2\/pages\/2186\/revisions\/2665"}],"up":[{"embeddable":true,"href":"https:\/\/www.runakay-travel.com\/es\/wp-json\/wp\/v2\/pages\/22"}],"wp:attachment":[{"href":"https:\/\/www.runakay-travel.com\/es\/wp-json\/wp\/v2\/media?parent=2186"}],"curies":[{"name":"wp","href":"https:\/\/api.w.org\/{rel}","templated":true}]}}