{"id":2199,"date":"2019-07-30T15:47:49","date_gmt":"2019-07-30T13:47:49","guid":{"rendered":"http:\/\/www.runakay-travel.com\/?page_id=2199"},"modified":"2021-02-06T11:52:18","modified_gmt":"2021-02-06T10:52:18","slug":"proteccion-de-datos","status":"publish","type":"page","link":"https:\/\/www.runakay-travel.com\/es\/proteccion-de-datos\/","title":{"rendered":"PROTECCI\u00d3N DE DATOS"},"content":{"rendered":"\n<p><strong>POL\u00cdTICA DE PRIVACIDAD<\/strong><\/p>\n\n\n\n<p>El presente Pol\u00edtica de Privacidad establece los t\u00e9rminos en que Runakay Travel usa y protege la informaci\u00f3n que es proporcionada por sus  usuarios al momento de utilizar su sitio web. Esta compa\u00f1\u00eda est\u00e1  comprometida con la seguridad de los datos de sus usuarios. Cuando le  pedimos llenar los campos de informaci\u00f3n personal con la cual usted  pueda ser identificado, lo hacemos asegurando que s\u00f3lo se emplear\u00e1 de  acuerdo con los t\u00e9rminos de este documento. Sin embargo esta Pol\u00edtica de  Privacidad puede cambiar con el tiempo o ser actualizada por lo que le  recomendamos y enfatizamos revisar continuamente esta p\u00e1gina para  asegurarse que est\u00e1 de acuerdo con dichos cambios.<\/p>\n\n\n\n<p><strong>Informaci\u00f3n que es recogida<\/strong><\/p>\n\n\n\n<p>Nuestro sitio web podr\u00e1 recoger informaci\u00f3n personal por ejemplo: \nNombre,&nbsp; informaci\u00f3n de contacto como&nbsp; su direcci\u00f3n de correo \nelectr\u00f3nica e informaci\u00f3n demogr\u00e1fica. As\u00ed mismo cuando sea necesario \npodr\u00e1 ser requerida informaci\u00f3n espec\u00edfica para procesar alg\u00fan pedido o \nrealizar una entrega o facturaci\u00f3n.<\/p>\n\n\n\n<p><strong>Uso de la informaci\u00f3n recogida<\/strong><\/p>\n\n\n\n<p>Nuestro sitio web emplea la informaci\u00f3n con el fin de proporcionar el\n mejor servicio posible, particularmente para mantener un registro de \nusuarios, de pedidos en caso que aplique, y mejorar nuestros productos y\n servicios. &nbsp;Es posible que sean enviados correos electr\u00f3nicos \nperi\u00f3dicamente a trav\u00e9s de nuestro sitio con ofertas especiales, nuevos \nproductos y otra informaci\u00f3n publicitaria que consideremos relevante \npara usted o que pueda brindarle alg\u00fan beneficio, estos correos \nelectr\u00f3nicos ser\u00e1n enviados a la direcci\u00f3n que usted proporcione y \npodr\u00e1n ser cancelados en cualquier momento.<\/p>\n\n\n\n<p>Runakay Travel est\u00e1 altamente comprometido para cumplir con el compromiso  de mantener su informaci\u00f3n segura. Usamos los sistemas m\u00e1s avanzados y  los actualizamos constantemente para asegurarnos que no exista ning\u00fan  acceso no autorizado.<\/p>\n\n\n\n<p><strong>Cookies<\/strong><\/p>\n\n\n\n<p>Una cookie se refiere a un fichero que es enviado con la finalidad de\n solicitar permiso para almacenarse en su ordenador, al aceptar dicho \nfichero se crea y la cookie sirve entonces para tener informaci\u00f3n \nrespecto al tr\u00e1fico web, y tambi\u00e9n facilita las futuras visitas a una \nweb recurrente. Otra funci\u00f3n que tienen las cookies es que con ellas las\n web pueden reconocerte individualmente y por tanto brindarte el mejor \nservicio personalizado de su web.<\/p>\n\n\n\n<p>Nuestro sitio web emplea las cookies para poder identificar las  p\u00e1ginas que son visitadas y su frecuencia. Esta informaci\u00f3n es empleada  \u00fanicamente para an\u00e1lisis estad\u00edstico y despu\u00e9s la informaci\u00f3n se elimina  de forma permanente. Usted puede eliminar las cookies en cualquier  momento desde su ordenador. Sin embargo las cookies ayudan a  proporcionar un mejor servicio de los sitios web, est\u00e1s no dan acceso a  informaci\u00f3n de su ordenador ni de usted, a menos de que usted as\u00ed lo  quiera y la proporcione directamente, visitas a una web. Usted puede aceptar o negar el uso de cookies, sin embargo la mayor\u00eda  de navegadores aceptan cookies autom\u00e1ticamente pues sirve para tener un  mejor servicio web. Tambi\u00e9n usted puede cambiar la configuraci\u00f3n de su  ordenador para declinar las cookies. Si se declinan es posible que no  pueda utilizar algunos de nuestros servicios.<\/p>\n\n\n\n<p><strong>Enlaces a Terceros<\/strong><\/p>\n\n\n\n<p>Este sitio web pudiera contener en laces a otros sitios que pudieran \nser de su inter\u00e9s. Una vez que usted de clic en estos enlaces y abandone\n nuestra p\u00e1gina, ya no tenemos control sobre al sitio al que es \nredirigido y por lo tanto no somos responsables de los t\u00e9rminos o \nprivacidad ni de la protecci\u00f3n de sus datos en esos otros sitios \nterceros. Dichos sitios est\u00e1n sujetos a sus propias pol\u00edticas de \nprivacidad por lo cual es recomendable que los consulte para confirmar \nque usted est\u00e1 de acuerdo con estas.<\/p>\n\n\n\n<p><strong>Control de su informaci\u00f3n personal<\/strong><\/p>\n\n\n\n<p>En cualquier momento usted puede restringir la recopilaci\u00f3n o el uso \nde la informaci\u00f3n personal que es proporcionada a nuestro sitio web.&nbsp; \nCada vez que se le solicite rellenar un formulario, como el de alta de \nusuario, puede marcar o desmarcar la opci\u00f3n de recibir informaci\u00f3n por \ncorreo electr\u00f3nico. &nbsp;En caso de que haya marcado la opci\u00f3n de recibir \nnuestro bolet\u00edn o publicidad usted puede cancelarla en cualquier \nmomento.<\/p>\n\n\n\n<p>Esta compa\u00f1\u00eda no vender\u00e1, ceder\u00e1 ni distribuir\u00e1 la informaci\u00f3n \npersonal que es recopilada sin su consentimiento, salvo que sea \nrequerido por un juez con un orden judicial.<\/p>\n\n\n\n<p>Runakay Travel se reserva el derecho de cambiar los t\u00e9rminos de la presente Pol\u00edtica de Privacidad en cualquier momento.<\/p>\n\n\n\n<p>Esta politica de privacidad se han generado en <a rel=\"noreferrer noopener\" href=\"https:\/\/politicadeprivacidadplantilla.com\/\" target=\"_blank\">politicadeprivacidadplantilla.com<\/a>.<\/p>\n\n\n\n<p>CHILE<\/p>\n\n\n\n<p>Runakay Travel c\/o KM Turismo, 3 Poniente nro.2773 Comuna de Macul Santiago de Chile<\/p>\n\n\n\n<p>PER\u00da<\/p>\n\n\n\n<p>Runakay Travel c\/o  Company Vasquez Moder S. A. C. , Pasaje Manco Inca 110, Mariano Melgar, Arequipa, Peru<\/p>\n","protected":false},"excerpt":{"rendered":"<p>POL\u00cdTICA DE PRIVACIDAD El presente Pol\u00edtica de Privacidad establece los t\u00e9rminos en que Runakay Travel usa y protege la informaci\u00f3n que es proporcionada por sus usuarios al momento de utilizar su sitio web. Esta compa\u00f1\u00eda est\u00e1 comprometida con la seguridad de los datos de sus usuarios. Cuando le pedimos llenar los campos de informaci\u00f3n personal &hellip;<\/p>\n","protected":false},"author":1,"featured_media":0,"parent":0,"menu_order":0,"comment_status":"closed","ping_status":"closed","template":"","meta":[],"_links":{"self":[{"href":"https:\/\/www.runakay-travel.com\/es\/wp-json\/wp\/v2\/pages\/2199"}],"collection":[{"href":"https:\/\/www.runakay-travel.com\/es\/wp-json\/wp\/v2\/pages"}],"about":[{"href":"https:\/\/www.runakay-travel.com\/es\/wp-json\/wp\/v2\/types\/page"}],"author":[{"embeddable":true,"href":"https:\/\/www.runakay-travel.com\/es\/wp-json\/wp\/v2\/users\/1"}],"replies":[{"embeddable":true,"href":"https:\/\/www.runakay-travel.com\/es\/wp-json\/wp\/v2\/comments?post=2199"}],"version-history":[{"count":9,"href":"https:\/\/www.runakay-travel.com\/es\/wp-json\/wp\/v2\/pages\/2199\/revisions"}],"predecessor-version":[{"id":8364,"href":"https:\/\/www.runakay-travel.com\/es\/wp-json\/wp\/v2\/pages\/2199\/revisions\/8364"}],"wp:attachment":[{"href":"https:\/\/www.runakay-travel.com\/es\/wp-json\/wp\/v2\/media?parent=2199"}],"curies":[{"name":"wp","href":"https:\/\/api.w.org\/{rel}","templated":true}]}}