{"id":2470,"date":"2019-08-02T18:31:19","date_gmt":"2019-08-02T16:31:19","guid":{"rendered":"http:\/\/www.runakay-travel.com\/?page_id=2470"},"modified":"2019-10-01T19:22:45","modified_gmt":"2019-10-01T17:22:45","slug":"sobrenosotros","status":"publish","type":"page","link":"https:\/\/www.runakay-travel.com\/es\/home-2\/sobrenosotros\/","title":{"rendered":"SOBRE NOSOTROS"},"content":{"rendered":"\n<p>Runakay Travel es\nuna agencia de viajes con sede en Arequipa, Per\u00fa. La compa\u00f1\u00eda fue\nfundada en 2019 por Yaly y Elmer V\u00e1squez, as\u00ed como por el alem\u00e1n\nMD, para brindar a los viajeros una experiencia vacacional\ninolvidable y relajada.<br><br>Runakay es una palabra del idioma\nquechua y significa algo as\u00ed como &#8220;naturaleza humana&#8221;. Ya\npuede ver que la naturaleza es particularmente importante para\nnosotros. Tratamos de desperdiciar la menor cantidad de papel posible\ny tratamos de hacer todos nuestros negocios &#8220;online&#8221;. En\nnuestros viajes, Runakay Travel intenta estar lo m\u00e1s cerca posible a\nla naturaleza y ser lo m\u00e1s ecol\u00f3gico posible. En las ciudades\ntratamos de usar el transporte p\u00fablico y afuera en el campo nuestros\ngu\u00edas le muestran la naturaleza que probablemente nunca antes hab\u00eda\nconocido de manera asi.<br><br>Viaja con nosotros! Runakay Travel une\na la organizaci\u00f3n &#8220;Made in Germany \u2013 Hecho en Alemania&#8221;\ncon experiencias de viaje inolvidables. \n<\/p>\n","protected":false},"excerpt":{"rendered":"<p>Runakay Travel es una agencia de viajes con sede en Arequipa, Per\u00fa. La compa\u00f1\u00eda fue fundada en 2019 por Yaly y Elmer V\u00e1squez, as\u00ed como por el alem\u00e1n MD, para brindar a los viajeros una experiencia vacacional inolvidable y relajada. Runakay es una palabra del idioma quechua y significa algo as\u00ed como &#8220;naturaleza humana&#8221;. Ya &hellip;<\/p>\n","protected":false},"author":1,"featured_media":0,"parent":940,"menu_order":0,"comment_status":"closed","ping_status":"closed","template":"","meta":[],"_links":{"self":[{"href":"https:\/\/www.runakay-travel.com\/es\/wp-json\/wp\/v2\/pages\/2470"}],"collection":[{"href":"https:\/\/www.runakay-travel.com\/es\/wp-json\/wp\/v2\/pages"}],"about":[{"href":"https:\/\/www.runakay-travel.com\/es\/wp-json\/wp\/v2\/types\/page"}],"author":[{"embeddable":true,"href":"https:\/\/www.runakay-travel.com\/es\/wp-json\/wp\/v2\/users\/1"}],"replies":[{"embeddable":true,"href":"https:\/\/www.runakay-travel.com\/es\/wp-json\/wp\/v2\/comments?post=2470"}],"version-history":[{"count":28,"href":"https:\/\/www.runakay-travel.com\/es\/wp-json\/wp\/v2\/pages\/2470\/revisions"}],"predecessor-version":[{"id":5726,"href":"https:\/\/www.runakay-travel.com\/es\/wp-json\/wp\/v2\/pages\/2470\/revisions\/5726"}],"up":[{"embeddable":true,"href":"https:\/\/www.runakay-travel.com\/es\/wp-json\/wp\/v2\/pages\/940"}],"wp:attachment":[{"href":"https:\/\/www.runakay-travel.com\/es\/wp-json\/wp\/v2\/media?parent=2470"}],"curies":[{"name":"wp","href":"https:\/\/api.w.org\/{rel}","templated":true}]}}