{"id":2684,"date":"2019-08-07T17:33:32","date_gmt":"2019-08-07T15:33:32","guid":{"rendered":"http:\/\/www.runakay-travel.com\/?page_id=2684"},"modified":"2019-09-20T17:17:25","modified_gmt":"2019-09-20T15:17:25","slug":"filosofia","status":"publish","type":"page","link":"https:\/\/www.runakay-travel.com\/es\/filosofia\/","title":{"rendered":"FILOSOF\u00cdA"},"content":{"rendered":"\n<h1>FILOSOF\u00cdA<\/h1>\n\n\n\n<p><strong>De viajeros para los viajeros<\/strong><\/p>\n\n\n\n<p>Los fundadores de Runakay Travel han estado recorriendo el  mundo durante a\u00f1os y han descubierto que las agencias de turismo ofrecen en su  mayor\u00eda programas muy simples. Algunas agencias no toman en cuenta los deseos de los viajeros, los lugares m\u00e1s bellos no son visitados o dedican muy poco tiempo. Aqu\u00ed es precisamente donde Runakay Travel comparte las experiencias de viajes m\u00e1s exquisitas en un programa que normalmente no ofrece ninguna agencia de viajes. <\/p>\n\n\n\n<p>Le brindamos el tiempo necesario para sentir todas las experiencias del viaje. Evitamos los traslados apresurados. A trav\u00e9s de grupos muy peque\u00f1os o viajes individuales, tambi\u00e9n podemos atender las expectativas de nuestros clientes. Nuestros gu\u00edas tienen un criterio abierto a cualquier cambio de programa. <\/p>\n\n\n\n<p>Visitaremos los pueblos descendientes de la cultura alemana en los pa\u00edses como Chile o viaj\u00e1remos a Polonia donde encontramos vestigios peruanos del siglo XVIII &#8211; esos son s\u00f3lo dos ejemplos de nuestra planificaci\u00f3n. Excursiones desconocidas en los impresionantes paisajes de Bolivia, Chile y Per\u00fa, as\u00ed complacemos a nuestros clientes europeos y norteamericanos.<\/p>\n\n\n\n<h1>Lo que distingue Runakay Travel de muchas otras agencias de viajes?<\/h1>\n\n\n\n<p>Runakay Travel no se enfoca en ganar dinero. M\u00e1s bien, es importante para nosotros que los viajeros est\u00e9n contentos y felices. Nuestra propia experiencia de viaje constituye la base para unas vacaciones inolvidables con experiencias de ensue\u00f1o.<\/p>\n\n\n\n<p>Con una parte de nuestros ingresos, apoyamos a ni\u00f1os y  j\u00f3venes escasos recursos en las comunidades de la selva boliviana de San Miguel del Bala y San Jos\u00e9 de Uchupiamonas.<\/p>\n\n\n\n<h1>Runakay Travel se encuentra, donde est\u00e1 la naturaleza.<\/h1>\n","protected":false},"excerpt":{"rendered":"<p>FILOSOF\u00cdA De viajeros para los viajeros Los fundadores de Runakay Travel han estado recorriendo el mundo durante a\u00f1os y han descubierto que las agencias de turismo ofrecen en su mayor\u00eda programas muy simples. Algunas agencias no toman en cuenta los deseos de los viajeros, los lugares m\u00e1s bellos no son visitados o dedican muy poco &hellip;<\/p>\n","protected":false},"author":1,"featured_media":0,"parent":0,"menu_order":0,"comment_status":"closed","ping_status":"closed","template":"","meta":[],"_links":{"self":[{"href":"https:\/\/www.runakay-travel.com\/es\/wp-json\/wp\/v2\/pages\/2684"}],"collection":[{"href":"https:\/\/www.runakay-travel.com\/es\/wp-json\/wp\/v2\/pages"}],"about":[{"href":"https:\/\/www.runakay-travel.com\/es\/wp-json\/wp\/v2\/types\/page"}],"author":[{"embeddable":true,"href":"https:\/\/www.runakay-travel.com\/es\/wp-json\/wp\/v2\/users\/1"}],"replies":[{"embeddable":true,"href":"https:\/\/www.runakay-travel.com\/es\/wp-json\/wp\/v2\/comments?post=2684"}],"version-history":[{"count":15,"href":"https:\/\/www.runakay-travel.com\/es\/wp-json\/wp\/v2\/pages\/2684\/revisions"}],"predecessor-version":[{"id":5219,"href":"https:\/\/www.runakay-travel.com\/es\/wp-json\/wp\/v2\/pages\/2684\/revisions\/5219"}],"wp:attachment":[{"href":"https:\/\/www.runakay-travel.com\/es\/wp-json\/wp\/v2\/media?parent=2684"}],"curies":[{"name":"wp","href":"https:\/\/api.w.org\/{rel}","templated":true}]}}