{"id":2698,"date":"2019-08-07T18:23:56","date_gmt":"2019-08-07T16:23:56","guid":{"rendered":"http:\/\/www.runakay-travel.com\/?page_id=2698"},"modified":"2019-09-29T14:32:14","modified_gmt":"2019-09-29T12:32:14","slug":"partner","status":"publish","type":"page","link":"https:\/\/www.runakay-travel.com\/es\/partner\/","title":{"rendered":"SUCURSALES"},"content":{"rendered":"\n<p><strong>Runakay Travel <\/strong>es una agencia de viajes peruana. Para ofrecer a nuestros viajeros la calidad habitual en los diferentes pa\u00edses como Bolivia y Chile, trabajamos juntos con nuestras empresas hermanas <strong>Altitudes Bolivia <\/strong>(La Paz) y<strong> KM Turismo<\/strong> (Santiago de Chile). Entonces podemos ofrecer nuestros propios recorridos sin contratar a otras agencias.<\/p>\n\n\n\n<p>En Europa, tambi\u00e9n organizamos una gran parte de los viajes, solo en casos excepcionales trabajamos con socios que se\u00f1alamos expl\u00edcitamente en el programa.<\/p>\n\n\n\n<p>Al viajar con nosotros a Rusia y Asia, hemos seleccionado destinos espec\u00edficos que pueden despertar su inter\u00e9s  de viaje y hacer posible una especial experiencia. Todos estos viajes son organizados  por diferentes empresas cooperadoras con Runakay Travel.<\/p>\n","protected":false},"excerpt":{"rendered":"<p>Runakay Travel es una agencia de viajes peruana. Para ofrecer a nuestros viajeros la calidad habitual en los diferentes pa\u00edses como Bolivia y Chile, trabajamos juntos con nuestras empresas hermanas Altitudes Bolivia (La Paz) y KM Turismo (Santiago de Chile). Entonces podemos ofrecer nuestros propios recorridos sin contratar a otras agencias. En Europa, tambi\u00e9n organizamos &hellip;<\/p>\n","protected":false},"author":1,"featured_media":0,"parent":0,"menu_order":0,"comment_status":"closed","ping_status":"closed","template":"","meta":[],"_links":{"self":[{"href":"https:\/\/www.runakay-travel.com\/es\/wp-json\/wp\/v2\/pages\/2698"}],"collection":[{"href":"https:\/\/www.runakay-travel.com\/es\/wp-json\/wp\/v2\/pages"}],"about":[{"href":"https:\/\/www.runakay-travel.com\/es\/wp-json\/wp\/v2\/types\/page"}],"author":[{"embeddable":true,"href":"https:\/\/www.runakay-travel.com\/es\/wp-json\/wp\/v2\/users\/1"}],"replies":[{"embeddable":true,"href":"https:\/\/www.runakay-travel.com\/es\/wp-json\/wp\/v2\/comments?post=2698"}],"version-history":[{"count":7,"href":"https:\/\/www.runakay-travel.com\/es\/wp-json\/wp\/v2\/pages\/2698\/revisions"}],"predecessor-version":[{"id":5717,"href":"https:\/\/www.runakay-travel.com\/es\/wp-json\/wp\/v2\/pages\/2698\/revisions\/5717"}],"wp:attachment":[{"href":"https:\/\/www.runakay-travel.com\/es\/wp-json\/wp\/v2\/media?parent=2698"}],"curies":[{"name":"wp","href":"https:\/\/api.w.org\/{rel}","templated":true}]}}