{"id":2710,"date":"2019-08-07T18:38:03","date_gmt":"2019-08-07T16:38:03","guid":{"rendered":"http:\/\/www.runakay-travel.com\/?page_id=2710"},"modified":"2019-10-29T13:21:55","modified_gmt":"2019-10-29T12:21:55","slug":"ofertas","status":"publish","type":"page","link":"https:\/\/www.runakay-travel.com\/es\/ofertas\/","title":{"rendered":"\u00a1Oferta de lanzamiento hasta el 31.12.2019!"},"content":{"rendered":"\n<h2>\u00a1Oferta de lanzamiento hasta el 31.12.2019!<\/h2>\n\n\n\n<p><\/p>\n\n\n\n<p>Ofrecemos precios especiales de lanzamiento para todos los programas de &#8220;Alemania&#8221;, &#8220;Bulgaria&#8221; y &#8220;Asia&#8221;.<\/p>\n\n\n\n<p>\n\u00a1Aproveche la oportunidad y reserve el viaje de sus sue\u00f1os para el pr\u00f3ximo a\u00f1o!\n\n<\/p>\n","protected":false},"excerpt":{"rendered":"<p>\u00a1Oferta de lanzamiento hasta el 31.12.2019! Ofrecemos precios especiales de lanzamiento para todos los programas de &#8220;Alemania&#8221;, &#8220;Bulgaria&#8221; y &#8220;Asia&#8221;. \u00a1Aproveche la oportunidad y reserve el viaje de sus sue\u00f1os para el pr\u00f3ximo a\u00f1o!<\/p>\n","protected":false},"author":1,"featured_media":0,"parent":0,"menu_order":0,"comment_status":"closed","ping_status":"closed","template":"","meta":[],"_links":{"self":[{"href":"https:\/\/www.runakay-travel.com\/es\/wp-json\/wp\/v2\/pages\/2710"}],"collection":[{"href":"https:\/\/www.runakay-travel.com\/es\/wp-json\/wp\/v2\/pages"}],"about":[{"href":"https:\/\/www.runakay-travel.com\/es\/wp-json\/wp\/v2\/types\/page"}],"author":[{"embeddable":true,"href":"https:\/\/www.runakay-travel.com\/es\/wp-json\/wp\/v2\/users\/1"}],"replies":[{"embeddable":true,"href":"https:\/\/www.runakay-travel.com\/es\/wp-json\/wp\/v2\/comments?post=2710"}],"version-history":[{"count":15,"href":"https:\/\/www.runakay-travel.com\/es\/wp-json\/wp\/v2\/pages\/2710\/revisions"}],"predecessor-version":[{"id":6641,"href":"https:\/\/www.runakay-travel.com\/es\/wp-json\/wp\/v2\/pages\/2710\/revisions\/6641"}],"wp:attachment":[{"href":"https:\/\/www.runakay-travel.com\/es\/wp-json\/wp\/v2\/media?parent=2710"}],"curies":[{"name":"wp","href":"https:\/\/api.w.org\/{rel}","templated":true}]}}