{"id":940,"date":"2016-10-03T10:06:18","date_gmt":"2016-10-03T10:06:18","guid":{"rendered":"https:\/\/xml-io.proteusthemes.com\/adrenaline\/?page_id=6"},"modified":"2026-04-05T21:59:25","modified_gmt":"2026-04-05T19:59:25","slug":"home-2","status":"publish","type":"page","link":"https:\/\/www.runakay-travel.com\/es\/","title":{"rendered":"Home"},"content":{"rendered":"<div id=\"pl-940\"  class=\"panel-layout\" ><div id=\"pg-940-0\"  class=\"panel-grid panel-has-style\" ><div class=\"panel-row-style panel-row-style-for-940-0\" ><div id=\"pgc-940-0-0\"  class=\"panel-grid-cell\" ><div id=\"panel-940-0-0-0\" class=\"so-panel widget widget_pw_image_banner widget-image-banner panel-first-child\" data-index=\"0\" >\t\t\t\t\t\t\t\t\t<a href=\"http:\/\/www.runakay-travel.com\/bolivia\/\" target=\"_self\" class=\"image-banner\">\n\t\t\t\t\t\t\t\t\t<img class=\"img-fluid  image-banner__image\" src=\"http:\/\/www.runakay-travel.com\/wp-content\/uploads\/2019\/07\/1-2-1.jpg\" alt=\"BOLIVIA\">\n\t\t\t\t\t<div class=\"image-banner__content  image-banner__content--big\">\n\t\t\t\t\t\t<div class=\"h3  image-banner__title\" style=\"color: #ffffff\">\n\t\t\t\t\t\t\tBOLIVIA\t\t\t\t\t\t<\/div>\n\t\t\t\t\t\t\t\t\t\t\t\t\t<p class=\"image-banner__text\" style=\"color: #ffffff\">\n\t\t\t\t\t\t\t\tBOLIVIEN\t\t\t\t\t\t\t<\/p>\n\t\t\t\t\t\t\t\t\t\t\t\t\t\t\t\t\t<\/div>\n\t\t\t\t\t\t\t\t\t<\/a>\n\t\t\t\t\t\t\t<\/div><div id=\"panel-940-0-0-1\" class=\"so-panel widget widget_pw_image_banner widget-image-banner\" data-index=\"1\" >\t\t\t\t\t\t\t\t\t<a href=\"http:\/\/www.runakay-travel.com\/peru\/\" target=\"_self\" class=\"image-banner\">\n\t\t\t\t\t\t\t\t\t<img class=\"img-fluid  image-banner__image\" src=\"http:\/\/www.runakay-travel.com\/wp-content\/uploads\/2019\/07\/1-2-2.jpg\" alt=\"PER\u00da\">\n\t\t\t\t\t<div class=\"image-banner__content  image-banner__content--big\">\n\t\t\t\t\t\t<div class=\"h3  image-banner__title\" style=\"color: #ffffff\">\n\t\t\t\t\t\t\tPER\u00da\t\t\t\t\t\t<\/div>\n\t\t\t\t\t\t\t\t\t\t\t\t\t<p class=\"image-banner__text\" style=\"color: #ffffff\">\n\t\t\t\t\t\t\t\tPERU\t\t\t\t\t\t\t<\/p>\n\t\t\t\t\t\t\t\t\t\t\t\t\t\t\t\t\t<\/div>\n\t\t\t\t\t\t\t\t\t<\/a>\n\t\t\t\t\t\t\t<\/div><div id=\"panel-940-0-0-2\" class=\"so-panel widget widget_pw_image_banner widget-image-banner panel-last-child\" data-index=\"2\" >\t\t\t\t\t\t\t\t\t<a href=\"http:\/\/www.runakay-travel.com\/europa\/\" target=\"_self\" class=\"image-banner\">\n\t\t\t\t\t\t\t\t\t<img class=\"img-fluid  image-banner__image\" src=\"http:\/\/www.runakay-travel.com\/wp-content\/uploads\/2019\/09\/Header-Eslovaquia-abajo.jpg\" alt=\"EUROPA\">\n\t\t\t\t\t<div class=\"image-banner__content  image-banner__content--big\">\n\t\t\t\t\t\t<div class=\"h3  image-banner__title\" style=\"color: #ffffff\">\n\t\t\t\t\t\t\tEUROPA\t\t\t\t\t\t<\/div>\n\t\t\t\t\t\t\t\t\t\t\t\t\t<p class=\"image-banner__text\" style=\"color: #ffffff\">\n\t\t\t\t\t\t\t\tEUROPA\t\t\t\t\t\t\t<\/p>\n\t\t\t\t\t\t\t\t\t\t\t\t\t\t\t\t\t<\/div>\n\t\t\t\t\t\t\t\t\t<\/a>\n\t\t\t\t\t\t\t<\/div><\/div><div id=\"pgc-940-0-1\"  class=\"panel-grid-cell\" ><div id=\"panel-940-0-1-0\" class=\"so-panel widget widget_pw_image_banner widget-image-banner panel-first-child\" data-index=\"3\" >\t\t\t\t\t\t\t\t\t<a href=\"http:\/\/www.runakay-travel.com\/alemania\/\" target=\"_self\" class=\"image-banner\">\n\t\t\t\t\t\t\t\t\t<img class=\"img-fluid  image-banner__image\" src=\"http:\/\/www.runakay-travel.com\/wp-content\/uploads\/2019\/07\/D.jpg\" alt=\"ALEMANIA\">\n\t\t\t\t\t<div class=\"image-banner__content  image-banner__content--big\">\n\t\t\t\t\t\t<div class=\"h3  image-banner__title\" style=\"color: #ffffff\">\n\t\t\t\t\t\t\tALEMANIA\t\t\t\t\t\t<\/div>\n\t\t\t\t\t\t\t\t\t\t\t\t\t<p class=\"image-banner__text\" style=\"color: #ffffff\">\n\t\t\t\t\t\t\t\tGERMANY - DEUTSCHLAND\t\t\t\t\t\t\t<\/p>\n\t\t\t\t\t\t\t\t\t\t\t\t\t\t\t\t\t<\/div>\n\t\t\t\t\t\t\t\t\t<\/a>\n\t\t\t\t\t\t\t<\/div><div id=\"panel-940-0-1-1\" class=\"so-panel widget widget_pw_image_banner widget-image-banner\" data-index=\"4\" >\t\t\t\t\t\t\t\t\t<a href=\"#\" target=\"_self\" class=\"image-banner\">\n\t\t\t\t\t\t\t\t\t<img class=\"img-fluid  image-banner__image\" src=\"http:\/\/www.runakay-travel.com\/wp-content\/uploads\/2019\/09\/Runakay.jpg\" alt=\"\">\n\t\t\t\t\t<div class=\"image-banner__content  image-banner__content--big\">\n\t\t\t\t\t\t<div class=\"h3  image-banner__title\" style=\"color: #ffffff\">\n\t\t\t\t\t\t\t\t\t\t\t\t\t<\/div>\n\t\t\t\t\t\t\t\t\t\t\t\t\t\t\t\t\t<\/div>\n\t\t\t\t\t\t\t\t\t<\/a>\n\t\t\t\t\t\t\t<\/div><div id=\"panel-940-0-1-2\" class=\"so-panel widget widget_pw_image_banner widget-image-banner panel-last-child\" data-index=\"5\" >\t\t\t\t\t\t\t\t\t<a href=\"http:\/\/www.runakay-travel.com\/slovensko\/\" target=\"_self\" class=\"image-banner\">\n\t\t\t\t\t\t\t\t\t<img class=\"img-fluid  image-banner__image\" src=\"http:\/\/www.runakay-travel.com\/wp-content\/uploads\/2025\/04\/SK-Bild-1.jpg\" alt=\"SLOVENSKO - SLOWAKEI \">\n\t\t\t\t\t<div class=\"image-banner__content  image-banner__content--big\">\n\t\t\t\t\t\t<div class=\"h3  image-banner__title\" style=\"color: #ffffff\">\n\t\t\t\t\t\t\tSLOVENSKO - SLOWAKEI \t\t\t\t\t\t<\/div>\n\t\t\t\t\t\t\t\t\t\t\t\t\t<p class=\"image-banner__text\" style=\"color: #ffffff\">\n\t\t\t\t\t\t\t\tTREKKING &amp; TRAVEL\t\t\t\t\t\t\t<\/p>\n\t\t\t\t\t\t\t\t\t\t\t\t\t\t\t\t\t<\/div>\n\t\t\t\t\t\t\t\t\t<\/a>\n\t\t\t\t\t\t\t<\/div><\/div><div id=\"pgc-940-0-2\"  class=\"panel-grid-cell\" ><div id=\"panel-940-0-2-0\" class=\"so-panel widget widget_pw_image_banner widget-image-banner panel-first-child\" data-index=\"6\" >\t\t\t\t\t\t\t\t\t<a href=\"http:\/\/www.runakay-travel.com\/bulgaria\/\" target=\"_self\" class=\"image-banner\">\n\t\t\t\t\t\t\t\t\t<img class=\"img-fluid  image-banner__image\" src=\"http:\/\/www.runakay-travel.com\/wp-content\/uploads\/2019\/07\/BG.jpg\" alt=\"BULGARIA\">\n\t\t\t\t\t<div class=\"image-banner__content  image-banner__content--big\">\n\t\t\t\t\t\t<div class=\"h3  image-banner__title\" style=\"color: #ffffff\">\n\t\t\t\t\t\t\tBULGARIA\t\t\t\t\t\t<\/div>\n\t\t\t\t\t\t\t\t\t\t\t\t\t<p class=\"image-banner__text\" style=\"color: #ffffff\">\n\t\t\t\t\t\t\t\tBULGARIEN\t\t\t\t\t\t\t<\/p>\n\t\t\t\t\t\t\t\t\t\t\t\t\t\t\t\t\t<\/div>\n\t\t\t\t\t\t\t\t\t<\/a>\n\t\t\t\t\t\t\t<\/div><div id=\"panel-940-0-2-1\" class=\"so-panel widget widget_pw_image_banner widget-image-banner\" data-index=\"7\" >\t\t\t\t\t\t\t\t\t<a href=\"http:\/\/www.runakay-travel.com\/rus\/\" target=\"_self\" class=\"image-banner\">\n\t\t\t\t\t\t\t\t\t<img class=\"img-fluid  image-banner__image\" src=\"http:\/\/www.runakay-travel.com\/wp-content\/uploads\/2025\/04\/RUS-Bild.jpg\" alt=\"RUSSLAND\">\n\t\t\t\t\t<div class=\"image-banner__content  image-banner__content--big\">\n\t\t\t\t\t\t<div class=\"h3  image-banner__title\" style=\"color: #ffffff\">\n\t\t\t\t\t\t\tRUSSLAND\t\t\t\t\t\t<\/div>\n\t\t\t\t\t\t\t\t\t\t\t\t\t<p class=\"image-banner__text\" style=\"color: #ffffff\">\n\t\t\t\t\t\t\t\t\u0420\u043e\u0441\u0441\u0438\u044f\t\t\t\t\t\t\t<\/p>\n\t\t\t\t\t\t\t\t\t\t\t\t\t\t\t\t\t<\/div>\n\t\t\t\t\t\t\t\t\t<\/a>\n\t\t\t\t\t\t\t<\/div><div id=\"panel-940-0-2-2\" class=\"so-panel widget widget_pw_image_banner widget-image-banner panel-last-child\" data-index=\"8\" >\t\t\t\t\t\t\t\t\t<a href=\"http:\/\/www.runakay-travel.com\/naturaleza\/\" target=\"_self\" class=\"image-banner\">\n\t\t\t\t\t\t\t\t\t<img class=\"img-fluid  image-banner__image\" src=\"http:\/\/www.runakay-travel.com\/wp-content\/uploads\/2019\/07\/Header00-Runakay-Travel-Alpenverein-Altitudes-Bolivia-KM-Turismo-01flags.jpg\" alt=\"NATURE PROJECT\">\n\t\t\t\t\t<div class=\"image-banner__content  image-banner__content--big\">\n\t\t\t\t\t\t<div class=\"h3  image-banner__title\" style=\"color: #ffffff\">\n\t\t\t\t\t\t\tNATURE PROJECT\t\t\t\t\t\t<\/div>\n\t\t\t\t\t\t\t\t\t\t\t\t\t<p class=\"image-banner__text\" style=\"color: #ffffff\">\n\t\t\t\t\t\t\t\tALPENVEREINE UND NATURFREUNDE\t\t\t\t\t\t\t<\/p>\n\t\t\t\t\t\t\t\t\t\t\t\t\t\t\t\t\t<\/div>\n\t\t\t\t\t\t\t\t\t<\/a>\n\t\t\t\t\t\t\t<\/div><\/div><\/div><\/div><div id=\"pg-940-1\"  class=\"panel-grid panel-no-style\" ><div id=\"pgc-940-1-0\"  class=\"panel-grid-cell\" ><div id=\"panel-940-1-0-0\" class=\"so-panel widget widget_pw_latest_posts widget-latest-posts panel-first-child panel-last-child\" data-index=\"9\" >\t\t\t\t\t\t<div class=\"latest-posts\">\n\t\t\t\t\t\t\t\t\t<a class=\"latest-posts__item\" href=\"https:\/\/www.runakay-travel.com\/es\/2026\/04\/05\/kaliningrad\/\" target=\"_blank\" style=\"background-image: url(https:\/\/www.runakay-travel.com\/wp-content\/uploads\/2026\/04\/Kaliningrad.jpg)\">\n\t\t\t\t\t\t<div class=\"latest-posts__date-container\">\n\t\t\t\t\t\t\t<div class=\"latest-posts__date\">\n\t\t\t\t\t\t\t\tApril 5\t\t\t\t\t\t\t<\/div>\n\t\t\t\t\t\t<\/div>\n\t\t\t\t\t\t<div class=\"latest-posts__content\">\n\t\t\t\t\t\t\t<h3 class=\"h3  latest-posts__title\">KALININGRAD<\/h3>\n\t\t\t\t\t\t\t\t\t\t\t\t\t\t\t<p class=\"latest-posts__text\">\n\t\t\t\t\t\t\t\t\t{:en}Mitte Juni 2026 plant Runakay Travel in Zusammenarbeit mit russischen Partnern vor &hellip;\t\t\t\t\t\t\t\t<\/p>\n\t\t\t\t\t\t\t\t\t\t\t\t\t<\/div>\n\t\t\t\t\t<\/a>\n\t\t\t\t\t\t\t\t\t<a class=\"latest-posts__item\" href=\"https:\/\/www.runakay-travel.com\/es\/2023\/04\/24\/kyrgyzstan\/\" target=\"_blank\" style=\"background-image: url(https:\/\/www.runakay-travel.com\/wp-content\/uploads\/2023\/04\/Kirgi-Panorama.jpg)\">\n\t\t\t\t\t\t<div class=\"latest-posts__date-container\">\n\t\t\t\t\t\t\t<div class=\"latest-posts__date\">\n\t\t\t\t\t\t\t\tApril 24\t\t\t\t\t\t\t<\/div>\n\t\t\t\t\t\t<\/div>\n\t\t\t\t\t\t<div class=\"latest-posts__content\">\n\t\t\t\t\t\t\t<h3 class=\"h3  latest-posts__title\">KIRGUIZIST\u00c1N<\/h3>\n\t\t\t\t\t\t\t\t\t\t\t\t\t\t\t<p class=\"latest-posts__text\">\n\t\t\t\t\t\t\t\t\tPaisajes impresionantes, cultura interesante, pernoctaciones en campamentos de yurtas y conocimientos sobre &hellip;\t\t\t\t\t\t\t\t<\/p>\n\t\t\t\t\t\t\t\t\t\t\t\t\t<\/div>\n\t\t\t\t\t<\/a>\n\t\t\t\t\t\t\t\t\t<a class=\"latest-posts__item  latest-posts__item--more-news\" href=\"https:\/\/www.runakay-travel.com\/es\/blog\/\" target=\"_blank\">\n\t\t\t\t\t\t<div class=\"h3  latest-posts__more-news\">More News <i class=\"fa fa-long-arrow-right\" aria-hidden=\"true\"><\/i><\/div>\n\t\t\t\t\t<\/a>\n\t\t\t\t\t\t\t\t\t<a class=\"latest-posts__item\" href=\"https:\/\/www.runakay-travel.com\/es\/2019\/10\/24\/traveltip2020\/\" target=\"_blank\" style=\"background-image: url(https:\/\/www.runakay-travel.com\/wp-content\/uploads\/2019\/08\/Bhutan3_Runakay-Travel-Altitudes-Bolivia-KM-Turismo-1024x683.jpg)\">\n\t\t\t\t\t\t<div class=\"latest-posts__date-container\">\n\t\t\t\t\t\t\t<div class=\"latest-posts__date\">\n\t\t\t\t\t\t\t\tOctober 24\t\t\t\t\t\t\t<\/div>\n\t\t\t\t\t\t<\/div>\n\t\t\t\t\t\t<div class=\"latest-posts__content\">\n\t\t\t\t\t\t\t<h3 class=\"h3  latest-posts__title\">Nuestro consejo para 2023<\/h3>\n\t\t\t\t\t\t\t\t\t\t\t\t\t\t\t<p class=\"latest-posts__text\">\n\t\t\t\t\t\t\t\t\t\u00bfQui\u00e9n necesita un consejo de viaje para 2023? Nuestra recomendaci\u00f3n es But\u00e1n. &hellip;\t\t\t\t\t\t\t\t<\/p>\n\t\t\t\t\t\t\t\t\t\t\t\t\t<\/div>\n\t\t\t\t\t<\/a>\n\t\t\t\t\t\t\t<\/div>\n\t\t\t\t\t<\/div><\/div><\/div><div id=\"pg-940-2\"  class=\"panel-grid panel-has-style\" ><div class=\"siteorigin-panels-stretch panel-row-style panel-row-style-for-940-2\" data-stretch-type=\"full\" ><div id=\"pgc-940-2-0\"  class=\"panel-grid-cell\" ><div id=\"panel-940-2-0-0\" class=\"so-panel widget widget_pw_call_to_action widget-call-to-action panel-first-child\" data-index=\"10\" >\t\t\t\t<div class=\"call-to-action\">\n\t\t\t\t\t<div class=\"call-to-action__text\">\n\t\t\t\t\t\t<h2 class=\"call-to-action__title\">\n\t\t\t\t\t\t\tAlemania y Europa Oriental  <span style=\"color: #ffffff;font-weight: 300\">- Su viaje individual<\/span>\t\t\t\t\t\t<\/h2>\n\t\t\t\t\t\t\t\t\t\t\t\t<p class=\"call-to-action__subtitle\">\n\t\t\t\t\t\t\tALEMANIA, BULGARIA, CHECA, ESLOVAQUIA, POLONIA - con organizaci\u00f3n HECHO EN ALEMANIA\t\t\t\t\t\t<\/p>\n\t\t\t\t\t\t\t\t\t\t\t<\/div>\n\t\t\t\t\t<div class=\"call-to-action__button\">\n\t\t\t\t\t\t<a class=\"btn  btn-light\" href=\"http:\/\/www.runakay-travel.com\/individuales\" target=\"_self\"> INFO<\/a>  \t\t\t\t\t<\/div>\n\t\t\t\t<\/div>\n\t\t\t<\/div><div id=\"panel-940-2-0-1\" class=\"so-panel widget widget_pw_call_to_action widget-call-to-action\" data-index=\"11\" >\t\t\t\t<div class=\"call-to-action\">\n\t\t\t\t\t<div class=\"call-to-action__text\">\n\t\t\t\t\t\t<h2 class=\"call-to-action__title\">\n\t\t\t\t\t\t\tThe southern part of South America  <span style=\"color: #ffffff;font-weight: 300\">- Your personal trip<\/span>\t\t\t\t\t\t<\/h2>\n\t\t\t\t\t\t\t\t\t\t\t\t<p class=\"call-to-action__subtitle\">\n\t\t\t\t\t\t\tBOLIVIA, CHILE, PERU - with organization MADE IN GERMANY\t\t\t\t\t\t<\/p>\n\t\t\t\t\t\t\t\t\t\t\t<\/div>\n\t\t\t\t\t<div class=\"call-to-action__button\">\n\t\t\t\t\t\t<a class=\"btn  btn-light\" href=\"http:\/\/www.runakay-travel.com\/individualen\" target=\"_self\"> INFO<\/a> \t\t\t\t\t<\/div>\n\t\t\t\t<\/div>\n\t\t\t<\/div><div id=\"panel-940-2-0-2\" class=\"so-panel widget widget_pw_call_to_action widget-call-to-action panel-last-child\" data-index=\"12\" >\t\t\t\t<div class=\"call-to-action\">\n\t\t\t\t\t<div class=\"call-to-action__text\">\n\t\t\t\t\t\t<h2 class=\"call-to-action__title\">\n\t\t\t\t\t\t\tS\u00fcdliches S\u00fcdamerika  <span style=\"color: #ffffff;font-weight: 300\">- Ihre pers\u00f6nliche Reise<\/span>\t\t\t\t\t\t<\/h2>\n\t\t\t\t\t\t\t\t\t\t\t\t<p class=\"call-to-action__subtitle\">\n\t\t\t\t\t\t\tBOLIVIA, CHILE, PERU - komplett mit deutscher Organisation\t\t\t\t\t\t<\/p>\n\t\t\t\t\t\t\t\t\t\t\t<\/div>\n\t\t\t\t\t<div class=\"call-to-action__button\">\n\t\t\t\t\t\t<a class=\"btn  btn-light\" href=\"http:\/\/www.runakay-travel.com\/individualde\" target=\"_self\"> INFO<\/a> \t\t\t\t\t<\/div>\n\t\t\t\t<\/div>\n\t\t\t<\/div><\/div><\/div><\/div><div id=\"pg-940-3\"  class=\"panel-grid panel-no-style\" ><div id=\"pgc-940-3-0\"  class=\"panel-grid-cell panel-grid-cell-empty panel-grid-cell-mobile-last\" ><\/div><div id=\"pgc-940-3-1\"  class=\"panel-grid-cell panel-grid-cell-empty\" ><\/div><\/div><div id=\"pg-940-4\"  class=\"panel-grid panel-no-style\" ><div id=\"pgc-940-4-0\"  class=\"panel-grid-cell\" ><div id=\"panel-940-4-0-0\" class=\"so-panel widget widget_text panel-first-child\" data-index=\"13\" ><h3 class=\"widget-title\"><span class=\"widget-title__inline\">Proximos tours \/ Upcoming trips\/Kommende Reisen<\/span><\/h3>\t\t\t<div class=\"textwidget\"><\/div>\n\t\t<\/div><div id=\"panel-940-4-0-1\" class=\"so-panel widget widget_pw_timetable widget-timetable\" data-index=\"14\" ><div class=\"panel-widget-style panel-widget-style-for-940-4-0-1\" >\t\t\t<div class=\"timetable\">\n\t\t\t\t\t\t\t\t\t\t\t\t<div class=\"timetable__item\">\n\t\t\t\t\t\t\t\t\t<div class=\"timetable__date\">\n\t\t\t\t\t\t<span class=\"timetable__month\">15. Juni<\/span>\n\t\t\t\t\t\t<span class=\"timetable__day\">2026<\/span>\n\t\t\t\t\t<\/div>\n\t\t\t\t\t<div class=\"timetable__content\">\n\t\t\t\t\t\t<div class=\"h6  timetable__title\">\n\t\t\t\t\t\t\tMagisches Kaliningrad\t\t\t\t\t\t<\/div>\n\t\t\t\t\t\t<div class=\"timetable__description\">\n\t\t\t\t\t\t\tDEUTSCH\t\t\t\t\t\t<\/div>\n\t\t\t\t\t\t<div class=\"timetable__price\">\n\t\t\t\t\t\t\tAUF ANFRAGE - PROGRAMM FOLGT\t\t\t\t\t\t<\/div>\n\t\t\t\t\t<\/div>\n\t\t\t\t\t\t\t\t\t<\/div>\n\t\t\t\t\t\t\t\t\t\t\t\t\t\t\t\t<div class=\"timetable__item\">\n\t\t\t\t\t\t\t\t\t<div class=\"timetable__date\">\n\t\t\t\t\t\t<span class=\"timetable__month\">05. SEPT.<\/span>\n\t\t\t\t\t\t<span class=\"timetable__day\">2026<\/span>\n\t\t\t\t\t<\/div>\n\t\t\t\t\t<div class=\"timetable__content\">\n\t\t\t\t\t\t<div class=\"h6  timetable__title\">\n\t\t\t\t\t\t\tNIEDERE TATRA\t\t\t\t\t\t<\/div>\n\t\t\t\t\t\t<div class=\"timetable__description\">\n\t\t\t\t\t\t\t\u00dcBERSCHREITUNG HAUPTKAMM\t\t\t\t\t\t<\/div>\n\t\t\t\t\t\t<div class=\"timetable__price\">\n\t\t\t\t\t\t\tAUSGEBUCHT\t\t\t\t\t\t<\/div>\n\t\t\t\t\t<\/div>\n\t\t\t\t\t\t\t\t\t<\/div>\n\t\t\t\t\t\t\t\t\t\t\t\t\t\t\t\t<div class=\"timetable__item\">\n\t\t\t\t\t\t\t\t\t<div class=\"timetable__date\">\n\t\t\t\t\t\t<span class=\"timetable__month\">25. SEPT.<\/span>\n\t\t\t\t\t\t<span class=\"timetable__day\">2026<\/span>\n\t\t\t\t\t<\/div>\n\t\t\t\t\t<div class=\"timetable__content\">\n\t\t\t\t\t\t<div class=\"h6  timetable__title\">\n\t\t\t\t\t\t\tBOLIVIEN\t\t\t\t\t\t<\/div>\n\t\t\t\t\t\t<div class=\"timetable__description\">\n\t\t\t\t\t\t\tTOUR AUF DEUTSCH\t\t\t\t\t\t<\/div>\n\t\t\t\t\t\t<div class=\"timetable__price\">\n\t\t\t\t\t\t\t3 PL\u00c4TZE FREI\t\t\t\t\t\t<\/div>\n\t\t\t\t\t<\/div>\n\t\t\t\t\t\t\t\t\t<\/div>\n\t\t\t\t\t\t\t\t\t\t\t\t\t\t\t\t<div class=\"timetable__item\">\n\t\t\t\t\t\t\t\t\t<div class=\"timetable__date\">\n\t\t\t\t\t\t<span class=\"timetable__month\">17. OKT<\/span>\n\t\t\t\t\t\t<span class=\"timetable__day\">2026<\/span>\n\t\t\t\t\t<\/div>\n\t\t\t\t\t<div class=\"timetable__content\">\n\t\t\t\t\t\t<div class=\"h6  timetable__title\">\n\t\t\t\t\t\t\tBOLIVIEN\t\t\t\t\t\t<\/div>\n\t\t\t\t\t\t<div class=\"timetable__description\">\n\t\t\t\t\t\t\t2. TOUR AUF DEUTSCH\t\t\t\t\t\t<\/div>\n\t\t\t\t\t\t<div class=\"timetable__price\">\n\t\t\t\t\t\t\tPL\u00c4TZE FREI\t\t\t\t\t\t<\/div>\n\t\t\t\t\t<\/div>\n\t\t\t\t\t\t\t\t\t<\/div>\n\t\t\t\t\t\t\t\t\t\t<\/div>\n\t\t<\/div><\/div><div id=\"panel-940-4-0-2\" class=\"so-panel widget widget_sow-editor panel-last-child\" data-index=\"15\" ><div class=\"so-widget-sow-editor so-widget-sow-editor-base\">\n<div class=\"siteorigin-widget-tinymce textwidget\">\n\t<p><img decoding=\"async\" loading=\"lazy\" class=\"alignnone size-full wp-image-2677\" src=\"http:\/\/www.runakay-travel.com\/wp-content\/uploads\/2019\/08\/MADE-IN-GERMANY.jpg\" alt=\"\" width=\"1000\" height=\"250\" srcset=\"https:\/\/www.runakay-travel.com\/wp-content\/uploads\/2019\/08\/MADE-IN-GERMANY.jpg 1000w, https:\/\/www.runakay-travel.com\/wp-content\/uploads\/2019\/08\/MADE-IN-GERMANY-300x75.jpg 300w, https:\/\/www.runakay-travel.com\/wp-content\/uploads\/2019\/08\/MADE-IN-GERMANY-768x192.jpg 768w, https:\/\/www.runakay-travel.com\/wp-content\/uploads\/2019\/08\/MADE-IN-GERMANY-600x150.jpg 600w\" sizes=\"(max-width: 1000px) 100vw, 1000px\" \/><\/p>\n<\/div>\n<\/div><\/div><\/div><div id=\"pgc-940-4-1\"  class=\"panel-grid-cell\" ><div id=\"panel-940-4-1-0\" class=\"so-panel widget widget_sow-editor panel-first-child panel-last-child\" data-index=\"16\" ><div class=\"so-widget-sow-editor so-widget-sow-editor-base\">\n<div class=\"siteorigin-widget-tinymce textwidget\">\n\t<h4>Turismo Incoming (Espa\u00f1ol) Alemania y Europa Oriental<\/h4>\n<p>&nbsp;<\/p>\n<p style=\"font-size: 15px;\"><a class=\"btn  btn-outline-primary\" href=\"http:\/\/www.runakay-travel.com\/incominges\" target=\"_self\"> M\u00e1s informaciones<\/a><\/p>\n<hr class=\"hr--dashed\" \/>\n<h4>Incoming travel (English) Bolivia, Chile, Peru<\/h4>\n<p>&nbsp;<\/p>\n<a class=\"btn  btn-outline-primary\" href=\"http:\/\/www.runakay-travel.com\/incomingen\" target=\"_self\"> More informations<\/a>\n<hr \/>\n<h4>Incoming Tourismus (Deutsch) Bolivien, Chile, Peru<\/h4>\n<p>&nbsp;<\/p>\n<p style=\"font-size: 15px;\"><a class=\"btn  btn-outline-primary\" href=\"http:\/\/www.runakay-travel.com\/incomingde\/\" target=\"_self\"> Weitere Informationen<\/a><\/p>\n<hr class=\"hr--dashed\" \/>\n<p>&nbsp;<\/p>\n<\/div>\n<\/div><\/div><\/div><\/div><\/div>","protected":false},"excerpt":{"rendered":"<p>Proximos tours \/ Upcoming trips\/Kommende Reisen Turismo Incoming (Espa\u00f1ol) Alemania y Europa Oriental &nbsp; Incoming travel (English) Bolivia, Chile, Peru &nbsp; Incoming Tourismus (Deutsch) Bolivien, Chile, Peru &nbsp; &nbsp;<\/p>\n","protected":false},"author":1,"featured_media":0,"parent":0,"menu_order":0,"comment_status":"closed","ping_status":"closed","template":"template-front-page-slider.php","meta":[],"_links":{"self":[{"href":"https:\/\/www.runakay-travel.com\/es\/wp-json\/wp\/v2\/pages\/940"}],"collection":[{"href":"https:\/\/www.runakay-travel.com\/es\/wp-json\/wp\/v2\/pages"}],"about":[{"href":"https:\/\/www.runakay-travel.com\/es\/wp-json\/wp\/v2\/types\/page"}],"author":[{"embeddable":true,"href":"https:\/\/www.runakay-travel.com\/es\/wp-json\/wp\/v2\/users\/1"}],"replies":[{"embeddable":true,"href":"https:\/\/www.runakay-travel.com\/es\/wp-json\/wp\/v2\/comments?post=940"}],"version-history":[{"count":281,"href":"https:\/\/www.runakay-travel.com\/es\/wp-json\/wp\/v2\/pages\/940\/revisions"}],"predecessor-version":[{"id":10103,"href":"https:\/\/www.runakay-travel.com\/es\/wp-json\/wp\/v2\/pages\/940\/revisions\/10103"}],"wp:attachment":[{"href":"https:\/\/www.runakay-travel.com\/es\/wp-json\/wp\/v2\/media?parent=940"}],"curies":[{"name":"wp","href":"https:\/\/api.w.org\/{rel}","templated":true}]}}